{"id":19549,"date":"2025-04-09T14:02:13","date_gmt":"2025-04-09T07:02:13","guid":{"rendered":"https:\/\/phanimmigration.com\/?page_id=19549"},"modified":"2025-07-03T10:33:26","modified_gmt":"2025-07-03T03:33:26","slug":"dinh-cu-canada-dien-doanh-nhan-cptpp-t50","status":"publish","type":"page","link":"https:\/\/phanimmigration.com\/vi\/dinh-cu-canada-dien-doanh-nhan-cptpp-t50\/","title":{"rendered":"\u0110\u1ecbnh c\u01b0 Canada di\u1ec7n \u0111\u1ea7u t\u01b0 theo ch\u01b0\u01a1ng tr\u00ecnh CPTPP-T50"},"content":{"rendered":"<p><em>B\u1ea1n \u0111ang t\u00ecm ki\u1ebfm c\u01a1 h\u1ed9i \u0111\u1ecbnh c\u01b0 Canada theo di\u1ec7n doanh nh\u00e2n? <strong>Ch\u01b0\u01a1ng tr\u00ecnh \u0111\u1ecbnh c\u01b0 Canada di\u1ec7n doanh nh\u00e2n CPTPP \u2013 T50<\/strong> c\u00f3 th\u1ec3 l\u00e0 l\u1ef1a ch\u1ecdn tuy\u1ec7t v\u1eddi d\u00e0nh cho b\u1ea1n. \u0110\u00e2y l\u00e0 m\u1ed9t ch\u01b0\u01a1ng tr\u00ecnh \u0111\u1eb7c bi\u1ec7t \u0111\u01b0\u1ee3c thi\u1ebft k\u1ebf \u0111\u1ec3 thu h\u00fat c\u00e1c doanh nh\u00e2n v\u00e0 nh\u00e0 \u0111\u1ea7u t\u01b0 t\u1eeb c\u00e1c qu\u1ed1c gia th\u00e0nh vi\u00ean CPTPP \u0111\u1ebfn Canada. Th\u00f4ng qua vi\u1ec7c th\u00e0nh l\u1eadp ho\u1eb7c mua l\u1ea1i doanh nghi\u1ec7p ti\u1ec1m n\u0103ng, b\u1ea1n kh\u00f4ng ch\u1ec9 \u0111\u00f3ng g\u00f3p v\u00e0o n\u1ec1n kinh t\u1ebf Canada m\u00e0 c\u00f2n m\u1edf ra c\u01a1 h\u1ed9i \u0111\u1ecbnh c\u01b0 l\u00e2u d\u00e0i cho c\u1ea3 gia \u0111\u00ecnh. C\u00f9ng Phan Immigration t\u00ecm hi\u1ec3u trong b\u00e0i vi\u1ebft d\u01b0\u1edbi \u0111\u00e2y nh\u00e9!<\/em><\/p>\n<h2>Hi\u1ec7p \u0111\u1ecbnh th\u01b0\u01a1ng m\u1ea1i CPTPP \u2013 T50 t\u1ea1i khu v\u1ef1c ch\u00e2u \u00c1 \u2013 Th\u00e1i B\u00ecnh D\u01b0\u01a1ng<\/h2>\n<h3>Hi\u1ec7p \u0111\u1ecbnh th\u01b0\u01a1ng m\u1ea1i CPTPP \u2013 T50 l\u00e0 g\u00ec?<\/h3>\n<p>Hi\u1ec7p \u0111\u1ecbnh th\u01b0\u01a1ng m\u1ea1i CPTPP \u2013 T50 (vi\u1ebft t\u1eaft c\u1ee7a Comprehensive and Progressive Agreement for Trans-Pacific Partnership) l\u00e0 m\u1ed9t hi\u1ec7p \u0111\u1ecbnh th\u01b0\u01a1ng m\u1ea1i t\u1ef1 do quan tr\u1ecdng gi\u1eefa 11 qu\u1ed1c gia th\u00e0nh vi\u00ean: Canada, \u00dac, Nh\u1eadt B\u1ea3n, Mexico, New Zealand, Singapore, Vi\u1ec7t Nam, Brunei, Peru, Malaysia v\u00e0 Chile. CPTPP ch\u00ednh th\u1ee9c c\u00f3 hi\u1ec7u l\u1ef1c t\u1eeb th\u00e1ng 12 n\u0103m 2018, sau khi \u0111\u01b0\u1ee3c ph\u00ea chu\u1ea9n b\u1edfi s\u00e1u qu\u1ed1c gia \u0111\u1ea7u ti\u00ean, bao g\u1ed3m Canada.<\/p>\n<p><strong>M\u1ee5c ti\u00eau ch\u00ednh c\u1ee7a hi\u1ec7p \u0111\u1ecbnh CPTPP l\u00e0:<\/strong><\/p>\n<ul>\n<li>T\u0103ng c\u01b0\u1eddng v\u00e0 m\u1edf r\u1ed9ng quan h\u1ec7 kinh t\u1ebf gi\u1eefa c\u00e1c n\u01b0\u1edbc th\u00e0nh vi\u00ean, th\u00fac \u0111\u1ea9y t\u0103ng tr\u01b0\u1edfng kinh t\u1ebf v\u00e0 t\u1ea1o ra c\u00e1c c\u01a1 h\u1ed9i h\u1ee3p t\u00e1c kinh t\u1ebf s\u00e2u r\u1ed9ng trong khu v\u1ef1c ch\u00e2u \u00c1 &#8211; Th\u00e1i B\u00ecnh D\u01b0\u01a1ng.<\/li>\n<li>C\u1ea3i thi\u1ec7n ch\u1ea5t l\u01b0\u1ee3ng v\u00e0 \u0111\u1ed5i m\u1edbi m\u00f4i tr\u01b0\u1eddng kinh doanh th\u00f4ng qua vi\u1ec7c c\u1eaft gi\u1ea3m thu\u1ebf quan, \u0111\u1ed3ng th\u1eddi gi\u1ea3m thi\u1ec3u c\u00e1c r\u00e0o c\u1ea3n \u0111\u1ed1i v\u1edbi vi\u1ec7c chuy\u1ec3n nh\u01b0\u1ee3ng h\u00e0ng h\u00f3a v\u00e0 d\u1ecbch v\u1ee5.<\/li>\n<li>T\u0103ng c\u01b0\u1eddng c\u00e1c ti\u00eau chu\u1ea9n v\u00e0 quy \u0111\u1ecbnh v\u1ec1 b\u1ea3o v\u1ec7 quy\u1ec1n c\u1ee7a ng\u01b0\u1eddi lao \u0111\u1ed9ng v\u00e0 b\u1ea3o v\u1ec7 m\u00f4i tr\u01b0\u1eddng.<\/li>\n<li>Gi\u00fap c\u00e1c qu\u1ed1c gia th\u00e0nh vi\u00ean n\u00e2ng cao kh\u1ea3 n\u0103ng c\u1ea1nh tranh trong khu v\u1ef1c, \u0111\u1eb7c bi\u1ec7t trong b\u1ed1i c\u1ea3nh Trung Qu\u1ed1c kh\u00f4ng tham gia hi\u1ec7p \u0111\u1ecbnh n\u00e0y, c\u0169ng nh\u01b0 t\u1ea1o ra m\u1ed9t th\u1ecb tr\u01b0\u1eddng l\u1edbn h\u01a1n v\u00e0 h\u1ea5p d\u1eabn h\u01a1n cho c\u00e1c doanh nghi\u1ec7p v\u00e0 nh\u00e0 \u0111\u1ea7u t\u01b0.<\/li>\n<\/ul>\n<figure id=\"attachment_19550\" aria-describedby=\"caption-attachment-19550\" style=\"width: 755px\" class=\"wp-caption aligncenter\"><img fetchpriority=\"high\" decoding=\"async\" src=\"https:\/\/phanimmigration.com\/wp-content\/uploads\/2025\/04\/dinh-cu-canada-chuong-trinh-cptpp-t50-1.jpg\" alt=\"Hi\u1ec7p \u0111\u1ecbnh CPTPP gi\u00fap m\u1edf r\u1ed9ng quan h\u1ec7 kinh t\u1ebf gi\u1eefa c\u00e1c th\u00e0nh vi\u00ean\" width=\"755\" height=\"503\" \/><figcaption id=\"caption-attachment-19550\" class=\"wp-caption-text\">Hi\u1ec7p \u0111\u1ecbnh CPTPP gi\u00fap m\u1edf r\u1ed9ng quan h\u1ec7 kinh t\u1ebf gi\u1eefa c\u00e1c th\u00e0nh vi\u00ean<\/figcaption><\/figure>\n<p>Ngo\u00e0i ch\u01b0\u01a1ng tr\u00ecnh n\u00e0y, n\u1ebfu b\u1ea1n s\u1edf h\u1eefu \u00fd t\u01b0\u1edfng kh\u1edfi nghi\u1ec7p c\u00f4ng ngh\u1ec7, h\u00e3y t\u00ecm hi\u1ec3u th\u00eam v\u1ec1 <a href=\"https:\/\/phanimmigration.com\/vi\/chuong-trinh-dinh-cu-canada-dien-start-up-visa-suv\/\">\u0111\u1ecbnh c\u01b0 Canada startup<\/a> \u2013 l\u1ed9 tr\u00ecnh d\u00e0nh ri\u00eang cho doanh nh\u00e2n \u0111\u1ed5i m\u1edbi s\u00e1ng t\u1ea1o.<\/p>\n<h3>C\u01a1 h\u1ed9i \u0111\u1ea7u t\u01b0 d\u00e0nh ri\u00eang cho doanh nh\u00e2n Vi\u1ec7t Nam<\/h3>\n<p>Vi\u1ec7t Nam ch\u00ednh th\u1ee9c gia nh\u1eadp Hi\u1ec7p \u0111\u1ecbnh \u0110\u1ed1i t\u00e1c To\u00e0n di\u1ec7n v\u00e0 Ti\u1ebfn b\u1ed9 xuy\u00ean Th\u00e1i B\u00ecnh D\u01b0\u01a1ng (CPTPP) v\u00e0o ng\u00e0y 14 th\u00e1ng 1 n\u0103m 2019. Trong khu\u00f4n kh\u1ed5 ch\u01b0\u01a1ng tr\u00ecnh \u0111\u1ecbnh c\u01b0 Canada di\u1ec7n doanh nh\u00e2n CPTPP \u2013 T50, c\u00f4ng d\u00e2n Vi\u1ec7t Nam c\u00f9ng v\u1ee3\/ch\u1ed3ng v\u00e0 con c\u00e1i ph\u1ee5 thu\u1ed9c c\u00f3 th\u1ec3 \u0111\u1ee7 \u0111i\u1ec1u ki\u1ec7n \u0111\u1ec3 xin visa l\u00e0m vi\u1ec7c t\u1ea1i Canada v\u1edbi th\u1eddi h\u1ea1n l\u00ean \u0111\u1ebfn 1 n\u0103m, nh\u1eb1m m\u1ee5c \u0111\u00edch \u0111\u1ea7u t\u01b0 th\u00e0nh l\u1eadp doanh nghi\u1ec7p m\u1edbi ho\u1eb7c mua l\u1ea1i m\u1ed9t doanh nghi\u1ec7p s\u1eb5n c\u00f3 t\u1ea1i Canada, qua \u0111\u00f3 mang l\u1ea1i l\u1ee3i \u00edch kinh t\u1ebf cho c\u1ea3 hai b\u00ean. Hi\u1ec7u l\u1ef1c c\u1ee7a visa n\u00e0y c\u00f3 th\u1ec3 \u0111\u01b0\u1ee3c gia h\u1ea1n sau 1 n\u0103m, t\u00f9y thu\u1ed9c v\u00e0o s\u1ef1 ph\u00e1t tri\u1ec3n v\u00e0 hi\u1ec7u qu\u1ea3 ho\u1ea1t \u0111\u1ed9ng kinh doanh c\u1ee7a doanh nghi\u1ec7p.<\/p>\n<h2>Nh\u1eefng l\u1ee3i \u00edch n\u1ed5i b\u1eadt c\u1ee7a ch\u01b0\u01a1ng tr\u00ecnh<\/h2>\n<p>Ch\u01b0\u01a1ng tr\u00ecnh \u0111\u1ecbnh c\u01b0 Canada di\u1ec7n doanh nh\u00e2n CPTPP \u2013 T50 m\u1edf ra c\u01a1 h\u1ed9i \u0111\u1ecbnh c\u01b0 h\u1ea5p d\u1eabn cho c\u00e1c nh\u00e0 \u0111\u1ea7u t\u01b0 v\u1edbi nhi\u1ec1u \u01b0u \u0111i\u1ec3m v\u01b0\u1ee3t tr\u1ed9i nh\u01b0 sau:<\/p>\n<ul>\n<li>Nh\u00e0 \u0111\u1ea7u t\u01b0 kh\u00f4ng c\u1ea7n ph\u1ea3i ch\u1ee9ng minh ngu\u1ed3n g\u1ed1c s\u1ed1 ti\u1ec1n \u0111\u1ea7u t\u01b0, gi\u00fap ti\u1ebft ki\u1ec7m \u0111\u00e1ng k\u1ec3 th\u1eddi gian v\u00e0 c\u00f4ng s\u1ee9c chu\u1ea9n b\u1ecb h\u1ed3 s\u01a1.<\/li>\n<li>Ch\u01b0\u01a1ng tr\u00ecnh kh\u00f4ng y\u00eau c\u1ea7u m\u1ee9c \u0111\u1ea7u t\u01b0 t\u1ed1i thi\u1ec3u, t\u1ea1o \u0111i\u1ec1u ki\u1ec7n cho nh\u00e0 \u0111\u1ea7u t\u01b0 t\u1ef1 do l\u1ef1a ch\u1ecdn quy m\u00f4 \u0111\u1ea7u t\u01b0 ph\u00f9 h\u1ee3p v\u1edbi kh\u1ea3 n\u0103ng t\u00e0i ch\u00ednh v\u00e0 k\u1ebf ho\u1ea1ch kinh doanh.<\/li>\n<li>Kh\u00f4ng c\u1ea7n ph\u1ea3i c\u1ea1nh tranh kh\u1ed1c li\u1ec7t hay ch\u1edd \u0111\u1ee3i th\u01b0 m\u1eddi n\u1ed9p h\u1ed3 s\u01a1, nh\u00e0 \u0111\u1ea7u t\u01b0 c\u00f3 th\u1ec3 ch\u1ee7 \u0111\u1ed9ng n\u1ed9p h\u1ed3 s\u01a1, r\u00fat ng\u1eafn th\u1eddi gian x\u00e9t duy\u1ec7t.<\/li>\n<li>Nh\u00e0 \u0111\u1ea7u t\u01b0 \u0111\u01b0\u1ee3c ph\u00e9p tri\u1ec3n khai ho\u1ea1t \u0111\u1ed9ng kinh doanh \u1edf b\u1ea5t k\u1ef3 t\u1ec9nh bang ho\u1eb7c v\u00f9ng l\u00e3nh th\u1ed5 n\u00e0o tr\u00ean kh\u1eafp Canada, t\u00f9y theo chi\u1ebfn l\u01b0\u1ee3c v\u00e0 m\u1ee5c ti\u00eau kinh doanh c\u1ee7a m\u00ecnh.<\/li>\n<\/ul>\n<p>V\u1edbi nh\u1eefng l\u1ee3i th\u1ebf n\u1ed5i b\u1eadt n\u00eau tr\u00ean, ch\u01b0\u01a1ng tr\u00ecnh n\u00e0y l\u00e0 l\u1ef1a ch\u1ecdn l\u00fd t\u01b0\u1edfng cho c\u00e1c nh\u00e0 \u0111\u1ea7u t\u01b0 c\u00f3 t\u1ea7m nh\u00ecn d\u00e0i h\u1ea1n, mong mu\u1ed1n \u0111\u1ecbnh c\u01b0 v\u1eefng ch\u1eafc t\u1ea1i Canada.<\/p>\n<figure id=\"attachment_19552\" aria-describedby=\"caption-attachment-19552\" style=\"width: 755px\" class=\"wp-caption aligncenter\"><img decoding=\"async\" src=\"https:\/\/phanimmigration.com\/wp-content\/uploads\/2025\/04\/dinh-cu-canada-chuong-trinh-cptpp-t50-2.jpg\" alt=\"C\u01a1 h\u1ed9i \u0111\u1ecbnh c\u01b0 Canada h\u1ea5p d\u1eabn v\u1edbi ch\u01b0\u01a1ng tr\u00ecnh CPTPP - T50\" width=\"755\" height=\"503\" \/><figcaption id=\"caption-attachment-19552\" class=\"wp-caption-text\">C\u01a1 h\u1ed9i \u0111\u1ecbnh c\u01b0 Canada h\u1ea5p d\u1eabn v\u1edbi ch\u01b0\u01a1ng tr\u00ecnh CPTPP &#8211; T50<\/figcaption><\/figure>\n<p>B\u00ean c\u1ea1nh CPTPP, nhi\u1ec1u nh\u00e0 \u0111\u1ea7u t\u01b0 c\u0169ng c\u00e2n nh\u1eafc <a href=\"https:\/\/phanimmigration.com\/vi\/dinh-cu-canada\/dien-dau-tu\/\">\u0111\u1ecbnh c\u01b0 Canada theo di\u1ec7n \u0111\u1ea7u t\u01b0<\/a> truy\u1ec1n th\u1ed1ng v\u1edbi y\u00eau c\u1ea7u v\u1ed1n t\u1ed1i thi\u1ec3u nh\u01b0ng th\u1ee7 t\u1ee5c r\u00f5 r\u00e0ng.<\/p>\n<h2>Ai \u0111\u1ee7 \u0111i\u1ec1u ki\u1ec7n tham gia ch\u01b0\u01a1ng tr\u00ecnh CPTPP \u2013 T50 t\u1ea1i Canada?<\/h2>\n<p>Ch\u01b0\u01a1ng tr\u00ecnh \u0111\u1ecbnh c\u01b0 Canada di\u1ec7n doanh nh\u00e2n CPTPP \u2013 T50 ph\u00f9 h\u1ee3p v\u1edbi nh\u1eefng \u1ee9ng vi\u00ean \u0111\u00e3 c\u00f3 kinh nghi\u1ec7m qu\u1ea3n l\u00fd doanh nghi\u1ec7p ho\u1eb7c kinh nghi\u1ec7m qu\u1ea3n l\u00fd c\u1ea5p cao (nh\u01b0 tr\u01b0\u1edfng ph\u00f2ng, t\u1ed5ng gi\u00e1m \u0111\u1ed1c). \u0110\u1ec3 tr\u1edf th\u00e0nh \u1ee9ng vi\u00ean ti\u1ec1m n\u0103ng cho ch\u01b0\u01a1ng tr\u00ecnh, nh\u00e0 \u0111\u1ea7u t\u01b0 c\u1ea7n \u0111\u00e1p \u1ee9ng c\u00e1c ti\u00eau ch\u00ed sau:<\/p>\n<ul>\n<li>N\u1eafm gi\u1eef t\u1ed1i thi\u1ec3u 50% c\u1ed5 ph\u1ea7n trong doanh nghi\u1ec7p t\u1ea1i Canada.<\/li>\n<li>Th\u1ef1c hi\u1ec7n \u0111\u1ea7u t\u01b0 m\u1ed9t ngu\u1ed3n v\u1ed1n \u0111\u1ee7 l\u1edbn, c\u00f3 kh\u1ea3 n\u0103ng mang l\u1ea1i l\u1ee3i \u00edch kinh t\u1ebf thi\u1ebft th\u1ef1c cho \u0111\u1ea5t n\u01b0\u1edbc Canada.<\/li>\n<li>Ch\u1ee9ng minh \u0111\u01b0\u1ee3c kho\u1ea3n \u0111\u1ea7u t\u01b0 c\u1ee7a m\u00ecnh \u0111\u00e3 th\u1ef1c hi\u1ec7n ho\u1eb7c \u0111ang trong giai \u0111o\u1ea1n tri\u1ec3n khai.<\/li>\n<li>C\u00f3 kinh nghi\u1ec7m qu\u1ea3n l\u00fd doanh nghi\u1ec7p v\u1edbi vai tr\u00f2 l\u00e0 ch\u1ee7 s\u1edf h\u1eefu ho\u1eb7c \u0111\u00e3 t\u1eebng gi\u1eef c\u00e1c v\u1ecb tr\u00ed qu\u1ea3n l\u00fd c\u1ea5p cao.<\/li>\n<\/ul>\n<h2>Quy tr\u00ecnh x\u00e9t duy\u1ec7t ch\u01b0\u01a1ng tr\u00ecnh CPTPP \u2013 T50<\/h2>\n<p>Sau \u0111\u00e2y l\u00e0 c\u00e1c b\u01b0\u1edbc ch\u00ednh trong quy tr\u00ecnh x\u00e9t duy\u1ec7t chi ti\u1ebft c\u1ee7a ch\u01b0\u01a1ng tr\u00ecnh CPTPP \u2013 T50:<\/p>\n<h3>B\u01b0\u1edbc 1: \u0110\u00e1nh gi\u00e1 v\u00e0 th\u1ea9m \u0111\u1ecbnh h\u1ed3 s\u01a1<\/h3>\n<ul>\n<li>Xem x\u00e9t k\u1ef9 l\u01b0\u1ee1ng h\u1ed3 s\u01a1 c\u1ee7a \u1ee9ng vi\u00ean, bao g\u1ed3m kinh nghi\u1ec7m qu\u1ea3n l\u00fd (ch\u1ee7 doanh nghi\u1ec7p ho\u1eb7c c\u1ea5p cao) v\u00e0 c\u00e1c gi\u1ea5y t\u1edd li\u00ean quan.<\/li>\n<li>L\u00ean ph\u01b0\u01a1ng \u00e1n l\u1ef1a ch\u1ecdn di\u1ec7n kinh doanh ph\u00f9 h\u1ee3p t\u1ea1i Canada.<\/li>\n<\/ul>\n<h3>B\u01b0\u1edbc 2: Chu\u1ea9n b\u1ecb gi\u1ea5y t\u1edd xin gi\u1ea5y ph\u00e9p lao \u0111\u1ed9ng (Work Permit)<\/h3>\n<ul>\n<li>Cung c\u1ea5p \u0111\u1ea7y \u0111\u1ee7 c\u00e1c gi\u1ea5y t\u1edd ph\u00e1p l\u00fd c\u00e1 nh\u00e2n theo y\u00eau c\u1ea7u c\u1ee7a ch\u00ednh ph\u1ee7 Canada.<\/li>\n<li>\u0110\u1ec3 ch\u1ee9ng minh kh\u1ea3 n\u0103ng t\u00e0i ch\u00ednh cho d\u1ef1 \u00e1n kinh doanh, nh\u00e0 \u0111\u1ea7u t\u01b0 c\u1ea7n \u1ee7y quy\u1ec1n cho lu\u1eadt s\u01b0 t\u1ea1i Canada qu\u1ea3n l\u00fd s\u1ed1 ti\u1ec1n \u0111\u1ea7u t\u01b0 ho\u1eb7c m\u1edf m\u1ed9t t\u00e0i kho\u1ea3n ng\u00e2n h\u00e0ng t\u1ea1i Canada v\u1edbi s\u1ed1 v\u1ed1n c\u1ea7n thi\u1ebft cho k\u1ebf ho\u1ea1ch kinh doanh v\u00e0 cung c\u1ea5p b\u1eb1ng ch\u1ee9ng cho c\u01a1 quan di tr\u00fa.<\/li>\n<\/ul>\n<h3>B\u01b0\u1edbc 3: Sang Canada v\u00e0 b\u1eaft \u0111\u1ea7u v\u1eadn h\u00e0nh doanh nghi\u1ec7p<\/h3>\n<p>Sau khi \u0111\u1ebfn Canada v\u1edbi Gi\u1ea5y ph\u00e9p l\u00e0m vi\u1ec7c, nh\u00e0 \u0111\u1ea7u t\u01b0 s\u1ebd ti\u1ebfn h\u00e0nh c\u00e1c ho\u1ea1t \u0111\u1ed9ng kinh doanh theo k\u1ebf ho\u1ea1ch \u0111\u00e3 \u0111\u1ec1 ra.<\/p>\n<h3>B\u01b0\u1edbc 4: Xin th\u01b0 \u0111\u1ec1 c\u1eed t\u1ec9nh bang ho\u1eb7c tham gia ch\u01b0\u01a1ng tr\u00ecnh li\u00ean bang \u0111\u1ec3 xin th\u01b0\u1eddng tr\u00fa nh\u00e2n cho gia \u0111\u00ecnh<\/h3>\n<p>Ch\u01b0\u01a1ng tr\u00ecnh \u0111\u1ecbnh c\u01b0 Canada di\u1ec7n doanh nh\u00e2n CPTPP \u2013 T50 m\u1edf ra nhi\u1ec1u con \u0111\u01b0\u1eddng \u0111\u1ec3 nh\u00e0 \u0111\u1ea7u t\u01b0 c\u00f3 th\u1ec3 xin th\u01b0\u1eddng tr\u00fa nh\u00e2n cho c\u1ea3 gia \u0111\u00ecnh. C\u00e1c l\u1ef1a ch\u1ecdn ph\u1ed5 bi\u1ebfn bao g\u1ed3m ch\u01b0\u01a1ng tr\u00ecnh Express Entry ho\u1eb7c ch\u01b0\u01a1ng tr\u00ecnh \u0111\u1ec1 c\u1eed t\u1ec9nh bang PNP. Vi\u1ec7c l\u1ef1a ch\u1ecdn ch\u01b0\u01a1ng tr\u00ecnh ph\u00f9 h\u1ee3p s\u1ebd ph\u1ee5 thu\u1ed9c v\u00e0o tr\u00ecnh \u0111\u1ed9 ti\u1ebfng Anh, kinh nghi\u1ec7m l\u00e0m vi\u1ec7c v\u00e0 t\u1ec9nh bang\/th\u00e0nh ph\u1ed1 m\u00e0 nh\u00e0 \u0111\u1ea7u t\u01b0 \u0111\u00e3 ch\u1ecdn \u0111\u1ec3 ph\u00e1t tri\u1ec3n doanh nghi\u1ec7p.<\/p>\n<h3>B\u01b0\u1edbc 5: Ho\u00e0n t\u1ea5t th\u1ee7 t\u1ee5c v\u00e0 n\u1ed9p h\u1ed3 s\u01a1 xin qu\u1ed1c t\u1ecbch<\/h3>\n<p>Sau khi c\u00f3 t\u01b0 c\u00e1ch th\u01b0\u1eddng tr\u00fa nh\u00e2n v\u00e0 \u0111\u00e3 sinh s\u1ed1ng t\u1ea1i Canada \u00edt nh\u1ea5t 1095 ng\u00e0y (t\u1ee9c 3 n\u0103m) trong v\u00f2ng 5 n\u0103m g\u1ea7n nh\u1ea5t, nh\u00e0 \u0111\u1ea7u t\u01b0 c\u00f3 th\u1ec3 n\u1ed9p \u0111\u01a1n xin qu\u1ed1c t\u1ecbch Canada. C\u00e1c y\u00eau c\u1ea7u kh\u00e1c bao g\u1ed3m:<\/p>\n<ul>\n<li>Duy tr\u00ec t\u01b0 c\u00e1ch th\u01b0\u1eddng tr\u00fa nh\u00e2n Canada.<\/li>\n<li>\u0110\u00e3 n\u1ed9p thu\u1ebf thu nh\u1eadp c\u00e1 nh\u00e2n trong \u00edt nh\u1ea5t 3 n\u0103m trong v\u00f2ng 5 n\u0103m g\u1ea7n nh\u1ea5t.<\/li>\n<li>\u0110\u1ea1t \u0111i\u1ec3m y\u00eau c\u1ea7u trong b\u00e0i ki\u1ec3m tra qu\u1ed1c t\u1ecbch (ki\u1ebfn th\u1ee9c v\u1ec1 Canada, quy\u1ec1n v\u00e0 tr\u00e1ch nhi\u1ec7m c\u1ee7a c\u00f4ng d\u00e2n).<\/li>\n<li>C\u00f3 tr\u00ecnh \u0111\u1ed9 ti\u1ebfng Anh ho\u1eb7c ti\u1ebfng Ph\u00e1p c\u01a1 b\u1ea3n.<\/li>\n<\/ul>\n<figure id=\"attachment_19554\" aria-describedby=\"caption-attachment-19554\" style=\"width: 755px\" class=\"wp-caption aligncenter\"><img decoding=\"async\" src=\"https:\/\/phanimmigration.com\/wp-content\/uploads\/2025\/04\/dinh-cu-canada-chuong-trinh-cptpp-t50-3.jpg\" alt=\"\u1ee8ng vi\u00ean \u0111\u1ecbnh c\u01b0 Canada di\u1ec7n CPTP \u0111\u1ee7 \u0111i\u1ec1u ki\u1ec7n c\u00f3 th\u1ec3 xin qu\u1ed1c t\u1ecbch\" width=\"755\" height=\"503\" \/><figcaption id=\"caption-attachment-19554\" class=\"wp-caption-text\">\u1ee8ng vi\u00ean \u0111\u1ecbnh c\u01b0 Canada di\u1ec7n CPTP \u0111\u1ee7 \u0111i\u1ec1u ki\u1ec7n c\u00f3 th\u1ec3 xin qu\u1ed1c t\u1ecbch<\/figcaption><\/figure>\n<h2>\u0110\u0103ng k\u00fd d\u1ecbch v\u1ee5 t\u01b0 v\u1ea5n \u0111\u1ecbnh c\u01b0 Canada di\u1ec7n CPTPP-T50 t\u1ea1i Phan Immigration<\/h2>\n<p>Phan Immigration l\u00e0 \u0111\u01a1n v\u1ecb t\u01b0 v\u1ea5n di tr\u00fa \u0111\u01b0\u1ee3c c\u1ea5p ph\u00e9p b\u1edfi Ch\u00ednh ph\u1ee7 Canada, t\u1ef1 h\u00e0o mang \u0111\u1ebfn gi\u1ea3i ph\u00e1p nh\u1eadp c\u01b0 \u0111\u01b0\u1ee3c c\u00e1 nh\u00e2n h\u00f3a, \u0111\u1eb7c bi\u1ec7t cho nh\u1eefng ai quan t\u00e2m \u0111\u1ebfn ch\u01b0\u01a1ng tr\u00ecnh \u0111\u1ecbnh c\u01b0 Canada di\u1ec7n doanh nh\u00e2n CPTPP \u2013 T50. Ch\u00fang t\u00f4i \u0111\u00f3ng vai tr\u00f2 l\u00e0 c\u1ea7u n\u1ed1i v\u1eefng ch\u1eafc gi\u1eefa Vi\u1ec7t Nam v\u00e0 Canada, cam k\u1ebft mang \u0111\u1ebfn l\u1ed9 tr\u00ecnh nh\u1eadp c\u01b0 an to\u00e0n, hi\u1ec7u qu\u1ea3 v\u00e0 t\u1ed1i \u01b0u chi ph\u00ed. Kh\u00f4ng ch\u1ec9 gi\u00fap b\u1ea1n \u0111\u1ea1t \u0111\u01b0\u1ee3c m\u1ee5c ti\u00eau \u0111\u1ecbnh c\u01b0, Phan Immigration c\u00f2n \u0111\u1ed3ng h\u00e0nh c\u00f9ng b\u1ea1n tr\u00ean con \u0111\u01b0\u1eddng \u1ed5n \u0111\u1ecbnh cu\u1ed9c s\u1ed1ng v\u00e0 ph\u00e1t tri\u1ec3n s\u1ef1 nghi\u1ec7p t\u1ea1i Canada.<\/p>\n<p>Khi l\u1ef1a ch\u1ecdn d\u1ecbch v\u1ee5 t\u01b0 v\u1ea5n \u0111\u1ecbnh c\u01b0 Canada di\u1ec7n CPTPP-T50 t\u1ea1i Phan Immigration, b\u1ea1n s\u1ebd \u0111\u01b0\u1ee3c h\u01b0\u1edfng nh\u1eefng l\u1ee3i th\u1ebf sau:<\/p>\n<ul>\n<li><strong>\u0110\u1ed9i ng\u0169 chuy\u00ean gia gi\u00e0u kinh nghi\u1ec7m v\u00e0 \u0111\u01b0\u1ee3c c\u1ea5p ph\u00e9p:<\/strong> V\u1edbi h\u01a1n 15 n\u0103m kinh nghi\u1ec7m trong l\u0129nh v\u1ef1c t\u01b0 v\u1ea5n \u0111\u1ecbnh c\u01b0 Canada, \u0111\u1ed9i ng\u0169 chuy\u00ean gia c\u1ee7a ch\u00fang t\u00f4i \u0111\u01b0\u1ee3c c\u1ea5p ph\u00e9p b\u1edfi H\u1ed9i \u0111\u1ed3ng Qu\u1ea3n l\u00fd T\u01b0 v\u1ea5n Di tr\u00fa Canada (CICC), \u0111\u1ea3m b\u1ea3o b\u1ea1n nh\u1eadn \u0111\u01b0\u1ee3c s\u1ef1 t\u01b0 v\u1ea5n chuy\u00ean nghi\u1ec7p v\u00e0 \u0111\u00e1ng tin c\u1eady nh\u1ea5t..<\/li>\n<li><strong>D\u1ecbch v\u1ee5 t\u01b0 v\u1ea5n to\u00e0n di\u1ec7n v\u00e0 c\u00e1 nh\u00e2n h\u00f3a:<\/strong> Phan Immigration cung c\u1ea5p d\u1ecbch v\u1ee5 t\u01b0 v\u1ea5n chuy\u00ean s\u00e2u, \u0111\u01b0\u1ee3c \u0111i\u1ec1u ch\u1ec9nh ph\u00f9 h\u1ee3p v\u1edbi nhu c\u1ea7u v\u00e0 ho\u00e0n c\u1ea3nh ri\u00eang c\u1ee7a t\u1eebng kh\u00e1ch h\u00e0ng, \u0111\u1ea3m b\u1ea3o b\u1ea1n c\u00f3 m\u1ed9t l\u1ed9 tr\u00ecnh \u0111\u1ecbnh c\u01b0 r\u00f5 r\u00e0ng v\u00e0 hi\u1ec7u qu\u1ea3.<\/li>\n<li><strong>M\u1ea1ng l\u01b0\u1edbi \u0111\u1ed1i t\u00e1c r\u1ed9ng kh\u1eafp t\u1ea1i Canada:<\/strong> Ch\u00fang t\u00f4i c\u00f3 m\u1ed1i quan h\u1ec7 ch\u1eb7t ch\u1ebd v\u1edbi c\u00e1c lu\u1eadt s\u01b0 di tr\u00fa, lu\u1eadt s\u01b0 kinh t\u1ebf v\u00e0 c\u00e1c doanh nghi\u1ec7p \u0111\u1ecba ph\u01b0\u01a1ng tr\u00ean kh\u1eafp Canada, gi\u00fap h\u1ed7 tr\u1ee3 b\u1ea1n t\u1ed1t nh\u1ea5t trong qu\u00e1 tr\u00ecnh \u0111\u1ecbnh c\u01b0 v\u00e0 h\u00f2a nh\u1eadp t\u1ea1i x\u1ee9 s\u1edf l\u00e1 phong.<\/li>\n<li><strong>Cam k\u1ebft minh b\u1ea1ch v\u00e0 \u0111\u1eb7t l\u1ee3i \u00edch kh\u00e1ch h\u00e0ng l\u00ean h\u00e0ng \u0111\u1ea7u:<\/strong> Phan Immigration lu\u00f4n \u0111\u1ea3m b\u1ea3o s\u1ef1 minh b\u1ea1ch trong m\u1ecdi th\u00f4ng tin v\u00e0 quy tr\u00ecnh t\u01b0 v\u1ea5n <a href=\"https:\/\/phanimmigration.com\/vi\/dinh-cu-canada\/\">\u0111\u1ecbnh c\u01b0 Canada<\/a>, \u0111\u1ed3ng th\u1eddi ch\u1ecbu tr\u00e1ch nhi\u1ec7m cao nh\u1ea5t \u0111\u1ec3 mang l\u1ea1i s\u1ef1 an t\u00e2m v\u00e0 tin t\u01b0\u1edfng cho kh\u00e1ch h\u00e0ng.<\/li>\n<\/ul>\n<figure id=\"attachment_19556\" aria-describedby=\"caption-attachment-19556\" style=\"width: 755px\" class=\"wp-caption aligncenter\"><img loading=\"lazy\" decoding=\"async\" src=\"https:\/\/phanimmigration.com\/wp-content\/uploads\/2025\/04\/dinh-cu-canada-chuong-trinh-cptpp-t50-4.jpg\" alt=\"T\u01b0 v\u1ea5n \u0111\u1ecbnh c\u01b0 Canada di\u1ec7n CPTPP - T50 uy t\u00edn t\u1ea1i Phan Immigration\" width=\"755\" height=\"503\" \/><figcaption id=\"caption-attachment-19556\" class=\"wp-caption-text\">T\u01b0 v\u1ea5n \u0111\u1ecbnh c\u01b0 Canada di\u1ec7n CPTPP &#8211; T50 uy t\u00edn t\u1ea1i Phan Immigration<\/figcaption><\/figure>\n<p>\u0110\u1ecbnh c\u01b0 Canada di\u1ec7n doanh nh\u00e2n CPTPP \u2013 T50 l\u00e0 m\u1ed9t l\u1ef1a ch\u1ecdn th\u00f4ng minh cho nh\u1eefng ai mu\u1ed1n k\u1ebft h\u1ee3p ph\u00e1t tri\u1ec3n kinh doanh qu\u1ed1c t\u1ebf v\u1edbi c\u01a1 h\u1ed9i \u0111\u1ecbnh c\u01b0 l\u00e2u d\u00e0i t\u1ea1i m\u1ed9t qu\u1ed1c gia ph\u00e1t tri\u1ec3n nh\u01b0 Canada. \u0110\u1ec3 \u0111\u01b0\u1ee3c t\u01b0 v\u1ea5n chi ti\u1ebft v\u00e0 nh\u1eadn th\u00eam th\u00f4ng tin v\u1ec1 ch\u01b0\u01a1ng tr\u00ecnh t\u01b0 v\u1ea5n \u0111\u1ecbnh c\u01b0 Canada di\u1ec7n CPTPP-T50, b\u1ea1n h\u00e3y li\u00ean h\u1ec7 v\u1edbi \u0111\u1ed9i ng\u0169 chuy\u00ean gia c\u1ee7a Phan Immigration ngay h\u00f4m nay.<\/p>\n<p>N\u1ebfu c\u00f4ng ty b\u1ea1n \u0111\u00e3 c\u00f3 chi nh\u00e1nh t\u1ea1i Canada, \u0111\u1eebng b\u1ecf qua <a href=\"https:\/\/phanimmigration.com\/vi\/dinh-cu-canada-dien-intra-company-transferee\/\">\u0110\u1ecbnh c\u01b0 Canada di\u1ec7n lu\u00e2n chuy\u1ec3n n\u1ed9i b\u1ed9 c\u00f4ng ty<\/a> \u2013 gi\u1ea3i ph\u00e1p t\u1ed1i \u01b0u \u0111\u1ec3 gi\u1eef ch\u00e2n nh\u00e2n s\u1ef1 ch\u1ee7 ch\u1ed1t.<\/p>\n","protected":false},"excerpt":{"rendered":"<p>B\u1ea1n \u0111ang t\u00ecm ki\u1ebfm c\u01a1 h\u1ed9i \u0111\u1ecbnh c\u01b0 Canada theo di\u1ec7n doanh nh\u00e2n? Ch\u01b0\u01a1ng tr\u00ecnh \u0111\u1ecbnh c\u01b0 Canada di\u1ec7n doanh nh\u00e2n CPTPP \u2013 T50 c\u00f3 th\u1ec3 l\u00e0 l\u1ef1a ch\u1ecdn tuy\u1ec7t v\u1eddi d\u00e0nh cho b\u1ea1n. \u0110\u00e2y l\u00e0 m\u1ed9t ch\u01b0\u01a1ng tr\u00ecnh \u0111\u1eb7c bi\u1ec7t \u0111\u01b0\u1ee3c thi\u1ebft k\u1ebf \u0111\u1ec3 thu h\u00fat c\u00e1c doanh nh\u00e2n v\u00e0 nh\u00e0 \u0111\u1ea7u t\u01b0 t\u1eeb [&hellip;]<\/p>\n","protected":false},"author":6,"featured_media":22310,"parent":0,"menu_order":0,"comment_status":"closed","ping_status":"closed","template":"","meta":{"_acf_changed":false,"content-type":"","om_disable_all_campaigns":false,"_monsterinsights_skip_tracking":false,"_monsterinsights_sitenote_active":false,"_monsterinsights_sitenote_note":"","_monsterinsights_sitenote_category":0,"site-sidebar-layout":"default","site-content-layout":"","ast-site-content-layout":"default","site-content-style":"default","site-sidebar-style":"default","ast-global-header-display":"","ast-banner-title-visibility":"","ast-main-header-display":"","ast-hfb-above-header-display":"","ast-hfb-below-header-display":"","ast-hfb-mobile-header-display":"","site-post-title":"","ast-breadcrumbs-content":"","ast-featured-img":"","footer-sml-layout":"","ast-disable-related-posts":"","theme-transparent-header-meta":"default","adv-header-id-meta":"","stick-header-meta":"default","header-above-stick-meta":"","header-main-stick-meta":"","header-below-stick-meta":"","astra-migrate-meta-layouts":"set","ast-page-background-enabled":"default","ast-page-background-meta":{"desktop":{"background-color":"","background-image":"","background-repeat":"repeat","background-position":"center center","background-size":"auto","background-attachment":"scroll","background-type":"","background-media":"","overlay-type":"","overlay-color":"","overlay-opacity":"","overlay-gradient":""},"tablet":{"background-color":"","background-image":"","background-repeat":"repeat","background-position":"center center","background-size":"auto","background-attachment":"scroll","background-type":"","background-media":"","overlay-type":"","overlay-color":"","overlay-opacity":"","overlay-gradient":""},"mobile":{"background-color":"","background-image":"","background-repeat":"repeat","background-position":"center center","background-size":"auto","background-attachment":"scroll","background-type":"","background-media":"","overlay-type":"","overlay-color":"","overlay-opacity":"","overlay-gradient":""}},"ast-content-background-meta":{"desktop":{"background-color":"var(--ast-global-color-5)","background-image":"","background-repeat":"repeat","background-position":"center center","background-size":"auto","background-attachment":"scroll","background-type":"","background-media":"","overlay-type":"","overlay-color":"","overlay-opacity":"","overlay-gradient":""},"tablet":{"background-color":"var(--ast-global-color-5)","background-image":"","background-repeat":"repeat","background-position":"center center","background-size":"auto","background-attachment":"scroll","background-type":"","background-media":"","overlay-type":"","overlay-color":"","overlay-opacity":"","overlay-gradient":""},"mobile":{"background-color":"var(--ast-global-color-5)","background-image":"","background-repeat":"repeat","background-position":"center center","background-size":"auto","background-attachment":"scroll","background-type":"","background-media":"","overlay-type":"","overlay-color":"","overlay-opacity":"","overlay-gradient":""}},"footnotes":""},"class_list":["post-19549","page","type-page","status-publish","has-post-thumbnail","hentry"],"acf":[],"_links":{"self":[{"href":"https:\/\/phanimmigration.com\/vi\/wp-json\/wp\/v2\/pages\/19549","targetHints":{"allow":["GET"]}}],"collection":[{"href":"https:\/\/phanimmigration.com\/vi\/wp-json\/wp\/v2\/pages"}],"about":[{"href":"https:\/\/phanimmigration.com\/vi\/wp-json\/wp\/v2\/types\/page"}],"author":[{"embeddable":true,"href":"https:\/\/phanimmigration.com\/vi\/wp-json\/wp\/v2\/users\/6"}],"replies":[{"embeddable":true,"href":"https:\/\/phanimmigration.com\/vi\/wp-json\/wp\/v2\/comments?post=19549"}],"version-history":[{"count":13,"href":"https:\/\/phanimmigration.com\/vi\/wp-json\/wp\/v2\/pages\/19549\/revisions"}],"predecessor-version":[{"id":24069,"href":"https:\/\/phanimmigration.com\/vi\/wp-json\/wp\/v2\/pages\/19549\/revisions\/24069"}],"wp:featuredmedia":[{"embeddable":true,"href":"https:\/\/phanimmigration.com\/vi\/wp-json\/wp\/v2\/media\/22310"}],"wp:attachment":[{"href":"https:\/\/phanimmigration.com\/vi\/wp-json\/wp\/v2\/media?parent=19549"}],"curies":[{"name":"wp","href":"https:\/\/api.w.org\/{rel}","templated":true}]}}