{"id":19003,"date":"2025-04-03T20:47:54","date_gmt":"2025-04-03T13:47:54","guid":{"rendered":"https:\/\/phanimmigration.com\/?page_id=19003"},"modified":"2025-12-10T11:08:56","modified_gmt":"2025-12-10T04:08:56","slug":"ceo-tung-phan","status":"publish","type":"page","link":"https:\/\/phanimmigration.com\/vi\/ceo-tung-phan\/","title":{"rendered":"CEO T\u00f9ng Phan \u2013 Gi\u00e1m \u0111\u1ed1c \u0110i\u1ec1u h\u00e0nh &#038; C\u1ed1 v\u1ea5n Di tr\u00fa Canada"},"content":{"rendered":"\t\t<div data-elementor-type=\"wp-page\" data-elementor-id=\"19003\" class=\"elementor elementor-19003\" data-elementor-post-type=\"page\">\n\t\t\t\t<div class=\"elementor-element elementor-element-4c222415 e-flex e-con-boxed e-con e-parent\" data-id=\"4c222415\" data-element_type=\"container\" data-e-type=\"container\">\n\t\t\t\t\t<div class=\"e-con-inner\">\n\t\t\t\t<div class=\"elementor-element elementor-element-514234c5 elementor-widget elementor-widget-text-editor\" data-id=\"514234c5\" data-element_type=\"widget\" data-e-type=\"widget\" data-widget_type=\"text-editor.default\">\n\t\t\t\t\t\t\t\t\t<p><strong>T\u00f9ng Phan<\/strong> &#8211; Gi\u00e1m \u0111\u1ed1c \u0110i\u1ec1u h\u00e0nh c\u1ee7a <strong>Phan Immigration<\/strong> &amp; Chuy\u00ean gia t\u01b0 v\u1ea5n di tr\u00fa \u0111\u01b0\u1ee3c c\u1ea5p ph\u00e9p (RCIC) b\u1edfi Ch\u00ednh ph\u1ee7 Canada v\u1edbi h\u01a1n 7 n\u0103m kinh nghi\u1ec7m, \u00f4ng th\u1ea5u hi\u1ec3u s\u00e2u s\u1eafc h\u1ec7 th\u1ed1ng nh\u1eadp c\u01b0 Canada, \u0111\u00e3 h\u1ed7 tr\u1ee3 nhi\u1ec1u c\u00e1 nh\u00e2n v\u00e0 gia \u0111\u00ecnh hi\u1ec7n th\u1ef1c h\u00f3a gi\u1ea5c m\u01a1 \u0111\u1ecbnh c\u01b0. S\u1ef1 t\u1eadn t\u00e2m v\u00e0 kinh nghi\u1ec7m th\u1ef1c ti\u1ec5n gi\u00fap \u00f4ng tr\u1edf th\u00e0nh m\u1ed9t trong nh\u1eefng chuy\u00ean gia \u0111\u00e1ng tin c\u1eady trong l\u0129nh v\u1ef1c di tr\u00fa.<\/p><h2>Th\u00f4ng tin gi\u1edbi thi\u1ec7u CEO T\u00f9ng Phan<\/h2><p>D\u01b0\u1edbi \u0111\u00e2y l\u00e0 th\u00f4ng tin chi ti\u1ebft v\u1ec1 qu\u00e1 tr\u00ecnh l\u00e0m vi\u1ec7c v\u00e0 nh\u1eefng c\u1ed9t m\u1ed1c quan tr\u1ecdng trong s\u1ef1 nghi\u1ec7p c\u1ee7a CEO T\u00f9ng Phan:<\/p><p><strong>Th\u00f4ng tin c\u00e1 nh\u00e2n:<\/strong><\/p><ul><li>H\u1ecd v\u00e0 t\u00ean: T\u00f9ng Phan<\/li><li>N\u0103m sinh: 1989<\/li><li>Email: tim@phanimmigration.com<\/li><\/ul><p><strong>B\u1eb1ng c\u1ea5p v\u00e0 chuy\u00ean m\u00f4n:\u00a0<\/strong><\/p><ul><li>Regulated Canada Immigration Consultant (2023)<\/li><\/ul><p><img fetchpriority=\"high\" decoding=\"async\" class=\"size-full wp-image-19006 aligncenter\" src=\"https:\/\/phanimmigration.com\/wp-content\/uploads\/2025\/04\/ceo-tung-phan-1-scaled.jpg\" alt=\"\" width=\"1500\" height=\"999\" srcset=\"https:\/\/phanimmigration.com\/wp-content\/uploads\/2025\/04\/ceo-tung-phan-1-scaled.jpg 1500w, https:\/\/phanimmigration.com\/wp-content\/uploads\/2025\/04\/ceo-tung-phan-1-300x200.jpg 300w, https:\/\/phanimmigration.com\/wp-content\/uploads\/2025\/04\/ceo-tung-phan-1-1024x682.jpg 1024w, https:\/\/phanimmigration.com\/wp-content\/uploads\/2025\/04\/ceo-tung-phan-1-768x512.jpg 768w, https:\/\/phanimmigration.com\/wp-content\/uploads\/2025\/04\/ceo-tung-phan-1-1140x759.jpg 1140w\" sizes=\"(max-width: 1500px) 100vw, 1500px\" \/><\/p><ul><li>Master of Business Administration (MBA) (2013 &#8211; 2015) &#8211; Thompson Rivers University<\/li><\/ul><figure id=\"attachment_19008\" aria-describedby=\"caption-attachment-19008\" style=\"width: 1500px\" class=\"wp-caption aligncenter\"><img decoding=\"async\" class=\"size-full wp-image-19008\" src=\"https:\/\/phanimmigration.com\/wp-content\/uploads\/2025\/04\/ceo-tung-phan-2-scaled.jpg\" alt=\"Regulated Canada Immigration Consultant (2023)\" width=\"1500\" height=\"999\" srcset=\"https:\/\/phanimmigration.com\/wp-content\/uploads\/2025\/04\/ceo-tung-phan-2-scaled.jpg 1500w, https:\/\/phanimmigration.com\/wp-content\/uploads\/2025\/04\/ceo-tung-phan-2-300x200.jpg 300w, https:\/\/phanimmigration.com\/wp-content\/uploads\/2025\/04\/ceo-tung-phan-2-1024x682.jpg 1024w, https:\/\/phanimmigration.com\/wp-content\/uploads\/2025\/04\/ceo-tung-phan-2-768x512.jpg 768w, https:\/\/phanimmigration.com\/wp-content\/uploads\/2025\/04\/ceo-tung-phan-2-1140x759.jpg 1140w\" sizes=\"(max-width: 1500px) 100vw, 1500px\" \/><figcaption id=\"caption-attachment-19008\" class=\"wp-caption-text\">Regulated Canada Immigration Consultant (2023)<\/figcaption><\/figure><ul><li>Bachelor of Arts (BA) &#8211; Thompson Rivers University<\/li><\/ul><p><img decoding=\"async\" class=\"size-full wp-image-19010 aligncenter\" src=\"https:\/\/phanimmigration.com\/wp-content\/uploads\/2025\/04\/ceo-tung-phan-3-scaled.jpg\" alt=\"\" width=\"1500\" height=\"999\" srcset=\"https:\/\/phanimmigration.com\/wp-content\/uploads\/2025\/04\/ceo-tung-phan-3-scaled.jpg 1500w, https:\/\/phanimmigration.com\/wp-content\/uploads\/2025\/04\/ceo-tung-phan-3-300x200.jpg 300w, https:\/\/phanimmigration.com\/wp-content\/uploads\/2025\/04\/ceo-tung-phan-3-1024x682.jpg 1024w, https:\/\/phanimmigration.com\/wp-content\/uploads\/2025\/04\/ceo-tung-phan-3-768x512.jpg 768w, https:\/\/phanimmigration.com\/wp-content\/uploads\/2025\/04\/ceo-tung-phan-3-1140x759.jpg 1140w\" sizes=\"(max-width: 1500px) 100vw, 1500px\" \/><\/p><p><strong>Ti\u1ec3u s\u1eed c\u00f4ng vi\u1ec7c:<\/strong><\/p><p><strong>2012 &#8211; 2013: Promotion Consultant \u2013 Nuffic Neso<\/strong><\/p><p>\u00d4ng T\u00f9ng Phan b\u1eaft \u0111\u1ea7u s\u1ef1 nghi\u1ec7p t\u1ea1i Nuffic Neso &#8211; V\u0103n ph\u00f2ng h\u1ed7 tr\u1ee3 Ch\u00ednh ph\u1ee7 H\u00e0 Lan. \u00d4ng gi\u1eef vai tr\u00f2 T\u01b0 v\u1ea5n vi\u00ean x\u00fac ti\u1ebfn gi\u00e1o d\u1ee5c, gi\u00fap sinh vi\u00ean Vi\u1ec7t Nam ti\u1ebfp c\u1eadn h\u1ec7 th\u1ed1ng gi\u00e1o d\u1ee5c H\u00e0 Lan v\u00e0 t\u1ed5 ch\u1ee9c c\u00e1c ho\u1ea1t \u0111\u1ed9ng qu\u1ea3ng b\u00e1, k\u1ebft n\u1ed1i h\u1ecdc thu\u1eadt gi\u1eefa hai qu\u1ed1c gia.<\/p><p><strong>2017 &#8211; 2018: Marketing Coordinator \u2013 \u1ee6y ban Th\u01b0\u01a1ng m\u1ea1i, T\u1ed5ng L\u00e3nh s\u1ef1 qu\u00e1n Canada t\u1ea1i TP.HCM<\/strong><\/p><p>\u00d4ng gia nh\u1eadp T\u1ed5ng L\u00e3nh s\u1ef1 qu\u00e1n Canada t\u1ea1i TP.HCM, \u0111\u1ea3m nhi\u1ec7m vai tr\u00f2 \u0110i\u1ec1u ph\u1ed1i vi\u00ean Marketing cho \u1ee6y ban Th\u01b0\u01a1ng m\u1ea1i. T\u1ea1i \u0111\u00e2y, \u00f4ng \u0111\u00f3ng g\u00f3p v\u00e0o c\u00e1c chi\u1ebfn l\u01b0\u1ee3c qu\u1ea3ng b\u00e1 gi\u00e1o d\u1ee5c v\u00e0 th\u01b0\u01a1ng m\u1ea1i, h\u1ed7 tr\u1ee3 doanh nghi\u1ec7p v\u00e0 sinh vi\u00ean Vi\u1ec7t Nam ti\u1ebfp c\u1eadn c\u01a1 h\u1ed9i h\u1ee3p t\u00e1c, h\u1ecdc t\u1eadp t\u1ea1i Canada.<\/p><p><strong>2018 &#8211; 2024: Sales &amp; Recruitment Director \u2013 ILAC<\/strong><\/p><p>Giai \u0111o\u1ea1n n\u00e0y \u0111\u00e1nh d\u1ea5u b\u01b0\u1edbc ph\u00e1t tri\u1ec3n quan tr\u1ecdng khi \u00f4ng \u0111\u1ea3m nhi\u1ec7m v\u1ecb tr\u00ed Gi\u00e1m \u0111\u1ed1c Tuy\u1ec3n sinh &amp; Ph\u00e1t tri\u1ec3n Kinh doanh t\u1ea1i ILAC, m\u1ed9t trong b\u1ed1n tr\u01b0\u1eddng ng\u00f4n ng\u1eef l\u1edbn nh\u1ea5t Canada. \u00d4ng t\u1eadp trung x\u00e2y d\u1ef1ng th\u1ecb tr\u01b0\u1eddng, m\u1edf r\u1ed9ng m\u1ea1ng l\u01b0\u1edbi tuy\u1ec3n sinh qu\u1ed1c t\u1ebf v\u00e0 tri\u1ec3n khai c\u00e1c chi\u1ebfn l\u01b0\u1ee3c kinh doanh nh\u1eb1m th\u00fac \u0111\u1ea9y t\u0103ng tr\u01b0\u1edfng c\u1ee7a ILAC.<\/p><p><strong>2024 &#8211; nay: Gi\u00e1m \u0111\u1ed1c &amp; RCIC \u2013 Phan Immigration<\/strong><\/p><p>V\u1edbi n\u1ec1n t\u1ea3ng v\u1eefng ch\u1eafc trong l\u0129nh v\u1ef1c gi\u00e1o d\u1ee5c v\u00e0 th\u01b0\u01a1ng m\u1ea1i qu\u1ed1c t\u1ebf, T\u00f9ng Phan th\u00e0nh l\u1eadp Phan Immigration, \u00f4ng gi\u1eef vai tr\u00f2 Gi\u00e1m \u0111\u1ed1c \u0110i\u1ec1u h\u00e0nh ki\u00eam Chuy\u00ean gia t\u01b0 v\u1ea5n di tr\u00fa \u0111\u01b0\u1ee3c c\u1ea5p ph\u00e9p (RCIC). Ngo\u00e0i ra, CEO T\u00f9ng Phan c\u00f2n t\u1eadn d\u1ee5ng kinh nghi\u1ec7m th\u1ef1c t\u1ebf \u0111\u1ec3 h\u1ed7 tr\u1ee3 ng\u01b0\u1eddi Vi\u1ec7t c\u00f3 nhu c\u1ea7u \u0111\u1ecbnh c\u01b0, h\u1ecdc t\u1eadp v\u00e0 l\u00e0m vi\u1ec7c t\u1ea1i Canada m\u1ed9t c\u00e1ch h\u1ee3p ph\u00e1p, hi\u1ec7u qu\u1ea3.<\/p><figure id=\"attachment_19012\" aria-describedby=\"caption-attachment-19012\" style=\"width: 1500px\" class=\"wp-caption aligncenter\"><img loading=\"lazy\" decoding=\"async\" class=\"size-full wp-image-19012\" src=\"https:\/\/phanimmigration.com\/wp-content\/uploads\/2025\/04\/ceo-tung-phan-4-scaled.jpg\" alt=\"CEO T\u00f9ng Phan t\u1ea1i Phan Immigration\" width=\"1500\" height=\"999\" srcset=\"https:\/\/phanimmigration.com\/wp-content\/uploads\/2025\/04\/ceo-tung-phan-4-scaled.jpg 1500w, https:\/\/phanimmigration.com\/wp-content\/uploads\/2025\/04\/ceo-tung-phan-4-300x200.jpg 300w, https:\/\/phanimmigration.com\/wp-content\/uploads\/2025\/04\/ceo-tung-phan-4-1024x682.jpg 1024w, https:\/\/phanimmigration.com\/wp-content\/uploads\/2025\/04\/ceo-tung-phan-4-768x512.jpg 768w, https:\/\/phanimmigration.com\/wp-content\/uploads\/2025\/04\/ceo-tung-phan-4-1140x759.jpg 1140w\" sizes=\"(max-width: 1500px) 100vw, 1500px\" \/><figcaption id=\"caption-attachment-19012\" class=\"wp-caption-text\">CEO T\u00f9ng Phan t\u1ea1i Phan Immigration<\/figcaption><\/figure><h2>S\u1ee9 m\u1ec7nh v\u00e0 T\u1ea7m nh\u00ecn trong t\u01b0\u01a1ng lai c\u1ee7a Phan Immigration<\/h2><p>V\u1edbi s\u1ef1 am hi\u1ec3u s\u00e2u s\u1eafc v\u1ec1 h\u1ec7 th\u1ed1ng nh\u1eadp c\u01b0 Canada v\u00e0 kinh nghi\u1ec7m th\u1ef1c t\u1ebf t\u1eeb h\u00e0nh tr\u00ecnh du h\u1ecdc, l\u00e0m vi\u1ec7c t\u1ea1i x\u1ee9 s\u1edf l\u00e1 phong, CEO T\u00f9ng Phan th\u00e0nh l\u1eadp Phan Immigration v\u1edbi mong mu\u1ed1n tr\u1edf th\u00e0nh ng\u01b0\u1eddi \u0111\u1ed3ng h\u00e0nh \u0111\u00e1ng tin c\u1eady, gi\u00fap kh\u00e1ch h\u00e0ng hi\u1ec7n th\u1ef1c h\u00f3a \u01b0\u1edbc m\u01a1 \u0111\u1ecbnh c\u01b0 h\u1ee3p ph\u00e1p v\u00e0 b\u1ec1n v\u1eefng.<\/p><p><strong>S\u1ee9 m\u1ec7nh:\u00a0<\/strong><\/p><p>T\u1eebng tr\u1ea3i qua h\u00e0nh tr\u00ecnh du h\u1ecdc v\u00e0 l\u00e0m vi\u1ec7c t\u1ea1i Canada, CEO T\u00f9ng Phan lu\u00f4n th\u1ea5u hi\u1ec3u nh\u1eefng th\u00e1ch th\u1ee9c m\u00e0 ng\u01b0\u1eddi nh\u1eadp c\u01b0 ph\u1ea3i \u0111\u1ed1i m\u1eb7t. V\u1edbi Phan Immigration, \u00f4ng mong mu\u1ed1n tr\u1edf th\u00e0nh ng\u01b0\u1eddi \u0111\u1ed3ng h\u00e0nh t\u1eadn t\u00e2m, gi\u00fap kh\u00e1ch h\u00e0ng x\u00e2y d\u1ef1ng l\u1ed9 tr\u00ecnh \u0111\u1ecbnh c\u01b0 h\u1ee3p ph\u00e1p, t\u1ed1i \u01b0u c\u01a1 h\u1ed9i v\u00e0 b\u1ea3o v\u1ec7 quy\u1ec1n l\u1ee3i cho b\u1ea3n th\u00e2n c\u0169ng nh\u01b0 gia \u0111\u00ecnh khi \u0111\u1eb7t ch\u00e2n \u0111\u1ebfn Canada.<\/p><p><strong>T\u1ea7m nh\u00ecn:<\/strong><\/p><p>CEO T\u00f9ng Phan \u0111\u1ecbnh h\u01b0\u1edbng Phan Immigation tr\u1edf th\u00e0nh \u0111\u01a1n v\u1ecb t\u01b0 v\u1ea5n di tr\u00fa chuy\u00ean nghi\u1ec7p, t\u1eadn t\u00e2m v\u00e0 am hi\u1ec3u s\u00e2u s\u1eafc v\u1ec1 h\u1ec7 th\u1ed1ng nh\u1eadp c\u01b0 Canada. C\u00f4ng ty h\u1ed7 tr\u1ee3 du h\u1ecdc sinh, ng\u01b0\u1eddi lao \u0111\u1ed9ng v\u00e0 doanh nh\u00e2n, \u0111\u1ed3ng th\u1eddi l\u00e0 c\u1ea7u n\u1ed1i v\u1eefng ch\u1eafc gi\u00fap c\u00e1c gia \u0111\u00ecnh Vi\u1ec7t Nam an t\u00e2m kh\u1edfi \u0111\u1ea7u cu\u1ed9c s\u1ed1ng m\u1edbi. V\u1edbi s\u1ef1 d\u1eabn d\u1eaft c\u1ee7a CEO T\u00f9ng Phan, Phan Immigration cam k\u1ebft mang \u0111\u1ebfn d\u1ecbch v\u1ee5 minh b\u1ea1ch, hi\u1ec7u qu\u1ea3 v\u00e0 \u0111\u00e1ng tin c\u1eady, gi\u00fap kh\u00e1ch h\u00e0ng t\u1eebng b\u01b0\u1edbc x\u00e2y d\u1ef1ng cu\u1ed9c s\u1ed1ng v\u1eefng ch\u1eafc t\u1ea1i Canada.<\/p><figure id=\"attachment_19014\" aria-describedby=\"caption-attachment-19014\" style=\"width: 1500px\" class=\"wp-caption aligncenter\"><img loading=\"lazy\" decoding=\"async\" class=\"size-full wp-image-19014\" src=\"https:\/\/phanimmigration.com\/wp-content\/uploads\/2025\/04\/ceo-tung-phan-5-scaled.jpg\" alt=\"CEO T\u00f9ng Phan mong mu\u1ed1n tr\u1edf th\u00e0nh ng\u01b0\u1eddi \u0111\u1ed3ng h\u00e0nh gi\u00fap kh\u00e1ch h\u00e0ng th\u1ef1c hi\u1ec7n \u01b0\u1edbc m\u01a1 \u0111\u1ecbnh c\u01b0 Canada\" width=\"1500\" height=\"999\" srcset=\"https:\/\/phanimmigration.com\/wp-content\/uploads\/2025\/04\/ceo-tung-phan-5-scaled.jpg 1500w, https:\/\/phanimmigration.com\/wp-content\/uploads\/2025\/04\/ceo-tung-phan-5-300x200.jpg 300w, https:\/\/phanimmigration.com\/wp-content\/uploads\/2025\/04\/ceo-tung-phan-5-1024x682.jpg 1024w, https:\/\/phanimmigration.com\/wp-content\/uploads\/2025\/04\/ceo-tung-phan-5-768x512.jpg 768w, https:\/\/phanimmigration.com\/wp-content\/uploads\/2025\/04\/ceo-tung-phan-5-1140x759.jpg 1140w\" sizes=\"(max-width: 1500px) 100vw, 1500px\" \/><figcaption id=\"caption-attachment-19014\" class=\"wp-caption-text\">CEO T\u00f9ng Phan mong mu\u1ed1n tr\u1edf th\u00e0nh ng\u01b0\u1eddi \u0111\u1ed3ng h\u00e0nh gi\u00fap kh\u00e1ch h\u00e0ng th\u1ef1c hi\u1ec7n \u01b0\u1edbc m\u01a1 \u0111\u1ecbnh c\u01b0 Canada<\/figcaption><\/figure><h2>T\u1ea7m \u1ea3nh h\u01b0\u1edfng v\u00e0 Th\u00e0nh t\u1ef1u c\u1ee7a CEO T\u00f9ng Phan<\/h2><p>CEO T\u00f9ng Phan gi\u00fap thay \u0111\u1ed5i cu\u1ed9c s\u1ed1ng c\u1ee7a h\u00e0ng ngh\u00ecn ng\u01b0\u1eddi Vi\u1ec7t tr\u00ean h\u00e0nh tr\u00ecnh \u0111\u1ebfn Canada. Nh\u1eefng th\u00e0nh t\u1ef1u n\u1ed5i b\u1eadt trong s\u1ef1 nghi\u1ec7p c\u1ee7a \u00f4ng th\u1ec3 hi\u1ec7n qua s\u1ed1 l\u01b0\u1ee3ng kh\u00e1ch h\u00e0ng th\u00e0nh c\u00f4ng v\u00e0 nh\u1eefng \u0111\u00f3ng g\u00f3p \u00fd ngh\u0129a cho c\u1ed9ng \u0111\u1ed3ng nh\u1eadp c\u01b0.<\/p><p><strong>H\u1ed7 tr\u1ee3 h\u00e0ng ngh\u00ecn ng\u01b0\u1eddi Vi\u1ec7t Nam \u0111\u1ecbnh c\u01b0 th\u00e0nh c\u00f4ng t\u1ea1i Canada:<\/strong><\/p><p>V\u1edbi vai tr\u00f2 l\u00e0 Gi\u00e1m \u0111\u1ed1c \u0110i\u1ec1u h\u00e0nh &amp; RCIC t\u1ea1i Phan Immigration, \u00f4ng \u0111\u00e3 t\u01b0 v\u1ea5n, h\u01b0\u1edbng d\u1eabn v\u00e0 \u0111\u1ed3ng h\u00e0nh c\u00f9ng nhi\u1ec1u c\u00e1 nh\u00e2n, gia \u0111\u00ecnh trong qu\u00e1 tr\u00ecnh l\u00ean k\u1ebf ho\u1ea1ch nh\u1eadp c\u01b0 v\u00e0 \u1ed5n \u0111\u1ecbnh cu\u1ed9c s\u1ed1ng t\u1ea1i Canada. Nh\u1edd s\u1ef1 hi\u1ec3u bi\u1ebft s\u00e2u r\u1ed9ng v\u1ec1 ch\u00ednh s\u00e1ch di tr\u00fa v\u00e0 quy tr\u00ecnh ph\u00e1p l\u00fd, CEO T\u00f9ng Phan gi\u00fap nhi\u1ec1u kh\u00e1ch h\u00e0ng \u0111\u1ecbnh c\u01b0 h\u1ee3p ph\u00e1p, t\u1ed1i \u01b0u h\u1ed3 s\u01a1 v\u00e0 t\u0103ng c\u01a1 h\u1ed9i \u0111\u01b0\u1ee3c ch\u1ea5p thu\u1eadn.<\/p><p><strong>Di\u1ec5n gi\u1ea3 ch\u00ednh t\u1ea1i c\u00e1c h\u1ed9i th\u1ea3o v\u00e0 s\u1ef1 ki\u1ec7n v\u1ec1 di tr\u00fa Canada:<\/strong><\/p><p>Kh\u00f4ng ch\u1ec9 tr\u1ef1c ti\u1ebfp h\u1ed7 tr\u1ee3 kh\u00e1ch h\u00e0ng, CEO T\u00f9ng Phan c\u00f2n l\u00e0 m\u1ed9t trong nh\u1eefng chuy\u00ean gia t\u01b0 v\u1ea5n di tr\u00fa h\u00e0ng \u0111\u1ea7u, th\u01b0\u1eddng xuy\u00ean xu\u1ea5t hi\u1ec7n t\u1ea1i c\u00e1c h\u1ed9i th\u1ea3o, s\u1ef1 ki\u1ec7n chuy\u00ean \u0111\u1ec1 v\u1ec1 \u0111\u1ecbnh c\u01b0 v\u00e0 du h\u1ecdc Canada. V\u1edbi kinh nghi\u1ec7m th\u1ef1c t\u1ebf v\u00e0 s\u1ef1 am hi\u1ec3u v\u1ec1 h\u1ec7 th\u1ed1ng di tr\u00fa, \u00f4ng mang \u0111\u1ebfn nh\u1eefng g\u00f3c nh\u00ecn chuy\u00ean s\u00e2u, chia s\u1ebb th\u00f4ng tin c\u1eadp nh\u1eadt v\u1ec1 ch\u00ednh s\u00e1ch nh\u1eadp c\u01b0 v\u00e0 gi\u1ea3i ph\u00e1p t\u1ed1i \u01b0u cho ng\u01b0\u1eddi Vi\u1ec7t mu\u1ed1n \u0111\u1ebfn Canada.<\/p><ul><li aria-level=\"2\"><strong>H\u1ed9i th\u1ea3o tr\u1ef1c tuy\u1ebfn v\u1ec1 \u0111\u1ecbnh c\u01b0 Canada:<\/strong> V\u1edbi s\u1ef1 tham gia c\u1ee7a RCIC T\u00f9ng Phan, ch\u01b0\u01a1ng tr\u00ecnh cung c\u1ea5p th\u00f4ng tin h\u1eefu \u00edch v\u00e0 chi\u1ebfn l\u01b0\u1ee3c cho nh\u1eefng ai quan t\u00e2m \u0111\u1ebfn vi\u1ec7c \u0111\u1ecbnh c\u01b0 t\u1ea1i Canada.<\/li><li aria-level=\"2\"><strong>S\u1ef1 ki\u1ec7n h\u1ee3p t\u00e1c v\u1edbi CEI Vietnam:<\/strong> T\u00f9ng Phan \u0111\u00e3 tham gia c\u00e1c ch\u01b0\u01a1ng tr\u00ecnh do CEI Vietnam t\u1ed5 ch\u1ee9c, mang \u0111\u1ebfn nh\u1eefng th\u00f4ng tin c\u1eadp nh\u1eadt v\u00e0 t\u01b0 v\u1ea5n cho du h\u1ecdc sinh v\u00e0 ng\u01b0\u1eddi lao \u0111\u1ed9ng Vi\u1ec7t Nam c\u00f3 nguy\u1ec7n v\u1ecdng \u0111\u1ebfn Canada.<\/li><\/ul><figure id=\"attachment_19016\" aria-describedby=\"caption-attachment-19016\" style=\"width: 1500px\" class=\"wp-caption aligncenter\"><img loading=\"lazy\" decoding=\"async\" class=\"size-full wp-image-19016\" src=\"https:\/\/phanimmigration.com\/wp-content\/uploads\/2025\/04\/ceo-tung-phan-6-scaled.jpg\" alt=\"CEO T\u00f9ng Phan l\u00e0 di\u1ec5n gi\u1ea3 ch\u00ednh t\u1ea1i c\u00e1c h\u1ed9i th\u1ea3o v\u00e0 s\u1ef1 ki\u1ec7n di tr\u00fa Canada\" width=\"1500\" height=\"999\" srcset=\"https:\/\/phanimmigration.com\/wp-content\/uploads\/2025\/04\/ceo-tung-phan-6-scaled.jpg 1500w, https:\/\/phanimmigration.com\/wp-content\/uploads\/2025\/04\/ceo-tung-phan-6-300x200.jpg 300w, https:\/\/phanimmigration.com\/wp-content\/uploads\/2025\/04\/ceo-tung-phan-6-1024x682.jpg 1024w, https:\/\/phanimmigration.com\/wp-content\/uploads\/2025\/04\/ceo-tung-phan-6-768x512.jpg 768w, https:\/\/phanimmigration.com\/wp-content\/uploads\/2025\/04\/ceo-tung-phan-6-1140x759.jpg 1140w\" sizes=\"(max-width: 1500px) 100vw, 1500px\" \/><figcaption id=\"caption-attachment-19016\" class=\"wp-caption-text\">CEO T\u00f9ng Phan l\u00e0 di\u1ec5n gi\u1ea3 ch\u00ednh t\u1ea1i c\u00e1c h\u1ed9i th\u1ea3o v\u00e0 s\u1ef1 ki\u1ec7n di tr\u00fa Canada<\/figcaption><\/figure><p>V\u1edbi kinh nghi\u1ec7m th\u1ef1c t\u1ebf, s\u1ef1 am hi\u1ec3u s\u00e2u s\u1eafc v\u1ec1 h\u1ec7 th\u1ed1ng di tr\u00fa Canada v\u00e0 t\u00e2m huy\u1ebft trong t\u1eebng h\u1ed3 s\u01a1, CEO T\u00f9ng Phan \u0111\u00e3 tr\u1edf th\u00e0nh chuy\u00ean gia t\u01b0 v\u1ea5n di tr\u00fa, ng\u01b0\u1eddi \u0111\u1ed3ng h\u00e0nh \u0111\u00e1ng tin c\u1eady tr\u00ean h\u00e0nh tr\u00ecnh \u0111\u1ecbnh c\u01b0 c\u1ee7a h\u00e0ng ngh\u00ecn ng\u01b0\u1eddi Vi\u1ec7t. D\u01b0\u1edbi s\u1ef1 d\u1eabn d\u1eaft c\u1ee7a \u00f4ng, Phan Immigration cam k\u1ebft mang \u0111\u1ebfn nh\u1eefng gi\u1ea3i ph\u00e1p t\u1ed1i \u01b0u, minh b\u1ea1ch v\u00e0 hi\u1ec7u qu\u1ea3, gi\u00fap kh\u00e1ch h\u00e0ng x\u00e2y d\u1ef1ng t\u01b0\u01a1ng lai v\u1eefng ch\u1eafc t\u1ea1i Canada.<\/p>\t\t\t\t\t\t\t\t<\/div>\n\t\t\t\t\t<\/div>\n\t\t\t\t<\/div>\n\t\t\t\t<section class=\"elementor-section elementor-top-section elementor-element elementor-element-1a87ccec elementor-section-boxed elementor-section-height-default elementor-section-height-default\" data-id=\"1a87ccec\" data-element_type=\"section\" data-e-type=\"section\">\n\t\t\t\t\t\t<div class=\"elementor-container elementor-column-gap-default\">\n\t\t\t\t\t<div class=\"elementor-column elementor-col-100 elementor-top-column elementor-element elementor-element-54c85b26\" data-id=\"54c85b26\" data-element_type=\"column\" data-e-type=\"column\">\n\t\t\t<div class=\"elementor-widget-wrap elementor-element-populated\">\n\t\t\t\t\t\t<div class=\"elementor-element elementor-element-ed817ce elementor-widget elementor-widget-heading\" data-id=\"ed817ce\" data-element_type=\"widget\" data-e-type=\"widget\" data-widget_type=\"heading.default\">\n\t\t\t\t\t<h2 class=\"elementor-heading-title elementor-size-default\"><span style=\"font-weight: normal\">\u0110\u1eb6T L\u1ecaCH T\u01af V\u1ea4N C\u00d9NG C\u1ed0 V\u1ea4N DI TR\u00da<\/span><\/h2>\t\t\t\t<\/div>\n\t\t\t\t<div class=\"elementor-element elementor-element-4b3269 elementor-widget elementor-widget-text-editor\" data-id=\"4b3269\" data-element_type=\"widget\" data-e-type=\"widget\" data-widget_type=\"text-editor.default\">\n\t\t\t\t\t\t\t\t\t<div class=\"calendly-inline-widget\" style=\"min-width: 320px; height: 700px;\" data-url=\"https:\/\/calendly.com\/phanimmigration\/talk-with-tim-phan\">\u00a0<\/div><p><script type=\"text\/javascript\" src=\"https:\/\/assets.calendly.com\/assets\/external\/widget.js\" async><\/script><\/p>\t\t\t\t\t\t\t\t<\/div>\n\t\t\t\t\t<\/div>\n\t\t<\/div>\n\t\t\t\t\t<\/div>\n\t\t<\/section>\n\t\t\t\t<\/div>\n\t\t","protected":false},"excerpt":{"rendered":"<p>T\u00f9ng Phan &#8211; Gi\u00e1m \u0111\u1ed1c \u0110i\u1ec1u h\u00e0nh c\u1ee7a Phan Immigration &amp; Chuy\u00ean gia t\u01b0 v\u1ea5n di tr\u00fa \u0111\u01b0\u1ee3c c\u1ea5p ph\u00e9p (RCIC) b\u1edfi Ch\u00ednh ph\u1ee7 Canada v\u1edbi h\u01a1n 7 n\u0103m kinh nghi\u1ec7m, \u00f4ng th\u1ea5u hi\u1ec3u s\u00e2u s\u1eafc h\u1ec7 th\u1ed1ng nh\u1eadp c\u01b0 Canada, \u0111\u00e3 h\u1ed7 tr\u1ee3 nhi\u1ec1u c\u00e1 nh\u00e2n v\u00e0 gia \u0111\u00ecnh hi\u1ec7n th\u1ef1c h\u00f3a gi\u1ea5c m\u01a1 [&hellip;]<\/p>\n","protected":false},"author":6,"featured_media":21757,"parent":0,"menu_order":0,"comment_status":"closed","ping_status":"closed","template":"","meta":{"_acf_changed":false,"content-type":"","om_disable_all_campaigns":false,"_monsterinsights_skip_tracking":false,"_monsterinsights_sitenote_active":false,"_monsterinsights_sitenote_note":"","_monsterinsights_sitenote_category":0,"site-sidebar-layout":"default","site-content-layout":"","ast-site-content-layout":"default","site-content-style":"default","site-sidebar-style":"default","ast-global-header-display":"","ast-banner-title-visibility":"","ast-main-header-display":"","ast-hfb-above-header-display":"","ast-hfb-below-header-display":"","ast-hfb-mobile-header-display":"","site-post-title":"","ast-breadcrumbs-content":"","ast-featured-img":"","footer-sml-layout":"","ast-disable-related-posts":"","theme-transparent-header-meta":"default","adv-header-id-meta":"","stick-header-meta":"default","header-above-stick-meta":"","header-main-stick-meta":"","header-below-stick-meta":"","astra-migrate-meta-layouts":"set","ast-page-background-enabled":"default","ast-page-background-meta":{"desktop":{"background-color":"","background-image":"","background-repeat":"repeat","background-position":"center center","background-size":"auto","background-attachment":"scroll","background-type":"","background-media":"","overlay-type":"","overlay-color":"","overlay-opacity":"","overlay-gradient":""},"tablet":{"background-color":"","background-image":"","background-repeat":"repeat","background-position":"center center","background-size":"auto","background-attachment":"scroll","background-type":"","background-media":"","overlay-type":"","overlay-color":"","overlay-opacity":"","overlay-gradient":""},"mobile":{"background-color":"","background-image":"","background-repeat":"repeat","background-position":"center center","background-size":"auto","background-attachment":"scroll","background-type":"","background-media":"","overlay-type":"","overlay-color":"","overlay-opacity":"","overlay-gradient":""}},"ast-content-background-meta":{"desktop":{"background-color":"var(--ast-global-color-5)","background-image":"","background-repeat":"repeat","background-position":"center center","background-size":"auto","background-attachment":"scroll","background-type":"","background-media":"","overlay-type":"","overlay-color":"","overlay-opacity":"","overlay-gradient":""},"tablet":{"background-color":"var(--ast-global-color-5)","background-image":"","background-repeat":"repeat","background-position":"center center","background-size":"auto","background-attachment":"scroll","background-type":"","background-media":"","overlay-type":"","overlay-color":"","overlay-opacity":"","overlay-gradient":""},"mobile":{"background-color":"var(--ast-global-color-5)","background-image":"","background-repeat":"repeat","background-position":"center center","background-size":"auto","background-attachment":"scroll","background-type":"","background-media":"","overlay-type":"","overlay-color":"","overlay-opacity":"","overlay-gradient":""}},"footnotes":""},"class_list":["post-19003","page","type-page","status-publish","has-post-thumbnail","hentry"],"acf":[],"_links":{"self":[{"href":"https:\/\/phanimmigration.com\/vi\/wp-json\/wp\/v2\/pages\/19003","targetHints":{"allow":["GET"]}}],"collection":[{"href":"https:\/\/phanimmigration.com\/vi\/wp-json\/wp\/v2\/pages"}],"about":[{"href":"https:\/\/phanimmigration.com\/vi\/wp-json\/wp\/v2\/types\/page"}],"author":[{"embeddable":true,"href":"https:\/\/phanimmigration.com\/vi\/wp-json\/wp\/v2\/users\/6"}],"replies":[{"embeddable":true,"href":"https:\/\/phanimmigration.com\/vi\/wp-json\/wp\/v2\/comments?post=19003"}],"version-history":[{"count":15,"href":"https:\/\/phanimmigration.com\/vi\/wp-json\/wp\/v2\/pages\/19003\/revisions"}],"predecessor-version":[{"id":25994,"href":"https:\/\/phanimmigration.com\/vi\/wp-json\/wp\/v2\/pages\/19003\/revisions\/25994"}],"wp:featuredmedia":[{"embeddable":true,"href":"https:\/\/phanimmigration.com\/vi\/wp-json\/wp\/v2\/media\/21757"}],"wp:attachment":[{"href":"https:\/\/phanimmigration.com\/vi\/wp-json\/wp\/v2\/media?parent=19003"}],"curies":[{"name":"wp","href":"https:\/\/api.w.org\/{rel}","templated":true}]}}