{"id":16538,"date":"2025-01-15T13:50:18","date_gmt":"2025-01-15T06:50:18","guid":{"rendered":"https:\/\/phanimmigration.com\/?page_id=16538"},"modified":"2025-01-15T13:50:18","modified_gmt":"2025-01-15T06:50:18","slug":"chinh-sach-quang-cao","status":"publish","type":"page","link":"https:\/\/phanimmigration.com\/vi\/chinh-sach-quang-cao\/","title":{"rendered":"Ch\u00ednh s\u00e1ch qu\u1ea3ng c\u00e1o minh b\u1ea1ch t\u1ea1i Phan Immigration"},"content":{"rendered":"<p>Phan Immigration l\u00e0 c\u00f4ng ty t\u01b0 v\u1ea5n di tr\u00fa chuy\u00ean nghi\u1ec7p, cam k\u1ebft cung c\u1ea5p d\u1ecbch v\u1ee5 ch\u1ea5t l\u01b0\u1ee3ng cao v\u00e0 th\u00f4ng tin ch\u00ednh x\u00e1c v\u1ec1 c\u00e1c ch\u01b0\u01a1ng tr\u00ecnh \u0111\u1ecbnh c\u01b0 Canada. Ch\u00ednh s\u00e1ch qu\u1ea3ng c\u00e1o c\u1ee7a Phan Immigration \u0111\u01b0\u1ee3c thi\u1ebft k\u1ebf nh\u1eb1m \u0111\u1ea3m b\u1ea3o t\u00ednh minh b\u1ea1ch, trung th\u1ef1c v\u00e0 tu\u00e2n th\u1ee7 c\u00e1c quy \u0111\u1ecbnh ph\u00e1p lu\u1eadt hi\u1ec7n h\u00e0nh.<\/p>\n<h2><strong>Nguy\u00ean t\u1eafc chung trong qu\u1ea3ng c\u00e1o c\u1ee7a Phan Immigration<\/strong><\/h2>\n<p>Phan Immigration cam k\u1ebft mang \u0111\u1ebfn cho kh\u00e1ch h\u00e0ng nh\u1eefng th\u00f4ng tin ch\u00ednh x\u00e1c, minh b\u1ea1ch v\u00e0 d\u1ecbch v\u1ee5 chuy\u00ean nghi\u1ec7p nh\u1ea5t. M\u1ed7i th\u00f4ng tin qu\u1ea3ng c\u00e1o \u0111\u1ec1u \u0111\u01b0\u1ee3c x\u00e2y d\u1ef1ng d\u1ef1a tr\u00ean nguy\u00ean t\u1eafc trung th\u1ef1c, t\u00f4n tr\u1ecdng ph\u00e1p lu\u1eadt, c\u1ee5 th\u1ec3 nh\u01b0 sau:<\/p>\n<ul>\n<li><b>Trung th\u1ef1c v\u00e0 minh b\u1ea1ch<\/b>: M\u1ecdi th\u00f4ng tin qu\u1ea3ng c\u00e1o \u0111\u01b0\u1ee3c Phan Immigration cung c\u1ea5p \u0111\u1ec1u ch\u00ednh x\u00e1c, r\u00f5 r\u00e0ng, kh\u00f4ng g\u00e2y hi\u1ec3u l\u1ea7m cho kh\u00e1ch h\u00e0ng. C\u00f4ng ty cam k\u1ebft kh\u00f4ng s\u1eed d\u1ee5ng c\u00e1c chi\u00eau th\u1ee9c qu\u1ea3ng c\u00e1o sai s\u1ef1 th\u1eadt ho\u1eb7c ph\u00f3ng \u0111\u1ea1i v\u1ec1 d\u1ecbch v\u1ee5.<\/li>\n<li><b>Tu\u00e2n th\u1ee7 ph\u00e1p lu\u1eadt<\/b>: Phan Immigration lu\u00f4n tu\u00e2n th\u1ee7 c\u00e1c quy \u0111\u1ecbnh c\u1ee7a ph\u00e1p lu\u1eadt v\u1ec1 qu\u1ea3ng c\u00e1o, bao g\u1ed3m Lu\u1eadt Qu\u1ea3ng c\u00e1o v\u00e0 c\u00e1c v\u0103n b\u1ea3n h\u01b0\u1edbng d\u1eabn li\u00ean quan. C\u00f4ng ty kh\u00f4ng qu\u1ea3ng c\u00e1o c\u00e1c s\u1ea3n ph\u1ea9m, d\u1ecbch v\u1ee5 b\u1ecb c\u1ea5m ho\u1eb7c vi ph\u1ea1m \u0111\u1ea1o \u0111\u1ee9c x\u00e3 h\u1ed9i.<\/li>\n<li><b>T\u00f4n tr\u1ecdng quy\u1ec1n l\u1ee3i kh\u00e1ch h\u00e0ng<\/b>: C\u00f4ng ty \u0111\u1ea3m b\u1ea3o quy\u1ec1n ri\u00eang t\u01b0 v\u00e0 b\u1ea3o m\u1eadt th\u00f4ng tin c\u00e1 nh\u00e2n c\u1ee7a kh\u00e1ch h\u00e0ng. M\u1ecdi ho\u1ea1t \u0111\u1ed9ng qu\u1ea3ng c\u00e1o \u0111\u1ec1u h\u01b0\u1edbng \u0111\u1ebfn l\u1ee3i \u00edch c\u1ee7a kh\u00e1ch h\u00e0ng, cung c\u1ea5p th\u00f4ng tin h\u1eefu \u00edch v\u00e0 ph\u00f9 h\u1ee3p v\u1edbi nhu c\u1ea7u.<\/li>\n<\/ul>\n<figure id=\"attachment_16539\" aria-describedby=\"caption-attachment-16539\" style=\"width: 800px\" class=\"wp-caption aligncenter\"><img fetchpriority=\"high\" decoding=\"async\" class=\"wp-image-16539 size-full\" src=\"https:\/\/phanimmigration.com\/wp-content\/uploads\/2025\/01\/chinh-sach-quang-cao-01.jpg\" alt=\"Phan Immigration cam k\u1ebft cung c\u1ea5p th\u00f4ng tin qu\u1ea3ng c\u00e1o trung th\u1ef1c v\u00e0 minh b\u1ea1ch\" width=\"800\" height=\"532\" srcset=\"https:\/\/phanimmigration.com\/wp-content\/uploads\/2025\/01\/chinh-sach-quang-cao-01.jpg 800w, https:\/\/phanimmigration.com\/wp-content\/uploads\/2025\/01\/chinh-sach-quang-cao-01-300x200.jpg 300w, https:\/\/phanimmigration.com\/wp-content\/uploads\/2025\/01\/chinh-sach-quang-cao-01-768x511.jpg 768w\" sizes=\"(max-width: 800px) 100vw, 800px\" \/><figcaption id=\"caption-attachment-16539\" class=\"wp-caption-text\">Phan Immigration cam k\u1ebft cung c\u1ea5p th\u00f4ng tin qu\u1ea3ng c\u00e1o trung th\u1ef1c v\u00e0 minh b\u1ea1ch<\/figcaption><\/figure>\n<h2><strong>N\u1ed9i dung Phan Immigration qu\u1ea3ng c\u00e1o<\/strong><\/h2>\n<p>N\u1ed9i dung qu\u1ea3ng c\u00e1o \u0111\u01b0\u1ee3c ch\u00fang t\u00f4i x\u00e2y d\u1ef1ng d\u1ef1a tr\u00ean s\u1ef1 k\u1ebft h\u1ee3p gi\u1eefa t\u00ednh s\u00e1ng t\u1ea1o v\u00e0 t\u00ednh ch\u00ednh x\u00e1c, nh\u1eb1m truy\u1ec1n t\u1ea3i th\u00f4ng tin r\u00f5 r\u00e0ng, h\u1ea5p d\u1eabn v\u00e0 g\u1eafn li\u1ec1n v\u1edbi nhu c\u1ea7u th\u1ef1c t\u1ebf c\u1ee7a kh\u00e1ch h\u00e0ng.<\/p>\n<ul>\n<li><b>Ch\u00ednh x\u00e1c v\u00e0 r\u00f5 r\u00e0ng<\/b>: Th\u00f4ng tin v\u1ec1 c\u00e1c ch\u01b0\u01a1ng tr\u00ecnh \u0111\u1ecbnh c\u01b0, d\u1ecbch v\u1ee5 t\u01b0 v\u1ea5n v\u00e0 c\u00e1c \u01b0u \u0111\u00e3i \u0111\u01b0\u1ee3c tr\u00ecnh b\u00e0y m\u1ed9t c\u00e1ch chi ti\u1ebft, d\u1ec5 hi\u1ec3u, gi\u00fap kh\u00e1ch h\u00e0ng n\u1eafm b\u1eaft \u0111\u1ea7y \u0111\u1ee7 th\u00f4ng tin c\u1ea7n thi\u1ebft.<\/li>\n<li><b>Kh\u00f4ng g\u00e2y hi\u1ec3u l\u1ea7m<\/b>: Phan Immigration tr\u00e1nh s\u1eed d\u1ee5ng c\u00e1c t\u1eeb ng\u1eef, h\u00ecnh \u1ea3nh ho\u1eb7c bi\u1ec3u t\u01b0\u1ee3ng c\u00f3 th\u1ec3 g\u00e2y hi\u1ec3u l\u1ea7m v\u1ec1 d\u1ecbch v\u1ee5 ho\u1eb7c ch\u01b0\u01a1ng tr\u00ecnh \u0111\u1ecbnh c\u01b0. C\u00f4ng ty kh\u00f4ng h\u1ee9a h\u1eb9n nh\u1eefng k\u1ebft qu\u1ea3 kh\u00f4ng th\u1ef1c t\u1ebf ho\u1eb7c \u0111\u1ea3m b\u1ea3o th\u00e0nh c\u00f4ng tuy\u1ec7t \u0111\u1ed1i.<\/li>\n<li><b>T\u00f4n tr\u1ecdng \u0111\u1ed1i th\u1ee7 c\u1ea1nh tranh<\/b>: C\u00f4ng ty kh\u00f4ng s\u1eed d\u1ee5ng c\u00e1c h\u00ecnh th\u1ee9c qu\u1ea3ng c\u00e1o so s\u00e1nh, b\u00f4i nh\u1ecd ho\u1eb7c l\u00e0m gi\u1ea3m uy t\u00edn c\u1ee7a c\u00e1c \u0111\u1ed1i th\u1ee7 c\u1ea1nh tranh trong ng\u00e0nh.<\/li>\n<\/ul>\n<h2><strong>Ph\u01b0\u01a1ng ti\u1ec7n v\u00e0 h\u00ecnh th\u1ee9c qu\u1ea3ng c\u00e1o <\/strong><\/h2>\n<p>Ph\u01b0\u01a1ng ti\u1ec7n v\u00e0 h\u00ecnh th\u1ee9c qu\u1ea3ng c\u00e1o \u0111\u00f3ng vai tr\u00f2 quan tr\u1ecdng trong vi\u1ec7c \u0111\u01b0a th\u00f4ng tin d\u1ecbch v\u1ee5 c\u1ee7a Phan Immigration \u0111\u1ebfn v\u1edbi kh\u00e1ch h\u00e0ng m\u1ed9t c\u00e1ch hi\u1ec7u qu\u1ea3 v\u00e0 chuy\u00ean nghi\u1ec7p.<\/p>\n<ul>\n<li><b>\u0110a d\u1ea1ng v\u00e0 ph\u00f9 h\u1ee3p<\/b>: Phan Immigration s\u1eed d\u1ee5ng nhi\u1ec1u k\u00eanh qu\u1ea3ng c\u00e1o kh\u00e1c nhau nh\u01b0 website, m\u1ea1ng x\u00e3 h\u1ed9i v\u00e0 c\u00e1c ph\u01b0\u01a1ng ti\u1ec7n truy\u1ec1n th\u00f4ng kh\u00e1c \u0111\u1ec3 ti\u1ebfp c\u1eadn kh\u00e1ch h\u00e0ng m\u1ed9t c\u00e1ch hi\u1ec7u qu\u1ea3.<\/li>\n<li><b>Tu\u00e2n th\u1ee7 quy \u0111\u1ecbnh c\u1ee7a t\u1eebng k\u00eanh<\/b>: M\u1ed7i k\u00eanh qu\u1ea3ng c\u00e1o \u0111\u1ec1u c\u00f3 nh\u1eefng quy \u0111\u1ecbnh ri\u00eang v\u1ec1 n\u1ed9i dung v\u00e0 h\u00ecnh th\u1ee9c. Phan Immigration cam k\u1ebft tu\u00e2n th\u1ee7 c\u00e1c ch\u00ednh s\u00e1ch qu\u1ea3ng c\u00e1o c\u1ee7a t\u1eebng n\u1ec1n t\u1ea3ng, \u0111\u1ea3m b\u1ea3o kh\u00f4ng vi ph\u1ea1m c\u00e1c \u0111i\u1ec1u kho\u1ea3n s\u1eed d\u1ee5ng.<\/li>\n<li><b>Kh\u00f4ng spam<\/b>: C\u00f4ng ty tr\u00e1nh g\u1eedi qu\u00e1 nhi\u1ec1u th\u00f4ng tin qu\u1ea3ng c\u00e1o \u0111\u1ebfn kh\u00e1ch h\u00e0ng trong m\u1ed9t kho\u1ea3ng th\u1eddi gian ng\u1eafn, \u0111\u1ea3m b\u1ea3o kh\u00f4ng g\u00e2y phi\u1ec1n h\u00e0 v\u00e0 t\u00f4n tr\u1ecdng quy\u1ec1n l\u1ef1a ch\u1ecdn c\u1ee7a kh\u00e1ch h\u00e0ng.<\/li>\n<\/ul>\n<figure id=\"attachment_16541\" aria-describedby=\"caption-attachment-16541\" style=\"width: 800px\" class=\"wp-caption aligncenter\"><img decoding=\"async\" class=\"wp-image-16541 size-full\" src=\"https:\/\/phanimmigration.com\/wp-content\/uploads\/2025\/01\/chinh-sach-quang-cao-02.jpg\" alt=\"Phan Immigration s\u1eed d\u1ee5ng \u0111a d\u1ea1ng ph\u01b0\u01a1ng ti\u1ec7n qu\u1ea3ng c\u00e1o \u0111\u1ec3 \u0111\u1ebfn g\u1ea7n v\u1edbi kh\u00e1ch h\u00e0ng\" width=\"800\" height=\"532\" srcset=\"https:\/\/phanimmigration.com\/wp-content\/uploads\/2025\/01\/chinh-sach-quang-cao-02.jpg 800w, https:\/\/phanimmigration.com\/wp-content\/uploads\/2025\/01\/chinh-sach-quang-cao-02-300x200.jpg 300w, https:\/\/phanimmigration.com\/wp-content\/uploads\/2025\/01\/chinh-sach-quang-cao-02-768x511.jpg 768w\" sizes=\"(max-width: 800px) 100vw, 800px\" \/><figcaption id=\"caption-attachment-16541\" class=\"wp-caption-text\">Phan Immigration s\u1eed d\u1ee5ng \u0111a d\u1ea1ng ph\u01b0\u01a1ng ti\u1ec7n qu\u1ea3ng c\u00e1o \u0111\u1ec3 \u0111\u1ebfn g\u1ea7n v\u1edbi kh\u00e1ch h\u00e0ng<\/figcaption><\/figure>\n<h2><strong>Quy tr\u00ecnh ph\u00ea duy\u1ec7t n\u1ed9i dung qu\u1ea3ng c\u00e1o<\/strong><\/h2>\n<p>Quy tr\u00ecnh Phan Immigration ph\u00ea duy\u1ec7t n\u1ed9i dung qu\u1ea3ng c\u00e1o \u0111\u1ea3m b\u1ea3o \u0111\u01b0a ra th\u00f4ng \u0111i\u1ec7p ch\u1ea5t l\u01b0\u1ee3ng v\u00e0 t\u00ednh ph\u00f9 h\u1ee3p tr\u01b0\u1edbc khi \u0111\u01b0a ra th\u1ecb tr\u01b0\u1eddng. Quy tr\u00ecnh n\u00e0y kh\u00f4ng ch\u1ec9 gi\u00fap n\u1ed9i dung qu\u1ea3ng c\u00e1o tu\u00e2n th\u1ee7 c\u00e1c quy \u0111\u1ecbnh ph\u00e1p lu\u1eadt m\u00e0 c\u00f2n duy tr\u00ec s\u1ef1 nh\u1ea5t qu\u00e1n v\u1edbi gi\u00e1 tr\u1ecb c\u1ed1t l\u00f5i c\u1ee7a c\u00f4ng ty.<\/p>\n<ul>\n<li><b>Ki\u1ec3m duy\u1ec7t n\u1ed9i b\u1ed9<\/b>: Tr\u01b0\u1edbc khi ph\u00e1t h\u00e0nh, m\u1ecdi n\u1ed9i dung qu\u1ea3ng c\u00e1o \u0111\u1ec1u \u0111\u01b0\u1ee3c b\u1ed9 ph\u1eadn chuy\u00ean tr\u00e1ch ki\u1ec3m duy\u1ec7t \u0111\u1ec3 \u0111\u1ea3m b\u1ea3o tu\u00e2n th\u1ee7 c\u00e1c nguy\u00ean t\u1eafc v\u00e0 ch\u00ednh s\u00e1ch \u0111\u00e3 \u0111\u1ec1 ra.<\/li>\n<li><b>C\u1eadp nh\u1eadt th\u01b0\u1eddng xuy\u00ean<\/b>: Phan Immigration th\u01b0\u1eddng xuy\u00ean c\u1eadp nh\u1eadt c\u00e1c ch\u00ednh s\u00e1ch qu\u1ea3ng c\u00e1o m\u1edbi nh\u1ea5t t\u1eeb c\u00e1c c\u01a1 quan ch\u1ee9c n\u0103ng v\u00e0 c\u00e1c n\u1ec1n t\u1ea3ng truy\u1ec1n th\u00f4ng \u0111\u1ec3 \u0111i\u1ec1u ch\u1ec9nh n\u1ed9i dung cho ph\u00f9 h\u1ee3p.<\/li>\n<\/ul>\n<h2><strong>Phan Immigration ph\u1ea3n h\u1ed3i v\u00e0 gi\u1ea3i quy\u1ebft khi\u1ebfu n\u1ea1i <\/strong><\/h2>\n<p>Phan Immigration lu\u00f4n lu\u00f4n th\u1ec3 hi\u1ec7n tinh th\u1ea7n tr\u00e1ch nhi\u1ec7m, s\u1ef1 t\u00f4n tr\u1ecdng \u0111\u1ed1i v\u1edbi kh\u00e1ch h\u00e0ng v\u00e0 kh\u00f4ng ng\u1eebng l\u1eafng nghe \u00fd ki\u1ebfn \u0111\u1ec3 c\u1ea3i thi\u1ec7n ch\u1ea5t l\u01b0\u1ee3ng d\u1ecbch v\u1ee5. \u0110\u1ed3ng th\u1eddi, \u0111\u1ea3m b\u1ea3o m\u1ecdi v\u1ea5n \u0111\u1ec1 ph\u00e1t sinh \u0111\u1ec1u \u0111\u01b0\u1ee3c gi\u1ea3i quy\u1ebft minh b\u1ea1ch v\u00e0 k\u1ecbp th\u1eddi. D\u01b0\u1edbi \u0111\u00e2y l\u00e0 c\u00e1c nguy\u00ean t\u1eafc trong vi\u1ec7c ti\u1ebfp nh\u1eadn v\u00e0 x\u1eed l\u00fd khi\u1ebfu n\u1ea1i:<\/p>\n<ul>\n<li><b>L\u1eafng nghe \u00fd ki\u1ebfn kh\u00e1ch h\u00e0ng<\/b>: Phan Immigration lu\u00f4n s\u1eb5n s\u00e0ng ti\u1ebfp nh\u1eadn \u00fd ki\u1ebfn \u0111\u00f3ng g\u00f3p v\u00e0 ph\u1ea3n h\u1ed3i t\u1eeb kh\u00e1ch h\u00e0ng v\u1ec1 c\u00e1c ho\u1ea1t \u0111\u1ed9ng qu\u1ea3ng c\u00e1o, nh\u1eb1m c\u1ea3i thi\u1ec7n ch\u1ea5t l\u01b0\u1ee3ng d\u1ecbch v\u1ee5.<\/li>\n<li><b>Gi\u1ea3i quy\u1ebft khi\u1ebfu n\u1ea1i k\u1ecbp th\u1eddi<\/b>: Trong tr\u01b0\u1eddng h\u1ee3p c\u00f3 khi\u1ebfu n\u1ea1i li\u00ean quan \u0111\u1ebfn n\u1ed9i dung qu\u1ea3ng c\u00e1o, c\u00f4ng ty cam k\u1ebft x\u1eed l\u00fd nhanh ch\u00f3ng, minh b\u1ea1ch v\u00e0 \u0111\u01b0a ra gi\u1ea3i ph\u00e1p th\u1ecfa \u0111\u00e1ng cho kh\u00e1ch h\u00e0ng.<\/li>\n<\/ul>\n<figure id=\"attachment_16545\" aria-describedby=\"caption-attachment-16545\" style=\"width: 800px\" class=\"wp-caption aligncenter\"><img decoding=\"async\" class=\"wp-image-16545 size-full\" src=\"https:\/\/phanimmigration.com\/wp-content\/uploads\/2025\/01\/chinh-sach-quang-cao-04.jpg\" alt=\"Phan Immigration lu\u00f4n ti\u1ebfp nh\u1eadn \u00fd ki\u1ebfn v\u00e0 ph\u1ea3n h\u1ed3i c\u1ee7a qu\u00fd kh\u00e1ch h\u00e0ng\" width=\"800\" height=\"532\" srcset=\"https:\/\/phanimmigration.com\/wp-content\/uploads\/2025\/01\/chinh-sach-quang-cao-04.jpg 800w, https:\/\/phanimmigration.com\/wp-content\/uploads\/2025\/01\/chinh-sach-quang-cao-04-300x200.jpg 300w, https:\/\/phanimmigration.com\/wp-content\/uploads\/2025\/01\/chinh-sach-quang-cao-04-768x511.jpg 768w\" sizes=\"(max-width: 800px) 100vw, 800px\" \/><figcaption id=\"caption-attachment-16545\" class=\"wp-caption-text\">Phan Immigration lu\u00f4n ti\u1ebfp nh\u1eadn \u00fd ki\u1ebfn v\u00e0 ph\u1ea3n h\u1ed3i c\u1ee7a qu\u00fd kh\u00e1ch h\u00e0ng<\/figcaption><\/figure>\n<p><b>Ch\u00ednh s\u00e1ch qu\u1ea3ng c\u00e1o<\/b> c\u1ee7a <b>Phan Immigration<\/b> \u0111\u01b0\u1ee3c x\u00e2y d\u1ef1ng d\u1ef1a tr\u00ean c\u00e1c nguy\u00ean t\u1eafc \u0111\u1ea1o \u0111\u1ee9c, tu\u00e2n th\u1ee7 ph\u00e1p lu\u1eadt v\u00e0 t\u00f4n tr\u1ecdng quy\u1ec1n l\u1ee3i c\u1ee7a kh\u00e1ch h\u00e0ng. C\u00f4ng ty lu\u00f4n n\u1ed7 l\u1ef1c c\u1ea3i thi\u1ec7n v\u00e0 ho\u00e0n thi\u1ec7n ch\u00ednh s\u00e1ch n\u00e0y \u0111\u1ec3 \u0111\u00e1p \u1ee9ng t\u1ed1t nh\u1ea5t nhu c\u1ea7u c\u1ee7a kh\u00e1ch h\u00e0ng v\u00e0 g\u00f3p ph\u1ea7n x\u00e2y d\u1ef1ng m\u00f4i tr\u01b0\u1eddng qu\u1ea3ng c\u00e1o l\u00e0nh m\u1ea1nh, chuy\u00ean nghi\u1ec7p.<\/p>\n","protected":false},"excerpt":{"rendered":"<p>Phan Immigration l\u00e0 c\u00f4ng ty t\u01b0 v\u1ea5n di tr\u00fa chuy\u00ean nghi\u1ec7p, cam k\u1ebft cung c\u1ea5p d\u1ecbch v\u1ee5 ch\u1ea5t l\u01b0\u1ee3ng cao v\u00e0 th\u00f4ng tin ch\u00ednh x\u00e1c v\u1ec1 c\u00e1c ch\u01b0\u01a1ng tr\u00ecnh \u0111\u1ecbnh c\u01b0 Canada. Ch\u00ednh s\u00e1ch qu\u1ea3ng c\u00e1o c\u1ee7a Phan Immigration \u0111\u01b0\u1ee3c thi\u1ebft k\u1ebf nh\u1eb1m \u0111\u1ea3m b\u1ea3o t\u00ednh minh b\u1ea1ch, trung th\u1ef1c v\u00e0 tu\u00e2n th\u1ee7 c\u00e1c quy [&hellip;]<\/p>\n","protected":false},"author":6,"featured_media":16543,"parent":0,"menu_order":0,"comment_status":"closed","ping_status":"closed","template":"","meta":{"_acf_changed":false,"content-type":"","om_disable_all_campaigns":false,"_monsterinsights_skip_tracking":false,"_monsterinsights_sitenote_active":false,"_monsterinsights_sitenote_note":"","_monsterinsights_sitenote_category":0,"site-sidebar-layout":"default","site-content-layout":"","ast-site-content-layout":"default","site-content-style":"default","site-sidebar-style":"default","ast-global-header-display":"","ast-banner-title-visibility":"","ast-main-header-display":"","ast-hfb-above-header-display":"","ast-hfb-below-header-display":"","ast-hfb-mobile-header-display":"","site-post-title":"","ast-breadcrumbs-content":"","ast-featured-img":"","footer-sml-layout":"","ast-disable-related-posts":"","theme-transparent-header-meta":"default","adv-header-id-meta":"","stick-header-meta":"default","header-above-stick-meta":"","header-main-stick-meta":"","header-below-stick-meta":"","astra-migrate-meta-layouts":"set","ast-page-background-enabled":"default","ast-page-background-meta":{"desktop":{"background-color":"","background-image":"","background-repeat":"repeat","background-position":"center center","background-size":"auto","background-attachment":"scroll","background-type":"","background-media":"","overlay-type":"","overlay-color":"","overlay-opacity":"","overlay-gradient":""},"tablet":{"background-color":"","background-image":"","background-repeat":"repeat","background-position":"center center","background-size":"auto","background-attachment":"scroll","background-type":"","background-media":"","overlay-type":"","overlay-color":"","overlay-opacity":"","overlay-gradient":""},"mobile":{"background-color":"","background-image":"","background-repeat":"repeat","background-position":"center center","background-size":"auto","background-attachment":"scroll","background-type":"","background-media":"","overlay-type":"","overlay-color":"","overlay-opacity":"","overlay-gradient":""}},"ast-content-background-meta":{"desktop":{"background-color":"var(--ast-global-color-5)","background-image":"","background-repeat":"repeat","background-position":"center center","background-size":"auto","background-attachment":"scroll","background-type":"","background-media":"","overlay-type":"","overlay-color":"","overlay-opacity":"","overlay-gradient":""},"tablet":{"background-color":"var(--ast-global-color-5)","background-image":"","background-repeat":"repeat","background-position":"center center","background-size":"auto","background-attachment":"scroll","background-type":"","background-media":"","overlay-type":"","overlay-color":"","overlay-opacity":"","overlay-gradient":""},"mobile":{"background-color":"var(--ast-global-color-5)","background-image":"","background-repeat":"repeat","background-position":"center center","background-size":"auto","background-attachment":"scroll","background-type":"","background-media":"","overlay-type":"","overlay-color":"","overlay-opacity":"","overlay-gradient":""}},"footnotes":""},"class_list":["post-16538","page","type-page","status-publish","has-post-thumbnail","hentry"],"acf":[],"_links":{"self":[{"href":"https:\/\/phanimmigration.com\/vi\/wp-json\/wp\/v2\/pages\/16538","targetHints":{"allow":["GET"]}}],"collection":[{"href":"https:\/\/phanimmigration.com\/vi\/wp-json\/wp\/v2\/pages"}],"about":[{"href":"https:\/\/phanimmigration.com\/vi\/wp-json\/wp\/v2\/types\/page"}],"author":[{"embeddable":true,"href":"https:\/\/phanimmigration.com\/vi\/wp-json\/wp\/v2\/users\/6"}],"replies":[{"embeddable":true,"href":"https:\/\/phanimmigration.com\/vi\/wp-json\/wp\/v2\/comments?post=16538"}],"version-history":[{"count":1,"href":"https:\/\/phanimmigration.com\/vi\/wp-json\/wp\/v2\/pages\/16538\/revisions"}],"predecessor-version":[{"id":16547,"href":"https:\/\/phanimmigration.com\/vi\/wp-json\/wp\/v2\/pages\/16538\/revisions\/16547"}],"wp:featuredmedia":[{"embeddable":true,"href":"https:\/\/phanimmigration.com\/vi\/wp-json\/wp\/v2\/media\/16543"}],"wp:attachment":[{"href":"https:\/\/phanimmigration.com\/vi\/wp-json\/wp\/v2\/media?parent=16538"}],"curies":[{"name":"wp","href":"https:\/\/api.w.org\/{rel}","templated":true}]}}