{"id":16532,"date":"2025-01-11T18:02:53","date_gmt":"2025-01-11T11:02:53","guid":{"rendered":"https:\/\/phanimmigration.com\/?page_id=16532"},"modified":"2025-02-20T14:06:13","modified_gmt":"2025-02-20T07:06:13","slug":"dieu-khoan-mien-tru-trach-nhiem","status":"publish","type":"page","link":"https:\/\/phanimmigration.com\/vi\/dieu-khoan-mien-tru-trach-nhiem\/","title":{"rendered":"\u0110i\u1ec1u kho\u1ea3n mi\u1ec5n tr\u1eeb tr\u00e1ch nhi\u1ec7m c\u1ee7a Phan Immigration"},"content":{"rendered":"<p>Phan Immigration cam k\u1ebft cung c\u1ea5p th\u00f4ng tin ch\u00ednh x\u00e1c v\u00e0 \u0111\u00e1ng tin c\u1eady tr\u00ean website. Tuy nhi\u00ean, ch\u00fang t\u00f4i kh\u00f4ng \u0111\u1ea3m b\u1ea3o to\u00e0n b\u1ed9 n\u1ed9i dung s\u1ebd ho\u00e0n to\u00e0n kh\u00f4ng c\u00f3 sai s\u00f3t ho\u1eb7c thi\u1ebfu s\u00f3t. T\u1ea5t c\u1ea3 th\u00f4ng tin \u0111\u01b0\u1ee3c ch\u00fang t\u00f4i cung c\u1ea5p nh\u1eb1m m\u1ee5c \u0111\u00edch tham kh\u1ea3o v\u00e0 kh\u00f4ng \u0111\u01b0\u1ee3c xem l\u00e0 l\u1eddi khuy\u00ean ph\u00e1p l\u00fd, t\u00e0i ch\u00ednh hay t\u01b0 v\u1ea5n chuy\u00ean m\u00f4n.<\/p>\n<p>Ng\u01b0\u1eddi d\u00f9ng s\u1ebd ph\u1ea3i t\u1ef1 ch\u1ecbu tr\u00e1ch nhi\u1ec7m \u0111\u1ed1i v\u1edbi vi\u1ec7c s\u1eed d\u1ee5ng ho\u1eb7c d\u1ef1a v\u00e0o n\u1ed9i dung tr\u00ean website. Phan Immigration kh\u00f4ng ch\u1ecbu tr\u00e1ch nhi\u1ec7m ph\u00e1p l\u00fd \u0111\u1ed1i v\u1edbi b\u1ea5t k\u1ef3 t\u1ed5n th\u1ea5t ho\u1eb7c thi\u1ec7t h\u1ea1i n\u00e0o ph\u00e1t sinh t\u1eeb vi\u1ec7c s\u1eed d\u1ee5ng th\u00f4ng tin tr\u00ean website.<\/p>\n<p>Ch\u00fang t\u00f4i c\u00f3 quy\u1ec1n ch\u1ec9nh s\u1eeda, c\u1eadp nh\u1eadt ho\u1eb7c x\u00f3a b\u1ecf b\u1ea5t k\u1ef3 n\u1ed9i dung m\u00e0 kh\u00f4ng c\u1ea7n th\u00f4ng b\u00e1o tr\u01b0\u1edbc. \u0110\u1ed3ng th\u1eddi, c\u00e1c li\u00ean k\u1ebft \u0111\u1ebfn trang web b\u00ean ngo\u00e0i c\u00f3 th\u1ec3 \u0111\u01b0\u1ee3c cung c\u1ea5p, nh\u01b0ng Phan Immigration kh\u00f4ng ki\u1ec3m so\u00e1t v\u00e0 kh\u00f4ng ch\u1ecbu tr\u00e1ch nhi\u1ec7m v\u1ec1 n\u1ed9i dung ho\u1eb7c t\u00ednh ch\u00ednh x\u00e1c c\u1ee7a c\u00e1c trang \u0111\u00f3.<\/p>\n<figure id=\"attachment_16913\" aria-describedby=\"caption-attachment-16913\" style=\"width: 800px\" class=\"wp-caption aligncenter\"><img fetchpriority=\"high\" decoding=\"async\" class=\"wp-image-16913 size-full\" src=\"https:\/\/phanimmigration.com\/wp-content\/uploads\/2025\/02\/phan-immigration2501-2.jpg\" alt=\"Phan Immigration kh\u00f4ng ch\u1ecbu tr\u00e1ch nhi\u1ec7m t\u1ed5n th\u1ea5t, thi\u1ec7t h\u1ea1i ph\u00e1t sinh t\u1eeb th\u00f4ng tin tr\u00ean website\" width=\"800\" height=\"532\" srcset=\"https:\/\/phanimmigration.com\/wp-content\/uploads\/2025\/02\/phan-immigration2501-2.jpg 800w, https:\/\/phanimmigration.com\/wp-content\/uploads\/2025\/02\/phan-immigration2501-2-300x200.jpg 300w, https:\/\/phanimmigration.com\/wp-content\/uploads\/2025\/02\/phan-immigration2501-2-768x511.jpg 768w\" sizes=\"(max-width: 800px) 100vw, 800px\" \/><figcaption id=\"caption-attachment-16913\" class=\"wp-caption-text\">Phan Immigration kh\u00f4ng ch\u1ecbu tr\u00e1ch nhi\u1ec7m t\u1ed5n th\u1ea5t, thi\u1ec7t h\u1ea1i ph\u00e1t sinh t\u1eeb th\u00f4ng tin tr\u00ean website<\/figcaption><\/figure>\n<p>Vi\u1ec7c truy c\u1eadp v\u00e0 s\u1eed d\u1ee5ng website Phan Immigration \u0111\u1ed3ng ngh\u0129a v\u1edbi vi\u1ec7c b\u1ea1n \u0111\u00e3 \u0111\u1ed3ng \u00fd v\u1edbi c\u00e1c \u0111i\u1ec1u kho\u1ea3n mi\u1ec5n tr\u1eeb tr\u00e1ch nhi\u1ec7m c\u1ee7a ch\u00fang t\u00f4i. N\u1ebfu kh\u00f4ng \u0111\u1ed3ng \u00fd, vui l\u00f2ng ng\u1eebng s\u1eed d\u1ee5ng website c\u1ee7a Phan Immigration \u0111\u1ec3 tr\u00e1nh t\u1ed5n th\u1ea5t cho c\u1ea3 2 b\u00ean.<\/p>\n","protected":false},"excerpt":{"rendered":"<p>Phan Immigration cam k\u1ebft cung c\u1ea5p th\u00f4ng tin ch\u00ednh x\u00e1c v\u00e0 \u0111\u00e1ng tin c\u1eady tr\u00ean website. Tuy nhi\u00ean, ch\u00fang t\u00f4i kh\u00f4ng \u0111\u1ea3m b\u1ea3o to\u00e0n b\u1ed9 n\u1ed9i dung s\u1ebd ho\u00e0n to\u00e0n kh\u00f4ng c\u00f3 sai s\u00f3t ho\u1eb7c thi\u1ebfu s\u00f3t. T\u1ea5t c\u1ea3 th\u00f4ng tin \u0111\u01b0\u1ee3c ch\u00fang t\u00f4i cung c\u1ea5p nh\u1eb1m m\u1ee5c \u0111\u00edch tham kh\u1ea3o v\u00e0 kh\u00f4ng \u0111\u01b0\u1ee3c xem [&hellip;]<\/p>\n","protected":false},"author":6,"featured_media":16533,"parent":0,"menu_order":0,"comment_status":"closed","ping_status":"closed","template":"","meta":{"_acf_changed":false,"content-type":"","om_disable_all_campaigns":false,"_monsterinsights_skip_tracking":false,"_monsterinsights_sitenote_active":false,"_monsterinsights_sitenote_note":"","_monsterinsights_sitenote_category":0,"site-sidebar-layout":"default","site-content-layout":"","ast-site-content-layout":"default","site-content-style":"default","site-sidebar-style":"default","ast-global-header-display":"","ast-banner-title-visibility":"","ast-main-header-display":"","ast-hfb-above-header-display":"","ast-hfb-below-header-display":"","ast-hfb-mobile-header-display":"","site-post-title":"","ast-breadcrumbs-content":"","ast-featured-img":"","footer-sml-layout":"","ast-disable-related-posts":"","theme-transparent-header-meta":"default","adv-header-id-meta":"","stick-header-meta":"default","header-above-stick-meta":"","header-main-stick-meta":"","header-below-stick-meta":"","astra-migrate-meta-layouts":"set","ast-page-background-enabled":"default","ast-page-background-meta":{"desktop":{"background-color":"","background-image":"","background-repeat":"repeat","background-position":"center center","background-size":"auto","background-attachment":"scroll","background-type":"","background-media":"","overlay-type":"","overlay-color":"","overlay-opacity":"","overlay-gradient":""},"tablet":{"background-color":"","background-image":"","background-repeat":"repeat","background-position":"center center","background-size":"auto","background-attachment":"scroll","background-type":"","background-media":"","overlay-type":"","overlay-color":"","overlay-opacity":"","overlay-gradient":""},"mobile":{"background-color":"","background-image":"","background-repeat":"repeat","background-position":"center center","background-size":"auto","background-attachment":"scroll","background-type":"","background-media":"","overlay-type":"","overlay-color":"","overlay-opacity":"","overlay-gradient":""}},"ast-content-background-meta":{"desktop":{"background-color":"var(--ast-global-color-5)","background-image":"","background-repeat":"repeat","background-position":"center center","background-size":"auto","background-attachment":"scroll","background-type":"","background-media":"","overlay-type":"","overlay-color":"","overlay-opacity":"","overlay-gradient":""},"tablet":{"background-color":"var(--ast-global-color-5)","background-image":"","background-repeat":"repeat","background-position":"center center","background-size":"auto","background-attachment":"scroll","background-type":"","background-media":"","overlay-type":"","overlay-color":"","overlay-opacity":"","overlay-gradient":""},"mobile":{"background-color":"var(--ast-global-color-5)","background-image":"","background-repeat":"repeat","background-position":"center center","background-size":"auto","background-attachment":"scroll","background-type":"","background-media":"","overlay-type":"","overlay-color":"","overlay-opacity":"","overlay-gradient":""}},"footnotes":""},"class_list":["post-16532","page","type-page","status-publish","has-post-thumbnail","hentry"],"acf":[],"_links":{"self":[{"href":"https:\/\/phanimmigration.com\/vi\/wp-json\/wp\/v2\/pages\/16532","targetHints":{"allow":["GET"]}}],"collection":[{"href":"https:\/\/phanimmigration.com\/vi\/wp-json\/wp\/v2\/pages"}],"about":[{"href":"https:\/\/phanimmigration.com\/vi\/wp-json\/wp\/v2\/types\/page"}],"author":[{"embeddable":true,"href":"https:\/\/phanimmigration.com\/vi\/wp-json\/wp\/v2\/users\/6"}],"replies":[{"embeddable":true,"href":"https:\/\/phanimmigration.com\/vi\/wp-json\/wp\/v2\/comments?post=16532"}],"version-history":[{"count":2,"href":"https:\/\/phanimmigration.com\/vi\/wp-json\/wp\/v2\/pages\/16532\/revisions"}],"predecessor-version":[{"id":16915,"href":"https:\/\/phanimmigration.com\/vi\/wp-json\/wp\/v2\/pages\/16532\/revisions\/16915"}],"wp:featuredmedia":[{"embeddable":true,"href":"https:\/\/phanimmigration.com\/vi\/wp-json\/wp\/v2\/media\/16533"}],"wp:attachment":[{"href":"https:\/\/phanimmigration.com\/vi\/wp-json\/wp\/v2\/media?parent=16532"}],"curies":[{"name":"wp","href":"https:\/\/api.w.org\/{rel}","templated":true}]}}