{"id":16508,"date":"2025-01-10T18:06:37","date_gmt":"2025-01-10T11:06:37","guid":{"rendered":"https:\/\/phanimmigration.com\/?page_id=16508"},"modified":"2025-01-15T13:51:17","modified_gmt":"2025-01-15T06:51:17","slug":"chinh-sach-thanh-toan","status":"publish","type":"page","link":"https:\/\/phanimmigration.com\/vi\/chinh-sach-thanh-toan\/","title":{"rendered":"Ch\u00ednh s\u00e1ch thanh to\u00e1n chuy\u00ean nghi\u1ec7p t\u1ea1i Phan Immigration"},"content":{"rendered":"<p>Phan Immigration t\u1ef1 h\u00e0o l\u00e0 c\u1ea7u n\u1ed1i gi\u00fap qu\u00fd kh\u00e1ch h\u00e0ng \u0111\u1ebfn g\u1ea7n h\u01a1n v\u1edbi cu\u1ed9c s\u1ed1ng m\u1edbi t\u1ea1i Canada. Ch\u00fang t\u00f4i cam k\u1ebft mang \u0111\u1ebfn d\u1ecbch v\u1ee5 chuy\u00ean nghi\u1ec7p, minh b\u1ea1ch v\u00e0 hi\u1ec7u qu\u1ea3 cao. Do \u0111\u00f3, vi\u1ec7c hi\u1ec3u r\u00f5 ch\u00ednh s\u00e1ch thanh to\u00e1n c\u1ee7a Phan Immigration l\u00e0 m\u1ed9t trong nh\u1eefng y\u1ebfu t\u1ed1 quan tr\u1ecdng \u0111\u1ec3 b\u1ea1n c\u00f3 th\u1ec3 \u0111\u01b0a ra quy\u1ebft \u0111\u1ecbnh \u0111\u00fang \u0111\u1eafn v\u00e0 y\u00ean t\u00e2m giao ph\u00f3 h\u1ed3 s\u01a1 c\u1ee7a m\u00ecnh. Ch\u00fang t\u00f4i lu\u00f4n trong t\u00e2m th\u1ebf s\u1eb5n s\u00e0ng gi\u1ea3i \u0111\u00e1p m\u1ecdi th\u1eafc m\u1eafc c\u1ee7a qu\u00fd kh\u00e1ch.<\/p>\n<h2><strong>H\u00ecnh th\u1ee9c thanh to\u00e1n linh ho\u1ea1t t\u1ea1i Phan Immigration<\/strong><\/h2>\n<p>Phan Immigration hi\u1ec3u r\u00f5 r\u1eb1ng m\u1ed7i kh\u00e1ch h\u00e0ng s\u1ebd c\u00f3 nhu c\u1ea7u v\u00e0 kh\u1ea3 n\u0103ng thanh to\u00e1n kh\u00e1c nhau. Do \u0111\u00f3, ch\u00fang t\u00f4i cung c\u1ea5p nhi\u1ec1u h\u00ecnh th\u1ee9c thanh to\u00e1n linh ho\u1ea1t \u0111\u1ec3 \u0111\u00e1p \u1ee9ng nhu c\u1ea7u \u0111a d\u1ea1ng.<\/p>\n<ul>\n<li><b>Thanh to\u00e1n tr\u1ef1c ti\u1ebfp:<\/b> Qu\u00fd kh\u00e1ch c\u00f3 th\u1ec3 thanh to\u00e1n tr\u1ef1c ti\u1ebfp t\u1ea1i v\u0103n ph\u00f2ng t\u1ea1i Toronto, Canada ho\u1eb7c Qu\u1eadn 3, TP.HCM \u0111\u1ec3 thanh to\u00e1n.<\/li>\n<li><b>Chuy\u1ec3n kho\u1ea3n ng\u00e2n h\u00e0ng:<\/b> Ch\u00fang t\u00f4i h\u1ed7 tr\u1ee3 chuy\u1ec3n kho\u1ea3n qua t\u1ea5t c\u1ea3 c\u00e1c ng\u00e2n h\u00e0ng t\u1ea1i Vi\u1ec7t Nam v\u00e0 Canada, qu\u00fd kh\u00e1ch vui l\u00f2ng li\u00ean h\u1ec7 v\u1edbi ch\u00fang t\u00f4i \u0111\u1ec3 nh\u1eadn th\u00f4ng tin t\u00e0i kho\u1ea3n chi ti\u1ebft.<\/li>\n<li><b>Thanh to\u00e1n tr\u1ef1c tuy\u1ebfn:<\/b> Ch\u00fang t\u00f4i cung c\u1ea5p thanh to\u00e1n qua c\u00e1c c\u1ed5ng thanh to\u00e1n \u0111i\u1ec7n t\u1eed nh\u01b0 Stripe.<\/li>\n<\/ul>\n<figure id=\"attachment_16511\" aria-describedby=\"caption-attachment-16511\" style=\"width: 800px\" class=\"wp-caption aligncenter\"><img fetchpriority=\"high\" decoding=\"async\" class=\"wp-image-16511 size-full\" src=\"https:\/\/phanimmigration.com\/wp-content\/uploads\/2025\/01\/chinh-sach-thanh-toan-02.jpg\" alt=\"Phan Immigration \u00e1p d\u1ee5ng ph\u01b0\u01a1ng ph\u00e1p thanh to\u00e1n \u0111a d\u1ea1ng\" width=\"800\" height=\"532\" srcset=\"https:\/\/phanimmigration.com\/wp-content\/uploads\/2025\/01\/chinh-sach-thanh-toan-02.jpg 800w, https:\/\/phanimmigration.com\/wp-content\/uploads\/2025\/01\/chinh-sach-thanh-toan-02-300x200.jpg 300w, https:\/\/phanimmigration.com\/wp-content\/uploads\/2025\/01\/chinh-sach-thanh-toan-02-768x511.jpg 768w\" sizes=\"(max-width: 800px) 100vw, 800px\" \/><figcaption id=\"caption-attachment-16511\" class=\"wp-caption-text\">Phan Immigration \u00e1p d\u1ee5ng ph\u01b0\u01a1ng ph\u00e1p thanh to\u00e1n \u0111a d\u1ea1ng<\/figcaption><\/figure>\n<h2><strong>Quy tr\u00ecnh thanh to\u00e1n thi\u1ebft k\u1ebf r\u00f5 r\u00e0ng, minh b\u1ea1ch<\/strong><\/h2>\n<p>Quy tr\u00ecnh thanh to\u00e1n c\u1ee7a Phan Immigration \u0111\u01b0\u1ee3c thi\u1ebft k\u1ebf r\u00f5 r\u00e0ng \u0111\u1ec3 \u0111\u1ea3m b\u1ea3o s\u1ef1 minh b\u1ea1ch trong m\u1ecdi giao d\u1ecbch. C\u00e1c b\u01b0\u1edbc thanh to\u00e1n \u0111\u01b0\u1ee3c ti\u1ebfn h\u00e0nh nh\u01b0 sau:<\/p>\n<ul>\n<li><b>B\u01b0\u1edbc 1: K\u00fd h\u1ee3p \u0111\u1ed3ng d\u1ecbch v\u1ee5:<\/b> Sau khi kh\u00e1ch h\u00e0ng \u0111\u1ed3ng \u00fd s\u1eed d\u1ee5ng d\u1ecbch v\u1ee5 t\u1ea1i Phan Immigration, h\u1ee3p \u0111\u1ed3ng s\u1ebd \u0111\u01b0\u1ee3c l\u1eadp ra c\u00f3 chi ti\u1ebft v\u1ec1 chi ph\u00ed v\u00e0 l\u1ed9 tr\u00ecnh thanh to\u00e1n.<\/li>\n<li><b>B\u01b0\u1edbc 2: X\u00e1c nh\u1eadn thanh to\u00e1n ban \u0111\u1ea7u:<\/b> Thanh to\u00e1n ban \u0111\u1ea7u \u0111\u01b0\u1ee3c y\u00eau c\u1ea7u \u0111\u1ec3 b\u1eaft \u0111\u1ea7u quy tr\u00ecnh x\u1eed l\u00fd h\u1ed3 s\u01a1.<\/li>\n<li><b>B\u01b0\u1edbc 3: Theo d\u00f5i v\u00e0 b\u00e1o c\u00e1o:<\/b> Qu\u00e1 tr\u00ecnh thanh to\u00e1n \u0111\u01b0\u1ee3c theo d\u00f5i v\u00e0 qu\u00fd kh\u00e1ch h\u00e0ng s\u1ebd nh\u1eadn b\u00e1o c\u00e1o minh b\u1ea1ch.<\/li>\n<li><b>B\u01b0\u1edbc 4: Thanh to\u00e1n l\u1ea7n cu\u1ed1i:<\/b> Khi d\u1ecbch v\u1ee5 ho\u00e0n t\u1ea5t, qu\u00fd kh\u00e1ch ho\u00e0n t\u1ea5t chi ph\u00ed c\u00f2n l\u1ea1i.<\/li>\n<\/ul>\n<h2><strong>Phan Immigration cam k\u1ebft an to\u00e0n v\u00e0 b\u1ea3o m\u1eadt<\/strong><\/h2>\n<p>S\u1ef1 an to\u00e0n v\u00e0 b\u1ea3o m\u1eadt trong giao d\u1ecbch l\u00e0 \u01b0u ti\u00ean h\u00e0ng \u0111\u1ea7u t\u1ea1i Phan Immigration. Ch\u00fang t\u00f4i s\u1eed d\u1ee5ng c\u00e1c c\u00f4ng ngh\u1ec7 b\u1ea3o m\u1eadt h\u00e0ng \u0111\u1ea7u \u0111\u1ec3 \u0111\u1ea3m b\u1ea3o m\u1ecdi giao d\u1ecbch \u0111\u01b0\u1ee3c th\u1ef1c hi\u1ec7n m\u1ed9t c\u00e1ch an to\u00e0n nh\u1ea5t.<\/p>\n<ul>\n<li><b>M\u00e3 ho\u00e1 SSL:<\/b> M\u1ecdi giao d\u1ecbch tr\u00ean h\u1ec7 th\u1ed1ng thanh to\u00e1n tr\u1ef1c tuy\u1ebfn \u0111\u1ec1u \u0111\u01b0\u1ee3c Phan Immigration b\u1ea3o v\u1ec7 b\u1eb1ng giao th\u1ee9c SSL.<\/li>\n<li><b>B\u1ea3o m\u1eadt th\u00f4ng tin kh\u00e1ch h\u00e0ng:<\/b> T\u1ea5t c\u1ea3 th\u00f4ng tin thanh to\u00e1n \u0111\u01b0\u1ee3c b\u1ea3o m\u1eadt tuy\u1ec7t \u0111\u1ed1i.<\/li>\n<li><b>Ki\u1ec3m tra giao d\u1ecbch:<\/b> Ch\u00fang t\u00f4i lu\u00f4n ki\u1ec3m tra giao d\u1ecbch \u0111\u1ec3 ph\u00e1t hi\u1ec7n b\u1ea5t k\u1ef3 nghi v\u1ea5n v\u1ec1 gian l\u1eadn.<\/li>\n<\/ul>\n<figure id=\"attachment_16509\" aria-describedby=\"caption-attachment-16509\" style=\"width: 800px\" class=\"wp-caption aligncenter\"><img decoding=\"async\" class=\"wp-image-16509 size-full\" src=\"https:\/\/phanimmigration.com\/wp-content\/uploads\/2025\/01\/chinh-sach-thanh-toan-01.jpg\" alt=\"Phan Immigration cam k\u1ebft an to\u00e0n v\u00e0 b\u1ea3o m\u1eadt th\u00f4ng tin tuy\u1ec7t \u0111\u1ed1i cho kh\u00e1ch h\u00e0ng\" width=\"800\" height=\"532\" srcset=\"https:\/\/phanimmigration.com\/wp-content\/uploads\/2025\/01\/chinh-sach-thanh-toan-01.jpg 800w, https:\/\/phanimmigration.com\/wp-content\/uploads\/2025\/01\/chinh-sach-thanh-toan-01-300x200.jpg 300w, https:\/\/phanimmigration.com\/wp-content\/uploads\/2025\/01\/chinh-sach-thanh-toan-01-768x511.jpg 768w\" sizes=\"(max-width: 800px) 100vw, 800px\" \/><figcaption id=\"caption-attachment-16509\" class=\"wp-caption-text\">Phan Immigration cam k\u1ebft an to\u00e0n v\u00e0 b\u1ea3o m\u1eadt th\u00f4ng tin tuy\u1ec7t \u0111\u1ed1i cho kh\u00e1ch h\u00e0ng<\/figcaption><\/figure>\n<h2><strong>L\u1ee3i \u00edch khi l\u1ef1a ch\u1ecdn Phan Immigration<\/strong><\/h2>\n<p>Phan Immigration lu\u00f4n tu\u00e2n th\u1ee7 ch\u00ednh s\u00e1ch thanh to\u00e1n chuy\u00ean nghi\u1ec7p \u0111em l\u1ea1i nhi\u1ec1u l\u1ee3i \u00edch cho kh\u00e1ch h\u00e0ng t\u1ed1t nh\u1ea5t.<\/p>\n<ul>\n<li><b>Minh b\u1ea1ch v\u1ec1 chi ph\u00ed:<\/b> Kh\u00e1ch h\u00e0ng lu\u00f4n bi\u1ebft r\u00f5 c\u00e1c kho\u1ea3n chi ph\u00ed trong t\u1eebng giai \u0111o\u1ea1n.<\/li>\n<li><b>Thu\u1eadn ti\u1ec7n khi giao d\u1ecbch:<\/b> Cung c\u1ea5p nhi\u1ec1u ph\u01b0\u01a1ng th\u1ee9c thanh to\u00e1n linh ho\u1ea1t.<\/li>\n<li><b>T\u0103ng \u0111\u1ed9 tin c\u1eady:<\/b> Quy tr\u00ecnh minh b\u1ea1ch v\u00e0 b\u1ea3o m\u1eadt cao gi\u00fap kh\u00e1ch h\u00e0ng y\u00ean t\u00e2m khi giao d\u1ecbch.<\/li>\n<\/ul>\n<p>Ch\u00ednh s\u00e1ch thanh to\u00e1n chuy\u00ean nghi\u1ec7p l\u00e0 m\u1ed9t trong nh\u1eefng l\u00fd do khi\u1ebfn Phan Immigration tr\u1edf th\u00e0nh l\u1ef1a ch\u1ecdn h\u00e0ng \u0111\u1ea7u c\u1ee7a nh\u1eefng ai c\u00f3 nhu c\u1ea7u nh\u1eadp c\u01b0 t\u1ea1i Canada. \u0110\u1ec3 bi\u1ebft th\u00eam v\u1ec1 d\u1ecbch v\u1ee5 v\u00e0 quy tr\u00ecnh thanh to\u00e1n, h\u00e3y li\u00ean h\u1ec7 ngay v\u1edbi Phan Immigration \u0111\u1ec3 \u0111\u01b0\u1ee3c t\u01b0 v\u1ea5n chi ti\u1ebft!<\/p>\n","protected":false},"excerpt":{"rendered":"<p>Phan Immigration t\u1ef1 h\u00e0o l\u00e0 c\u1ea7u n\u1ed1i gi\u00fap qu\u00fd kh\u00e1ch h\u00e0ng \u0111\u1ebfn g\u1ea7n h\u01a1n v\u1edbi cu\u1ed9c s\u1ed1ng m\u1edbi t\u1ea1i Canada. Ch\u00fang t\u00f4i cam k\u1ebft mang \u0111\u1ebfn d\u1ecbch v\u1ee5 chuy\u00ean nghi\u1ec7p, minh b\u1ea1ch v\u00e0 hi\u1ec7u qu\u1ea3 cao. Do \u0111\u00f3, vi\u1ec7c hi\u1ec3u r\u00f5 ch\u00ednh s\u00e1ch thanh to\u00e1n c\u1ee7a Phan Immigration l\u00e0 m\u1ed9t trong nh\u1eefng y\u1ebfu t\u1ed1 quan [&hellip;]<\/p>\n","protected":false},"author":6,"featured_media":16513,"parent":0,"menu_order":0,"comment_status":"closed","ping_status":"closed","template":"","meta":{"_acf_changed":false,"content-type":"","om_disable_all_campaigns":false,"_monsterinsights_skip_tracking":false,"_monsterinsights_sitenote_active":false,"_monsterinsights_sitenote_note":"","_monsterinsights_sitenote_category":0,"site-sidebar-layout":"default","site-content-layout":"","ast-site-content-layout":"default","site-content-style":"default","site-sidebar-style":"default","ast-global-header-display":"","ast-banner-title-visibility":"","ast-main-header-display":"","ast-hfb-above-header-display":"","ast-hfb-below-header-display":"","ast-hfb-mobile-header-display":"","site-post-title":"","ast-breadcrumbs-content":"","ast-featured-img":"","footer-sml-layout":"","ast-disable-related-posts":"","theme-transparent-header-meta":"default","adv-header-id-meta":"","stick-header-meta":"default","header-above-stick-meta":"","header-main-stick-meta":"","header-below-stick-meta":"","astra-migrate-meta-layouts":"set","ast-page-background-enabled":"default","ast-page-background-meta":{"desktop":{"background-color":"","background-image":"","background-repeat":"repeat","background-position":"center center","background-size":"auto","background-attachment":"scroll","background-type":"","background-media":"","overlay-type":"","overlay-color":"","overlay-opacity":"","overlay-gradient":""},"tablet":{"background-color":"","background-image":"","background-repeat":"repeat","background-position":"center center","background-size":"auto","background-attachment":"scroll","background-type":"","background-media":"","overlay-type":"","overlay-color":"","overlay-opacity":"","overlay-gradient":""},"mobile":{"background-color":"","background-image":"","background-repeat":"repeat","background-position":"center center","background-size":"auto","background-attachment":"scroll","background-type":"","background-media":"","overlay-type":"","overlay-color":"","overlay-opacity":"","overlay-gradient":""}},"ast-content-background-meta":{"desktop":{"background-color":"var(--ast-global-color-5)","background-image":"","background-repeat":"repeat","background-position":"center center","background-size":"auto","background-attachment":"scroll","background-type":"","background-media":"","overlay-type":"","overlay-color":"","overlay-opacity":"","overlay-gradient":""},"tablet":{"background-color":"var(--ast-global-color-5)","background-image":"","background-repeat":"repeat","background-position":"center center","background-size":"auto","background-attachment":"scroll","background-type":"","background-media":"","overlay-type":"","overlay-color":"","overlay-opacity":"","overlay-gradient":""},"mobile":{"background-color":"var(--ast-global-color-5)","background-image":"","background-repeat":"repeat","background-position":"center center","background-size":"auto","background-attachment":"scroll","background-type":"","background-media":"","overlay-type":"","overlay-color":"","overlay-opacity":"","overlay-gradient":""}},"footnotes":""},"class_list":["post-16508","page","type-page","status-publish","has-post-thumbnail","hentry"],"acf":[],"_links":{"self":[{"href":"https:\/\/phanimmigration.com\/vi\/wp-json\/wp\/v2\/pages\/16508","targetHints":{"allow":["GET"]}}],"collection":[{"href":"https:\/\/phanimmigration.com\/vi\/wp-json\/wp\/v2\/pages"}],"about":[{"href":"https:\/\/phanimmigration.com\/vi\/wp-json\/wp\/v2\/types\/page"}],"author":[{"embeddable":true,"href":"https:\/\/phanimmigration.com\/vi\/wp-json\/wp\/v2\/users\/6"}],"replies":[{"embeddable":true,"href":"https:\/\/phanimmigration.com\/vi\/wp-json\/wp\/v2\/comments?post=16508"}],"version-history":[{"count":1,"href":"https:\/\/phanimmigration.com\/vi\/wp-json\/wp\/v2\/pages\/16508\/revisions"}],"predecessor-version":[{"id":16515,"href":"https:\/\/phanimmigration.com\/vi\/wp-json\/wp\/v2\/pages\/16508\/revisions\/16515"}],"wp:featuredmedia":[{"embeddable":true,"href":"https:\/\/phanimmigration.com\/vi\/wp-json\/wp\/v2\/media\/16513"}],"wp:attachment":[{"href":"https:\/\/phanimmigration.com\/vi\/wp-json\/wp\/v2\/media?parent=16508"}],"curies":[{"name":"wp","href":"https:\/\/api.w.org\/{rel}","templated":true}]}}