{"id":16498,"date":"2025-01-10T17:33:26","date_gmt":"2025-01-10T10:33:26","guid":{"rendered":"https:\/\/phanimmigration.com\/?page_id=16498"},"modified":"2025-01-10T17:33:26","modified_gmt":"2025-01-10T10:33:26","slug":"chinh-sach-dieu-khoan","status":"publish","type":"page","link":"https:\/\/phanimmigration.com\/vi\/chinh-sach-dieu-khoan\/","title":{"rendered":"Ch\u00ednh s\u00e1ch \u0111i\u1ec1u kho\u1ea3n c\u1ee7a Phan Immigration"},"content":{"rendered":"<p>Phan Immigration l\u00e0 m\u1ed9t trong nh\u1eefng \u0111\u01a1n v\u1ecb h\u00e0ng \u0111\u1ea7u trong l\u0129nh v\u1ef1c t\u01b0 v\u1ea5n di tr\u00fa v\u00e0 \u0111\u1ecbnh c\u01b0 Canada. V\u1edbi h\u01a1n 15 n\u0103m kinh nghi\u1ec7m, ch\u00fang t\u00f4i \u0111\u00e3 \u0111\u1ed3ng h\u00e0nh c\u00f9ng h\u00e0ng ng\u00e0n kh\u00e1ch h\u00e0ng th\u1ef1c hi\u1ec7n th\u00e0nh c\u00f4ng gi\u1ea5c m\u01a1 \u0111\u1ecbnh c\u01b0 t\u1ea1i n\u01b0\u1edbc ngo\u00e0i. \u0110\u1ec3 \u0111\u1ea3m b\u1ea3o quy\u1ec1n l\u1ee3i c\u1ee7a c\u1ea3 kh\u00e1ch h\u00e0ng v\u00e0 c\u00f4ng ty, Phan Immigration \u0111\u00e3 x\u00e2y d\u1ef1ng m\u1ed9t ch\u00ednh s\u00e1ch \u0111i\u1ec1u kho\u1ea3n r\u00f5 r\u00e0ng v\u00e0 chi ti\u1ebft nh\u1ea5t, gi\u00fap kh\u00e1ch h\u00e0ng hi\u1ec3u r\u00f5 v\u1ec1 quy\u1ec1n l\u1ee3i v\u00e0 ngh\u0129a v\u1ee5 c\u1ee7a m\u00ecnh \u0111\u1ec3 th\u1ec3 hi\u1ec7n s\u1ef1 chuy\u00ean nghi\u1ec7p v\u00e0 tr\u00e1ch nhi\u1ec7m c\u1ee7a ch\u00fang t\u00f4i.<\/p>\n<h2><strong>Ph\u1ea1m vi \u00e1p d\u1ee5ng<\/strong><\/h2>\n<p>Ch\u00ednh s\u00e1ch \u0111i\u1ec1u kho\u1ea3n s\u1ebd \u0111\u01b0\u1ee3c \u00e1p d\u1ee5ng cho t\u1ea5t c\u1ea3 c\u00e1c c\u00e1 nh\u00e2n v\u00e0 t\u1ed5 ch\u1ee9c c\u00f3 li\u00ean quan \u0111\u1ebfn Phan Immigration.<\/p>\n<ul>\n<li><b>Kh\u00e1ch h\u00e0ng:<\/b> T\u1ea5t c\u1ea3 c\u00e1c c\u00e1 nh\u00e2n ho\u1eb7c t\u1ed5 ch\u1ee9c s\u1eed d\u1ee5ng d\u1ecbch v\u1ee5 t\u01b0 v\u1ea5n di tr\u00fa v\u00e0 \u0111\u1ecbnh c\u01b0 Canada c\u1ee7a Phan Immigration.<\/li>\n<li><b>\u0110\u1ed1i t\u00e1c:<\/b> C\u00e1c t\u1ed5 ch\u1ee9c, c\u00e1 nh\u00e2n h\u1ee3p t\u00e1c v\u1edbi Phan Immigration \u0111\u1ec3 cung c\u1ea5p d\u1ecbch v\u1ee5 ho\u1eb7c s\u1ea3n ph\u1ea9m.<\/li>\n<li><b>Nh\u00e2n vi\u00ean:<\/b> T\u1ea5t c\u1ea3 nh\u00e2n vi\u00ean \u0111ang l\u00e0m vi\u1ec7c t\u1ea1i Phan Immigration.<\/li>\n<\/ul>\n<p>C\u00e1c \u0111i\u1ec1u kho\u1ea3n trong ch\u00ednh s\u00e1ch \u0111i\u1ec1u kho\u1ea3n c\u1ee7a ch\u00fang t\u00f4i s\u1ebd \u0111\u01b0\u1ee3c \u00e1p d\u1ee5ng trong su\u1ed1t qu\u00e1 tr\u00ecnh h\u1ee3p t\u00e1c gi\u1eefa kh\u00e1ch h\u00e0ng v\u00e0 Phan Immigration, t\u1eeb khi b\u1eaft \u0111\u1ea7u s\u1eed d\u1ee5ng d\u1ecbch v\u1ee5 cho \u0111\u1ebfn khi k\u1ebft th\u00fac h\u1ee3p \u0111\u1ed3ng.<\/p>\n<figure id=\"attachment_16501\" aria-describedby=\"caption-attachment-16501\" style=\"width: 800px\" class=\"wp-caption aligncenter\"><img fetchpriority=\"high\" decoding=\"async\" class=\"wp-image-16501 size-full\" src=\"https:\/\/phanimmigration.com\/wp-content\/uploads\/2025\/01\/chinh-sach-dieu-khoan-02.jpg\" alt=\"Ch\u00ednh s\u00e1ch \u0111i\u1ec1u kho\u1ea3n c\u1ee7a Phan Immigration \u0111\u01b0\u1ee3c \u00e1p d\u1ee5ng trong su\u1ed1t qu\u00e1 tr\u00ecnh h\u1ee3p t\u00e1c\" width=\"800\" height=\"532\" srcset=\"https:\/\/phanimmigration.com\/wp-content\/uploads\/2025\/01\/chinh-sach-dieu-khoan-02.jpg 800w, https:\/\/phanimmigration.com\/wp-content\/uploads\/2025\/01\/chinh-sach-dieu-khoan-02-300x200.jpg 300w, https:\/\/phanimmigration.com\/wp-content\/uploads\/2025\/01\/chinh-sach-dieu-khoan-02-768x511.jpg 768w\" sizes=\"(max-width: 800px) 100vw, 800px\" \/><figcaption id=\"caption-attachment-16501\" class=\"wp-caption-text\">Ch\u00ednh s\u00e1ch \u0111i\u1ec1u kho\u1ea3n c\u1ee7a Phan Immigration \u0111\u01b0\u1ee3c \u00e1p d\u1ee5ng trong su\u1ed1t qu\u00e1 tr\u00ecnh h\u1ee3p t\u00e1c<\/figcaption><\/figure>\n<h2><strong>Ch\u00ednh s\u00e1ch \u0111i\u1ec1u kho\u1ea3n b\u1ea3n quy\u1ec1n v\u00e0 th\u01b0\u01a1ng hi\u1ec7u Phan Immigration<\/strong><\/h2>\n<p>Phan Immigration \u00e1p d\u1ee5ng ch\u00ednh s\u00e1ch b\u1ea3n quy\u1ec1n v\u00e0 th\u01b0\u01a1ng hi\u1ec7u nh\u1eb1m b\u1ea3o v\u1ec7 t\u00e0i s\u1ea3n tr\u00ed tu\u1ec7 v\u00e0 \u0111\u1ea3m b\u1ea3o uy t\u00edn doanh nghi\u1ec7p. C\u00e1c \u0111i\u1ec1u kho\u1ea3n ch\u00ednh bao g\u1ed3m:<\/p>\n<ul>\n<li>T\u1ea5t c\u1ea3 n\u1ed9i dung, t\u00e0i li\u1ec7u, h\u00ecnh \u1ea3nh, video v\u00e0 s\u1ea3n ph\u1ea9m tr\u00ed tu\u1ec7 c\u1ee7a Phan Immigration \u0111\u1ec1u thu\u1ed9c quy\u1ec1n s\u1edf h\u1eefu \u0111\u1ed9c quy\u1ec1n. Nghi\u00eam c\u1ea5m m\u1ecdi h\u00e0nh vi sao ch\u00e9p, s\u1eeda \u0111\u1ed5i, ph\u00e2n ph\u1ed1i, ho\u1eb7c s\u1eed d\u1ee5ng tr\u00e1i ph\u00e9p n\u1ed9i dung m\u00e0 kh\u00f4ng c\u00f3 s\u1ef1 \u0111\u1ed3ng \u00fd b\u1eb1ng v\u0103n b\u1ea3n t\u1eeb ch\u00fang t\u00f4i.<\/li>\n<li>T\u00ean th\u01b0\u01a1ng hi\u1ec7u, logo, kh\u1ea9u hi\u1ec7u v\u00e0 c\u00e1c d\u1ea5u hi\u1ec7u nh\u1eadn di\u1ec7n kh\u00e1c c\u1ee7a Phan Immigration \u0111\u00e3 \u0111\u01b0\u1ee3c \u0111\u0103ng k\u00fd b\u1ea3o h\u1ed9 v\u00e0 ch\u1ec9 \u0111\u01b0\u1ee3c s\u1eed d\u1ee5ng trong ph\u1ea1m vi \u0111\u01b0\u1ee3c cho ph\u00e9p. Ch\u00fang t\u00f4i kh\u00f4ng cho ph\u00e9p \u0111\u01a1n v\u1ecb kh\u00e1c s\u1eed d\u1ee5ng \u0111\u1ec3 g\u00e2y nh\u1ea7m l\u1eabn, l\u00e0m t\u1ed5n h\u1ea1i uy t\u00edn ho\u1eb7c ph\u00e1t t\u00e1n th\u00f4ng tin sai l\u1ec7ch.<\/li>\n<li>Kh\u00f4ng s\u1eed d\u1ee5ng tr\u00e1i ph\u00e9p n\u1ed9i dung, t\u00e0i s\u1ea3n tr\u00ed tu\u1ec7 ho\u1eb7c th\u01b0\u01a1ng hi\u1ec7u c\u1ee7a Phan Immigration cho m\u1ee5c \u0111\u00edch c\u00e1 nh\u00e2n hay th\u01b0\u01a1ng m\u1ea1i.<\/li>\n<li>Ch\u00fang t\u00f4i c\u00f3 quy\u1ec1n y\u00eau c\u1ea7u \u0111\u1ed1i ph\u01b0\u01a1ng b\u1ed3i th\u01b0\u1eddng thi\u1ec7t h\u1ea1i v\u00e0 \u00e1p d\u1ee5ng c\u00e1c bi\u1ec7n ph\u00e1p x\u1eed l\u00fd theo quy \u0111\u1ecbnh ph\u00e1p lu\u1eadt.<\/li>\n<\/ul>\n<h2><strong>Ch\u00ednh s\u00e1ch \u0111i\u1ec1u kho\u1ea3n gi\u1eefa Phan Immigration v\u00e0 kh\u00e1ch h\u00e0ng<\/strong><\/h2>\n<h3><strong>Quy\u1ec1n v\u00e0 ngh\u0129a v\u1ee5 c\u1ee7a Phan Immigration<\/strong><\/h3>\n<p>Phan Immigration kh\u00f4ng ng\u1eebng c\u1ea3i thi\u1ec7n ch\u1ea5t l\u01b0\u1ee3ng d\u1ecbch v\u1ee5 v\u00e0 lu\u00f4n \u0111\u1ed3ng h\u00e0nh c\u00f9ng kh\u00e1ch h\u00e0ng trong h\u00e0nh tr\u00ecnh di tr\u00fa. M\u1ecdi quy\u1ec1n v\u00e0 ngh\u0129a v\u1ee5 \u0111\u01b0\u1ee3c ch\u00fang t\u00f4i th\u1ef1c hi\u1ec7n \u0111\u00fang theo ph\u00e1p lu\u1eadt v\u00e0 c\u00e1c quy \u0111\u1ecbnh hi\u1ec7n h\u00e0nh.<\/p>\n<p><b>Quy\u1ec1n c\u1ee7a Phan Immigration: <\/b><\/p>\n<ul>\n<li>Phan Immigration c\u00f3 quy\u1ec1n y\u00eau c\u1ea7u kh\u00e1ch h\u00e0ng cung c\u1ea5p \u0111\u1ea7y \u0111\u1ee7 th\u00f4ng tin c\u1ea7n thi\u1ebft \u0111\u1ec3 ho\u00e0n t\u1ea5t th\u1ee7 t\u1ee5c.<\/li>\n<li>Ch\u00fang t\u00f4i s\u1ebd thu ph\u00ed d\u1ecbch v\u1ee5 theo nh\u01b0 th\u1ecfa thu\u1eadn \u0111\u00e3 k\u00fd k\u1ebft v\u1edbi kh\u00e1ch h\u00e0ng.<\/li>\n<li>Trong tr\u01b0\u1eddng h\u1ee3p kh\u00e1ch h\u00e0ng vi ph\u1ea1m c\u00e1c \u0111i\u1ec1u kho\u1ea3n trong h\u1ee3p \u0111\u1ed3ng ho\u1eb7c cung c\u1ea5p th\u00f4ng tin sai l\u1ec7ch, Phan Immigration c\u00f3 quy\u1ec1n t\u1eeb ch\u1ed1i cung c\u1ea5p d\u1ecbch v\u1ee5.<\/li>\n<\/ul>\n<p><b>Ngh\u0129a v\u1ee5 c\u1ee7a Phan Immigration: <\/b><\/p>\n<ul>\n<li>Phan Immigration cam k\u1ebft cung c\u1ea5p d\u1ecbch v\u1ee5 \u0111\u00fang nh\u01b0 nh\u1eefng g\u00ec \u0111\u00e3 cam k\u1ebft trong h\u1ee3p \u0111\u1ed3ng, \u0111\u1ea3m b\u1ea3o ch\u1ea5t l\u01b0\u1ee3ng v\u00e0 ti\u1ebfn \u0111\u1ed9.<\/li>\n<li>T\u1ea5t c\u1ea3 th\u00f4ng tin c\u00e1 nh\u00e2n c\u1ee7a kh\u00e1ch h\u00e0ng cung c\u1ea5p \u0111\u01b0\u1ee3c b\u1ea3o m\u1eadt tuy\u1ec7t \u0111\u1ed1i, kh\u00f4ng ti\u1ebft l\u1ed9 cho b\u1ea5t k\u1ef3 th\u00f4ng tin cho b\u00ean th\u1ee9 ba tr\u1eeb khi c\u00f3 y\u00eau c\u1ea7u c\u1ee7a ph\u00e1p lu\u1eadt.<\/li>\n<li>Phan Immigration ti\u1ebfp nh\u1eadn v\u00e0 gi\u1ea3i quy\u1ebft c\u00e1c khi\u1ebfu n\u1ea1i c\u1ee7a kh\u00e1ch h\u00e0ng m\u1ed9t c\u00e1ch nhanh ch\u00f3ng, c\u00f4ng khai v\u00e0 minh b\u1ea1ch.<\/li>\n<li>Ch\u00fang t\u00f4i s\u1ebd th\u01b0\u1eddng xuy\u00ean c\u1eadp nh\u1eadt th\u00f4ng tin v\u1ec1 ti\u1ebfn \u0111\u1ed9 h\u1ed3 s\u01a1 v\u00e0 c\u00e1c thay \u0111\u1ed5i li\u00ean quan \u0111\u1ebfn quy tr\u00ecnh l\u00e0m vi\u1ec7c cho kh\u00e1ch h\u00e0ng.<\/li>\n<\/ul>\n<figure id=\"attachment_16503\" aria-describedby=\"caption-attachment-16503\" style=\"width: 800px\" class=\"wp-caption aligncenter\"><img decoding=\"async\" class=\"wp-image-16503 size-full\" src=\"https:\/\/phanimmigration.com\/wp-content\/uploads\/2025\/01\/chinh-sach-dieu-khoan-03.jpg\" alt=\"Phan Immigration lu\u00f4n \u0111\u1ea3m b\u1ea3o quy\u1ec1n v\u00e0 ngh\u0129a v\u1ee5 d\u00e0nh cho kh\u00e1ch h\u00e0ng\" width=\"800\" height=\"532\" srcset=\"https:\/\/phanimmigration.com\/wp-content\/uploads\/2025\/01\/chinh-sach-dieu-khoan-03.jpg 800w, https:\/\/phanimmigration.com\/wp-content\/uploads\/2025\/01\/chinh-sach-dieu-khoan-03-300x200.jpg 300w, https:\/\/phanimmigration.com\/wp-content\/uploads\/2025\/01\/chinh-sach-dieu-khoan-03-768x511.jpg 768w\" sizes=\"(max-width: 800px) 100vw, 800px\" \/><figcaption id=\"caption-attachment-16503\" class=\"wp-caption-text\">Phan Immigration lu\u00f4n \u0111\u1ea3m b\u1ea3o quy\u1ec1n v\u00e0 ngh\u0129a v\u1ee5 d\u00e0nh cho kh\u00e1ch h\u00e0ng<\/figcaption><\/figure>\n<h3><strong>Quy\u1ec1n v\u00e0 ngh\u0129a v\u1ee5 c\u1ee7a qu\u00fd kh\u00e1ch h\u00e0ng<\/strong><\/h3>\n<p>Phan Immigration mong mu\u1ed1n kh\u00e1ch h\u00e0ng c\u00f3 th\u1ec3 n\u1eafm r\u00f5 nh\u1eefng quy\u1ec1n l\u1ee3i \u0111\u01b0\u1ee3c h\u01b0\u1edfng khi s\u1eed d\u1ee5ng d\u1ecbch v\u1ee5 c\u1ee7a ch\u00fang t\u00f4i. \u0110\u1ed3ng th\u1eddi, th\u00f4ng qua n\u1ed9i dung d\u01b0\u1edbi \u0111\u00e2y s\u1ebd gi\u00fap qu\u00fd kh\u00e1ch h\u00e0ng hi\u1ec3u r\u00f5 nh\u1eefng ngh\u0129a v\u1ee5 c\u1ea7n tu\u00e2n th\u1ee7 \u0111\u1ec3 \u0111\u1ea3m b\u1ea3o qu\u00e1 tr\u00ecnh h\u1ee3p t\u00e1c di\u1ec5n ra su\u00f4n s\u1ebb v\u00e0 hi\u1ec7u qu\u1ea3.<\/p>\n<p><b>Quy\u1ec1n c\u1ee7a qu\u00fd kh\u00e1ch h\u00e0ng: <\/b><\/p>\n<ul>\n<li>Qu\u00fd kh\u00e1ch h\u00e0ng c\u00f3 quy\u1ec1n y\u00eau c\u1ea7u Phan Immigration cung c\u1ea5p d\u1ecbch v\u1ee5 v\u1edbi ch\u1ea5t l\u01b0\u1ee3ng, s\u1ed1 l\u01b0\u1ee3ng v\u00e0 th\u1eddi gian nh\u01b0 \u0111\u00e3 th\u1ecfa thu\u1eadn trong h\u1ee3p \u0111\u1ed3ng ho\u1eb7c th\u00f4ng tin d\u1ecbch v\u1ee5.<\/li>\n<li>Th\u00f4ng tin c\u00e1 nh\u00e2n c\u1ee7a kh\u00e1ch h\u00e0ng s\u1ebd \u0111\u01b0\u1ee3c b\u1ea3o m\u1eadt tuy\u1ec7t \u0111\u1ed1i theo quy \u0111\u1ecbnh c\u1ee7a ph\u00e1p lu\u1eadt hi\u1ec7n h\u00e0nh.<\/li>\n<li>Trong tr\u01b0\u1eddng h\u1ee3p d\u1ecbch v\u1ee5 kh\u00f4ng \u0111\u00e1p \u1ee9ng \u0111\u01b0\u1ee3c y\u00eau c\u1ea7u ho\u1eb7c g\u00e2y thi\u1ec7t h\u1ea1i cho kh\u00e1ch h\u00e0ng, qu\u00fd kh\u00e1ch h\u00e0ng c\u00f3 quy\u1ec1n khi\u1ebfu n\u1ea1i v\u00e0 y\u00eau c\u1ea7u b\u1ed3i th\u01b0\u1eddng theo quy \u0111\u1ecbnh.<\/li>\n<\/ul>\n<p><b>Ngh\u0129a v\u1ee5 c\u1ee7a kh\u00e1ch h\u00e0ng:<\/b><\/p>\n<ul>\n<li>Qu\u00fd kh\u00e1ch h\u00e0ng c\u00f3 ngh\u0129a v\u1ee5 cung c\u1ea5p th\u00f4ng tin c\u00e1 nh\u00e2n ch\u00ednh x\u00e1c, \u0111\u1ea7y \u0111\u1ee7 v\u00e0 c\u1eadp nh\u1eadt khi \u0111\u0103ng k\u00fd s\u1eed d\u1ee5ng d\u1ecbch v\u1ee5.<\/li>\n<li>Tu\u00e2n th\u1ee7 c\u00e1c quy \u0111\u1ecbnh v\u1ec1 thanh to\u00e1n \u0111\u00fang h\u1ea1n v\u00e0 \u0111\u1ea7y \u0111\u1ee7 c\u00e1c kho\u1ea3n ph\u00ed d\u1ecbch v\u1ee5 theo th\u1ecfa thu\u1eadn.<\/li>\n<li>Tuy\u1ec7t \u0111\u1ed1i kh\u00f4ng \u0111\u01b0\u1ee3c s\u1eed d\u1ee5ng d\u1ecbch v\u1ee5 \u0111\u1ec3 th\u1ef1c hi\u1ec7n c\u00e1c h\u00e0nh vi vi ph\u1ea1m ph\u00e1p lu\u1eadt, x\u00e2m ph\u1ea1m quy\u1ec1n l\u1ee3i c\u1ee7a ng\u01b0\u1eddi kh\u00e1c.<\/li>\n<\/ul>\n<p><img decoding=\"async\" class=\"aligncenter wp-image-16499 size-full\" src=\"https:\/\/phanimmigration.com\/wp-content\/uploads\/2025\/01\/chinh-sach-dieu-khoan-01.jpg\" alt=\"Kh\u00e1ch h\u00e0ng c\u1ea7n tu\u00e2n th\u1ee7 quy\u1ec1n v\u00e0 ngh\u0129a v\u1ee5 Phan Immigration cung c\u1ea5p\" width=\"800\" height=\"532\" srcset=\"https:\/\/phanimmigration.com\/wp-content\/uploads\/2025\/01\/chinh-sach-dieu-khoan-01.jpg 800w, https:\/\/phanimmigration.com\/wp-content\/uploads\/2025\/01\/chinh-sach-dieu-khoan-01-300x200.jpg 300w, https:\/\/phanimmigration.com\/wp-content\/uploads\/2025\/01\/chinh-sach-dieu-khoan-01-768x511.jpg 768w\" sizes=\"(max-width: 800px) 100vw, 800px\" \/><\/p>\n<p><b>Ch\u00ednh s\u00e1ch \u0111i\u1ec1u kho\u1ea3n c\u1ee7a Phan Immigration<\/b> \u0111\u01b0\u1ee3c x\u00e2y d\u1ef1ng nh\u1eb1m b\u1ea3o v\u1ec7 quy\u1ec1n l\u1ee3i c\u1ee7a c\u1ea3 c\u00f4ng ty v\u00e0 qu\u00fd kh\u00e1ch h\u00e0ng. Ch\u00fang t\u00f4i cam k\u1ebft minh b\u1ea1ch trong m\u1ecdi giao d\u1ecbch, b\u1ea3o m\u1eadt th\u00f4ng tin c\u00e1 nh\u00e2n v\u00e0 lu\u00f4n \u0111\u1eb7t l\u1ee3i \u00edch c\u1ee7a kh\u00e1ch h\u00e0ng l\u00ean h\u00e0ng \u0111\u1ea7u. Khi h\u1ee3p t\u00e1c v\u1edbi Phan Immigration, qu\u00fd kh\u00e1ch ho\u00e0n to\u00e0n y\u00ean t\u00e2m v\u1ec1 ch\u1ea5t l\u01b0\u1ee3ng d\u1ecbch v\u1ee5 v\u00e0 s\u1ef1 chuy\u00ean nghi\u1ec7p c\u1ee7a \u0111\u1ed9i ng\u0169 t\u01b0 v\u1ea5n.<\/p>\n","protected":false},"excerpt":{"rendered":"<p>Phan Immigration l\u00e0 m\u1ed9t trong nh\u1eefng \u0111\u01a1n v\u1ecb h\u00e0ng \u0111\u1ea7u trong l\u0129nh v\u1ef1c t\u01b0 v\u1ea5n di tr\u00fa v\u00e0 \u0111\u1ecbnh c\u01b0 Canada. V\u1edbi h\u01a1n 15 n\u0103m kinh nghi\u1ec7m, ch\u00fang t\u00f4i \u0111\u00e3 \u0111\u1ed3ng h\u00e0nh c\u00f9ng h\u00e0ng ng\u00e0n kh\u00e1ch h\u00e0ng th\u1ef1c hi\u1ec7n th\u00e0nh c\u00f4ng gi\u1ea5c m\u01a1 \u0111\u1ecbnh c\u01b0 t\u1ea1i n\u01b0\u1edbc ngo\u00e0i. \u0110\u1ec3 \u0111\u1ea3m b\u1ea3o quy\u1ec1n l\u1ee3i c\u1ee7a c\u1ea3 [&hellip;]<\/p>\n","protected":false},"author":6,"featured_media":16505,"parent":0,"menu_order":0,"comment_status":"closed","ping_status":"closed","template":"","meta":{"_acf_changed":false,"content-type":"","om_disable_all_campaigns":false,"_monsterinsights_skip_tracking":false,"_monsterinsights_sitenote_active":false,"_monsterinsights_sitenote_note":"","_monsterinsights_sitenote_category":0,"site-sidebar-layout":"default","site-content-layout":"","ast-site-content-layout":"default","site-content-style":"default","site-sidebar-style":"default","ast-global-header-display":"","ast-banner-title-visibility":"","ast-main-header-display":"","ast-hfb-above-header-display":"","ast-hfb-below-header-display":"","ast-hfb-mobile-header-display":"","site-post-title":"","ast-breadcrumbs-content":"","ast-featured-img":"","footer-sml-layout":"","ast-disable-related-posts":"","theme-transparent-header-meta":"default","adv-header-id-meta":"","stick-header-meta":"default","header-above-stick-meta":"","header-main-stick-meta":"","header-below-stick-meta":"","astra-migrate-meta-layouts":"set","ast-page-background-enabled":"default","ast-page-background-meta":{"desktop":{"background-color":"","background-image":"","background-repeat":"repeat","background-position":"center center","background-size":"auto","background-attachment":"scroll","background-type":"","background-media":"","overlay-type":"","overlay-color":"","overlay-opacity":"","overlay-gradient":""},"tablet":{"background-color":"","background-image":"","background-repeat":"repeat","background-position":"center center","background-size":"auto","background-attachment":"scroll","background-type":"","background-media":"","overlay-type":"","overlay-color":"","overlay-opacity":"","overlay-gradient":""},"mobile":{"background-color":"","background-image":"","background-repeat":"repeat","background-position":"center center","background-size":"auto","background-attachment":"scroll","background-type":"","background-media":"","overlay-type":"","overlay-color":"","overlay-opacity":"","overlay-gradient":""}},"ast-content-background-meta":{"desktop":{"background-color":"var(--ast-global-color-5)","background-image":"","background-repeat":"repeat","background-position":"center center","background-size":"auto","background-attachment":"scroll","background-type":"","background-media":"","overlay-type":"","overlay-color":"","overlay-opacity":"","overlay-gradient":""},"tablet":{"background-color":"var(--ast-global-color-5)","background-image":"","background-repeat":"repeat","background-position":"center center","background-size":"auto","background-attachment":"scroll","background-type":"","background-media":"","overlay-type":"","overlay-color":"","overlay-opacity":"","overlay-gradient":""},"mobile":{"background-color":"var(--ast-global-color-5)","background-image":"","background-repeat":"repeat","background-position":"center center","background-size":"auto","background-attachment":"scroll","background-type":"","background-media":"","overlay-type":"","overlay-color":"","overlay-opacity":"","overlay-gradient":""}},"footnotes":""},"class_list":["post-16498","page","type-page","status-publish","has-post-thumbnail","hentry"],"acf":[],"_links":{"self":[{"href":"https:\/\/phanimmigration.com\/vi\/wp-json\/wp\/v2\/pages\/16498","targetHints":{"allow":["GET"]}}],"collection":[{"href":"https:\/\/phanimmigration.com\/vi\/wp-json\/wp\/v2\/pages"}],"about":[{"href":"https:\/\/phanimmigration.com\/vi\/wp-json\/wp\/v2\/types\/page"}],"author":[{"embeddable":true,"href":"https:\/\/phanimmigration.com\/vi\/wp-json\/wp\/v2\/users\/6"}],"replies":[{"embeddable":true,"href":"https:\/\/phanimmigration.com\/vi\/wp-json\/wp\/v2\/comments?post=16498"}],"version-history":[{"count":1,"href":"https:\/\/phanimmigration.com\/vi\/wp-json\/wp\/v2\/pages\/16498\/revisions"}],"predecessor-version":[{"id":16507,"href":"https:\/\/phanimmigration.com\/vi\/wp-json\/wp\/v2\/pages\/16498\/revisions\/16507"}],"wp:featuredmedia":[{"embeddable":true,"href":"https:\/\/phanimmigration.com\/vi\/wp-json\/wp\/v2\/media\/16505"}],"wp:attachment":[{"href":"https:\/\/phanimmigration.com\/vi\/wp-json\/wp\/v2\/media?parent=16498"}],"curies":[{"name":"wp","href":"https:\/\/api.w.org\/{rel}","templated":true}]}}