{"id":16474,"date":"2025-01-10T17:17:07","date_gmt":"2025-01-10T10:17:07","guid":{"rendered":"https:\/\/phanimmigration.com\/?page_id=16474"},"modified":"2025-01-11T18:10:46","modified_gmt":"2025-01-11T11:10:46","slug":"chinh-sach-bao-mat","status":"publish","type":"page","link":"https:\/\/phanimmigration.com\/vi\/chinh-sach-bao-mat\/","title":{"rendered":"Ch\u00ednh s\u00e1ch b\u1ea3o m\u1eadt c\u1ee7a Phan Immigration\u00a0"},"content":{"rendered":"<p><b>Ch\u00ednh s\u00e1ch b\u1ea3o m\u1eadt<\/b> c\u1ee7a Phan Immigration th\u1ec3 hi\u1ec7n cam k\u1ebft m\u1ea1nh m\u1ebd c\u1ee7a ch\u00fang t\u00f4i trong vi\u1ec7c b\u1ea3o v\u1ec7 th\u00f4ng tin c\u00e1 nh\u00e2n c\u1ee7a kh\u00e1ch h\u00e0ng. Ch\u00fang t\u00f4i tin r\u1eb1ng s\u1ef1 b\u1ea3o m\u1eadt l\u00e0 y\u1ebfu t\u1ed1 c\u1ed1t l\u00f5i \u0111\u1ec3 x\u00e2y d\u1ef1ng m\u1ed1i quan h\u1ec7 l\u00e2u d\u00e0i v\u1edbi kh\u00e1ch h\u00e0ng. V\u1edbi c\u00e1c bi\u1ec7n ph\u00e1p b\u1ea3o m\u1eadt hi\u1ec7n \u0111\u1ea1i v\u00e0 \u0111\u1ed9i ng\u0169 chuy\u00ean nghi\u1ec7p, ch\u00fang t\u00f4i \u0111\u1ea3m b\u1ea3o r\u1eb1ng d\u1eef li\u1ec7u c\u1ee7a b\u1ea1n lu\u00f4n \u0111\u01b0\u1ee3c an to\u00e0n v\u00e0 b\u1ea3o m\u1eadt.<\/p>\n<h2><strong>M\u1ee5c \u0111\u00edch thu th\u1eadp v\u00e0 s\u1eed d\u1ee5ng th\u00f4ng tin kh\u00e1ch h\u00e0ng<\/strong><\/h2>\n<p>Phan Immigration thu th\u1eadp v\u00e0 s\u1eed d\u1ee5ng th\u00f4ng tin c\u00e1 nh\u00e2n c\u1ee7a qu\u00fd kh\u00e1ch v\u1edbi m\u1ee5c \u0111\u00edch ch\u00ednh nh\u01b0 sau:<\/p>\n<ul>\n<li><b>C\u00e1 nh\u00e2n h\u00f3a d\u1ecbch v\u1ee5:<\/b> Th\u00f4ng tin qu\u00fd kh\u00e1ch cung c\u1ea5p gi\u00fap ch\u00fang t\u00f4i hi\u1ec3u r\u00f5 h\u01a1n v\u1ec1 nhu c\u1ea7u v\u00e0 mong mu\u1ed1n c\u1ee7a t\u1eebng c\u00e1 nh\u00e2n, t\u1eeb \u0111\u00f3 \u0111\u01b0a ra nh\u1eefng t\u01b0 v\u1ea5n v\u00e0 gi\u1ea3i ph\u00e1p ph\u00f9 h\u1ee3p nh\u1ea5t.<\/li>\n<li><b>X\u1eed l\u00fd h\u1ed3 s\u01a1:<\/b> Phan Immigration s\u1eed d\u1ee5ng th\u00f4ng tin \u0111\u1ec3 ho\u00e0n thi\u1ec7n h\u1ed3 s\u01a1 xin visa, gi\u1ea5y t\u1edd li\u00ean quan v\u00e0 c\u00e1c th\u1ee7 t\u1ee5c h\u00e0nh ch\u00ednh c\u1ea7n thi\u1ebft.<\/li>\n<li><b>Li\u00ean l\u1ea1c v\u00e0 h\u1ed7 tr\u1ee3:<\/b> Ch\u00fang t\u00f4i s\u1ebd s\u1eed d\u1ee5ng th\u00f4ng tin li\u00ean l\u1ea1c \u0111\u1ec3 th\u00f4ng b\u00e1o v\u1ec1 ti\u1ebfn \u0111\u1ed9 h\u1ed3 s\u01a1, g\u1eedi th\u00f4ng tin c\u1eadp nh\u1eadt, gi\u1ea3i \u0111\u00e1p th\u1eafc m\u1eafc v\u00e0 h\u1ed7 tr\u1ee3 qu\u00fd kh\u00e1ch trong su\u1ed1t qu\u00e1 tr\u00ecnh di tr\u00fa.<\/li>\n<li><b>C\u1ea3i thi\u1ec7n d\u1ecbch v\u1ee5:<\/b> D\u1eef li\u1ec7u kh\u00e1ch h\u00e0ng gi\u00fap ch\u00fang t\u00f4i \u0111\u00e1nh gi\u00e1 ch\u1ea5t l\u01b0\u1ee3ng d\u1ecbch v\u1ee5 hi\u1ec7n t\u1ea1i, x\u00e1c \u0111\u1ecbnh nh\u1eefng \u0111i\u1ec3m c\u1ea7n c\u1ea3i thi\u1ec7n v\u00e0 ph\u00e1t tri\u1ec3n c\u00e1c s\u1ea3n ph\u1ea9m, d\u1ecbch v\u1ee5 m\u1edbi ph\u00f9 h\u1ee3p v\u1edbi nhu c\u1ea7u c\u1ee7a th\u1ecb tr\u01b0\u1eddng.<\/li>\n<li><b>Tu\u00e2n th\u1ee7 ph\u00e1p lu\u1eadt:<\/b> Ch\u00fang t\u00f4i thu th\u1eadp v\u00e0 s\u1eed d\u1ee5ng th\u00f4ng tin c\u00e1 nh\u00e2n s\u1ebd tu\u00e2n th\u1ee7 nghi\u00eam ng\u1eb7t c\u00e1c quy \u0111\u1ecbnh ph\u00e1p lu\u1eadt v\u1ec1 b\u1ea3o v\u1ec7 d\u1eef li\u1ec7u c\u00e1 nh\u00e2n c\u1ee7a qu\u00fd kh\u00e1ch.<\/li>\n<\/ul>\n<figure id=\"attachment_16495\" aria-describedby=\"caption-attachment-16495\" style=\"width: 800px\" class=\"wp-caption aligncenter\"><img fetchpriority=\"high\" decoding=\"async\" class=\"wp-image-16495 size-full\" src=\"https:\/\/phanimmigration.com\/wp-content\/uploads\/2025\/01\/chinh-sach-bao-mat-05-1.jpg\" alt=\"Phan Immigration thu th\u1eadp th\u00f4ng tin c\u1ee7a kh\u00e1ch h\u00e0ng \u0111\u1ec3 hi\u1ec3u r\u00f5 h\u01a1n v\u1ec1 nhu c\u1ea7u kh\u00e1ch h\u00e0ng\" width=\"800\" height=\"532\" srcset=\"https:\/\/phanimmigration.com\/wp-content\/uploads\/2025\/01\/chinh-sach-bao-mat-05-1.jpg 800w, https:\/\/phanimmigration.com\/wp-content\/uploads\/2025\/01\/chinh-sach-bao-mat-05-1-300x200.jpg 300w, https:\/\/phanimmigration.com\/wp-content\/uploads\/2025\/01\/chinh-sach-bao-mat-05-1-768x511.jpg 768w\" sizes=\"(max-width: 800px) 100vw, 800px\" \/><figcaption id=\"caption-attachment-16495\" class=\"wp-caption-text\">Phan Immigration thu th\u1eadp th\u00f4ng tin c\u1ee7a kh\u00e1ch h\u00e0ng \u0111\u1ec3 hi\u1ec3u r\u00f5 h\u01a1n v\u1ec1 nhu c\u1ea7u kh\u00e1ch h\u00e0ng<\/figcaption><\/figure>\n<h2><strong>Ph\u1ea1m vi Phan Immigration thu th\u1eadp th\u00f4ng tin<\/strong><\/h2>\n<p>Phan Immigration ch\u1ec9 thu th\u1eadp nh\u1eefng th\u00f4ng tin c\u1ea7n thi\u1ebft \u0111\u1ec3 h\u1ed7 tr\u1ee3 qu\u00e1 tr\u00ecnh di tr\u00fa v\u00e0 t\u01b0 v\u1ea5n ph\u00e1p l\u00fd hi\u1ec7u qu\u1ea3. M\u1ed9t s\u1ed1 lo\u1ea1i th\u00f4ng tin ch\u00fang t\u00f4i thu th\u1eadp bao g\u1ed3m:<\/p>\n<ul>\n<li><b>Th\u00f4ng tin c\u00e1 nh\u00e2n c\u01a1 b\u1ea3n:<\/b> H\u1ecd v\u00e0 t\u00ean, ng\u00e0y sinh, gi\u1edbi t\u00ednh, qu\u1ed1c t\u1ecbch, s\u1ed1 \u0111i\u1ec7n tho\u1ea1i, \u0111\u1ecba ch\u1ec9 email v\u00e0 \u0111\u1ecba ch\u1ec9 li\u00ean l\u1ea1c.<\/li>\n<li><b>Th\u00f4ng tin li\u00ean h\u1ec7 kh\u1ea9n c\u1ea5p:<\/b> H\u1ecd v\u00e0 t\u00ean, s\u1ed1 \u0111i\u1ec7n tho\u1ea1i v\u00e0 m\u1ed1i quan h\u1ec7 v\u1edbi ng\u01b0\u1eddi xin di tr\u00fa.<\/li>\n<li><b>Th\u00f4ng tin h\u1ed9 chi\u1ebfu c\u00e1 nh\u00e2n:<\/b> S\u1ed1 h\u1ed9 chi\u1ebfu, ng\u00e0y c\u1ea5p, ng\u00e0y h\u1ebft h\u1ea1n, c\u01a1 quan c\u1ea5p.<\/li>\n<li><b>Th\u00f4ng tin v\u1ec1 t\u00ecnh tr\u1ea1ng h\u00f4n nh\u00e2n:<\/b> Tr\u1ea1ng th\u00e1i h\u00f4n nh\u00e2n hi\u1ec7n t\u1ea1i, th\u00f4ng tin v\u1ec1 v\u1ee3\/ch\u1ed3ng v\u00e0 con c\u00e1i (n\u1ebfu c\u00f3).<\/li>\n<li><b>Th\u00f4ng tin v\u1ec1 h\u1ecdc v\u1ea5n v\u00e0 kinh nghi\u1ec7m l\u00e0m vi\u1ec7c:<\/b> B\u1eb1ng c\u1ea5p, ch\u1ee9ng ch\u1ec9, kinh nghi\u1ec7m l\u00e0m vi\u1ec7c li\u00ean quan \u0111\u1ebfn h\u1ed3 s\u01a1 xin di tr\u00fa.<\/li>\n<li><b>Th\u00f4ng tin t\u00e0i ch\u00ednh:<\/b> Th\u00f4ng tin v\u1ec1 t\u00e0i kho\u1ea3n ng\u00e2n h\u00e0ng, ngu\u1ed3n thu nh\u1eadp (n\u1ebfu c\u1ea7n thi\u1ebft).<\/li>\n<li><b>C\u00e1c th\u00f4ng tin kh\u00e1c li\u00ean quan \u0111\u1ebfn h\u1ed3 s\u01a1 di tr\u00fa:<\/b> C\u00e1c t\u00e0i li\u1ec7u, gi\u1ea5y t\u1edd ch\u1ee9ng minh nh\u01b0 gi\u1ea5y khai sinh, gi\u1ea5y \u0111\u0103ng k\u00fd k\u1ebft h\u00f4n, gi\u1ea5y kh\u00e1m s\u1ee9c kh\u1ecfe, v.v.<\/li>\n<\/ul>\n<p><b>Ch\u00fang t\u00f4i thu th\u1eadp th\u00f4ng tin th\u00f4ng qua c\u00e1c h\u00ecnh th\u1ee9c sau:<\/b><\/p>\n<ul>\n<li><b>Tr\u1ef1c ti\u1ebfp:<\/b> Khi kh\u00e1ch h\u00e0ng li\u00ean h\u1ec7 v\u1edbi ch\u00fang t\u00f4i qua \u0111i\u1ec7n tho\u1ea1i, email ho\u1eb7c \u0111\u1ebfn tr\u1ef1c ti\u1ebfp v\u0103n ph\u00f2ng.<\/li>\n<li><b>Tr\u1ef1c tuy\u1ebfn:<\/b> Khi kh\u00e1ch h\u00e0ng \u0111i\u1ec1n v\u00e0o c\u00e1c bi\u1ec3u m\u1eabu tr\u00ean website ho\u1eb7c g\u1eedi email.<\/li>\n<li><b>C\u00e1c t\u00e0i li\u1ec7u kh\u00e1ch h\u00e0ng cung c\u1ea5p:<\/b> Ch\u00fang t\u00f4i thu th\u1eadp th\u00f4ng tin t\u1eeb c\u00e1c t\u00e0i li\u1ec7u m\u00e0 kh\u00e1ch h\u00e0ng cung c\u1ea5p nh\u01b0 h\u1ed9 chi\u1ebfu, b\u1eb1ng c\u1ea5p, gi\u1ea5y t\u1edd t\u00f9y th\u00e2n kh\u00e1c.<\/li>\n<\/ul>\n<figure id=\"attachment_16493\" aria-describedby=\"caption-attachment-16493\" style=\"width: 800px\" class=\"wp-caption aligncenter\"><img decoding=\"async\" class=\"wp-image-16493 size-full\" src=\"https:\/\/phanimmigration.com\/wp-content\/uploads\/2025\/01\/chinh-sach-bao-mat-04-1.jpg\" alt=\"Phan Immigration thu th\u00f4ng tin kh\u00e1ch h\u00e0ng th\u00f4ng qua nhi\u1ec1u h\u00ecnh th\u1ee9c kh\u00e1c nhau\" width=\"800\" height=\"532\" srcset=\"https:\/\/phanimmigration.com\/wp-content\/uploads\/2025\/01\/chinh-sach-bao-mat-04-1.jpg 800w, https:\/\/phanimmigration.com\/wp-content\/uploads\/2025\/01\/chinh-sach-bao-mat-04-1-300x200.jpg 300w, https:\/\/phanimmigration.com\/wp-content\/uploads\/2025\/01\/chinh-sach-bao-mat-04-1-768x511.jpg 768w\" sizes=\"(max-width: 800px) 100vw, 800px\" \/><figcaption id=\"caption-attachment-16493\" class=\"wp-caption-text\">Phan Immigration thu th\u00f4ng tin kh\u00e1ch h\u00e0ng th\u00f4ng qua nhi\u1ec1u h\u00ecnh th\u1ee9c kh\u00e1c nhau<\/figcaption><\/figure>\n<h2><strong>Ph\u01b0\u01a1ng th\u1ee9c l\u01b0u tr\u1eef v\u00e0 b\u1ea3o v\u1ec7 d\u1eef li\u1ec7u kh\u00e1ch h\u00e0ng<\/strong><\/h2>\n<p>Phan Immigration cam k\u1ebft b\u1ea3o m\u1eadt tuy\u1ec7t \u0111\u1ed1i th\u00f4ng tin c\u00e1 nh\u00e2n c\u1ee7a qu\u00fd kh\u00e1ch. Ch\u00fang t\u00f4i \u00e1p d\u1ee5ng c\u00e1c bi\u1ec7n ph\u00e1p b\u1ea3o m\u1eadt nghi\u00eam ng\u1eb7t \u0111\u1ec3 b\u1ea3o v\u1ec7 d\u1eef li\u1ec7u kh\u00e1ch h\u00e0ng nh\u01b0:<\/p>\n<ul>\n<li><b>H\u1ec7 th\u1ed1ng m\u00e3 h\u00f3a th\u00f4ng tin:<\/b> T\u1ea5t c\u1ea3 th\u00f4ng tin c\u00e1 nh\u00e2n c\u1ee7a qu\u00fd kh\u00e1ch \u0111\u1ec1u \u0111\u01b0\u1ee3c m\u00e3 h\u00f3a b\u1eb1ng c\u00e1c thu\u1eadt to\u00e1n b\u1ea3o m\u1eadt cao c\u1ea5p, \u0111\u1ea3m b\u1ea3o r\u1eb1ng ch\u1ec9 nh\u1eefng ng\u01b0\u1eddi c\u00f3 quy\u1ec1n h\u1ea1n m\u1edbi c\u00f3 th\u1ec3 truy c\u1eadp.<\/li>\n<li><b>Qu\u1ea3n l\u00fd quy\u1ec1n truy c\u1eadp ch\u1eb7t ch\u1ebd:<\/b> Ch\u00fang t\u00f4i gi\u1edbi h\u1ea1n quy\u1ec1n truy c\u1eadp v\u00e0o h\u1ec7 th\u1ed1ng d\u1eef li\u1ec7u ch\u1ec9 cho nh\u1eefng nh\u00e2n vi\u00ean c\u00f3 li\u00ean quan tr\u1ef1c ti\u1ebfp \u0111\u1ebfn vi\u1ec7c x\u1eed l\u00fd h\u1ed3 s\u01a1 di tr\u00fa v\u00e0 \u0111\u01b0\u1ee3c c\u1ea5p ph\u00e9p. M\u1ed7i nh\u00e2n vi\u00ean ch\u1ec9 c\u00f3 quy\u1ec1n truy c\u1eadp v\u00e0o nh\u1eefng th\u00f4ng tin c\u1ea7n thi\u1ebft \u0111\u1ec3 th\u1ef1c hi\u1ec7n c\u00f4ng vi\u1ec7c c\u1ee7a m\u00ecnh.<\/li>\n<li><b>L\u01b0u tr\u1eef d\u1eef li\u1ec7u an to\u00e0n:<\/b> Ch\u00fang t\u00f4i l\u01b0u tr\u1eef d\u1eef li\u1ec7u tr\u00ean c\u00e1c m\u00e1y ch\u1ee7 \u0111\u01b0\u1ee3c b\u1ea3o m\u1eadt cao, c\u00f3 h\u1ec7 th\u1ed1ng ph\u00f2ng ch\u00e1y ch\u1eefa ch\u00e1y t\u1ef1 \u0111\u1ed9ng v\u00e0 \u0111\u01b0\u1ee3c gi\u00e1m s\u00e1t 24\/7.<\/li>\n<li><b>Th\u1eddi gian l\u01b0u tr\u1eef:<\/b> Ch\u00fang t\u00f4i ch\u1ec9 l\u01b0u tr\u1eef th\u00f4ng tin c\u00e1 nh\u00e2n c\u1ee7a qu\u00fd kh\u00e1ch trong th\u1eddi gian c\u1ea7n thi\u1ebft \u0111\u1ec3 th\u1ef1c hi\u1ec7n c\u00e1c d\u1ecbch v\u1ee5 di tr\u00fa v\u00e0 tu\u00e2n th\u1ee7 c\u00e1c quy \u0111\u1ecbnh ph\u00e1p lu\u1eadt hi\u1ec7n h\u00e0nh. Sau khi h\u1ebft th\u1eddi h\u1ea1n l\u01b0u tr\u1eef, th\u00f4ng tin s\u1ebd \u0111\u01b0\u1ee3c x\u00f3a ho\u1eb7c \u1ea9n danh theo quy \u0111\u1ecbnh.<\/li>\n<\/ul>\n<h2><strong>Tr\u01b0\u1eddng h\u1ee3p Phan Immigration chia s\u1ebb th\u00f4ng tin <\/strong><\/h2>\n<p>Ch\u00fang t\u00f4i ch\u1ec9 chia s\u1ebb th\u00f4ng tin c\u1ee7a qu\u00fd kh\u00e1ch trong nh\u1eefng tr\u01b0\u1eddng h\u1ee3p sau:<\/p>\n<ul>\n<li><b>Theo y\u00eau c\u1ea7u c\u1ee7a ph\u00e1p lu\u1eadt:<\/b> N\u1ebfu c\u00f3 y\u00eau c\u1ea7u h\u1ee3p ph\u00e1p t\u1eeb c\u01a1 quan nh\u00e0 n\u01b0\u1edbc c\u00f3 th\u1ea9m quy\u1ec1n, ch\u00fang t\u00f4i c\u00f3 th\u1ec3 bu\u1ed9c ph\u1ea3i cung c\u1ea5p th\u00f4ng tin c\u00e1 nh\u00e2n c\u1ee7a qu\u00fd kh\u00e1ch \u0111\u1ec3 ph\u1ee5c v\u1ee5 m\u1ee5c \u0111\u00edch \u0111i\u1ec1u tra, t\u1ed1 t\u1ee5ng ho\u1eb7c b\u1ea3o v\u1ec7 an ninh qu\u1ed1c gia.<\/li>\n<li><b>Khi qu\u00fd kh\u00e1ch \u0111\u1ed3ng \u00fd:<\/b> Phan Immigration ch\u1ec9 chia s\u1ebb th\u00f4ng tin c\u1ee7a qu\u00fd kh\u00e1ch v\u1edbi c\u00e1c b\u00ean th\u1ee9 ba khi qu\u00fd kh\u00e1ch \u0111\u00e3 \u0111\u1ed3ng \u00fd b\u1eb1ng v\u0103n b\u1ea3n ho\u1eb7c c\u00e1c h\u00ecnh th\u1ee9c kh\u00e1c.<\/li>\n<li><b>V\u1edbi c\u00e1c nh\u00e0 cung c\u1ea5p d\u1ecbch v\u1ee5:<\/b> Ch\u00fang t\u00f4i c\u00f3 th\u1ec3 chia s\u1ebb m\u1ed9t s\u1ed1 th\u00f4ng tin c\u00e1 nh\u00e2n c\u1ea7n thi\u1ebft c\u1ee7a qu\u00fd kh\u00e1ch v\u1edbi c\u00e1c nh\u00e0 cung c\u1ea5p d\u1ecbch v\u1ee5 m\u00e0 ch\u00fang t\u00f4i h\u1ee3p t\u00e1c (nh\u01b0 c\u00e1c c\u00f4ng ty v\u1eadn chuy\u1ec3n, c\u00e1c \u0111\u01a1n v\u1ecb h\u1ed7 tr\u1ee3 k\u1ef9 thu\u1eadt) \u0111\u1ec3 ho\u00e0n t\u1ea5t qu\u00e1 tr\u00ecnh di tr\u00fa. Tuy nhi\u00ean, ch\u00fang t\u00f4i s\u1ebd y\u00eau c\u1ea7u c\u00e1c nh\u00e0 cung c\u1ea5p d\u1ecbch v\u1ee5 n\u00e0y cam k\u1ebft b\u1ea3o m\u1eadt th\u00f4ng tin c\u1ee7a qu\u00fd kh\u00e1ch.<\/li>\n<\/ul>\n<figure id=\"attachment_16487\" aria-describedby=\"caption-attachment-16487\" style=\"width: 800px\" class=\"wp-caption aligncenter\"><img decoding=\"async\" class=\"wp-image-16487 size-full\" src=\"https:\/\/phanimmigration.com\/wp-content\/uploads\/2025\/01\/chinh-sach-bao-mat-01-1.jpg\" alt=\"Phan Immigration ch\u1ec9 chia s\u1ebb th\u00f4ng tin khi kh\u00e1ch h\u00e0ng cho ph\u00e9p\" width=\"800\" height=\"532\" srcset=\"https:\/\/phanimmigration.com\/wp-content\/uploads\/2025\/01\/chinh-sach-bao-mat-01-1.jpg 800w, https:\/\/phanimmigration.com\/wp-content\/uploads\/2025\/01\/chinh-sach-bao-mat-01-1-300x200.jpg 300w, https:\/\/phanimmigration.com\/wp-content\/uploads\/2025\/01\/chinh-sach-bao-mat-01-1-768x511.jpg 768w\" sizes=\"(max-width: 800px) 100vw, 800px\" \/><figcaption id=\"caption-attachment-16487\" class=\"wp-caption-text\">Phan Immigration ch\u1ec9 chia s\u1ebb th\u00f4ng tin khi kh\u00e1ch h\u00e0ng cho ph\u00e9p<\/figcaption><\/figure>\n<h2><strong>Quy\u1ec1n l\u1ee3i c\u1ee7a kh\u00e1ch h\u00e0ng v\u1ec1 d\u1eef li\u1ec7u c\u00e1 nh\u00e2n<\/strong><\/h2>\n<p>Phan Immigration lu\u00f4n t\u00f4n tr\u1ecdng quy\u1ec1n ri\u00eang t\u01b0 c\u1ee7a kh\u00e1ch h\u00e0ng l\u00ean h\u00e0ng \u0111\u1ea7u. Do \u0111\u00f3, qu\u00fd kh\u00e1ch c\u00f3 th\u1ec3 nh\u1eadn \u0111\u01b0\u1ee3c nh\u1eefng quy\u1ec1n l\u1ee3i nh\u01b0 sau:<\/p>\n<ul>\n<li><b>Truy c\u1eadp, ch\u1ec9nh s\u1eeda ho\u1eb7c x\u00f3a th\u00f4ng tin c\u00e1 nh\u00e2n:<\/b> Qu\u00fd kh\u00e1ch ho\u00e0n to\u00e0n c\u00f3 quy\u1ec1n y\u00eau c\u1ea7u xem l\u1ea1i, ch\u1ec9nh s\u1eeda ho\u1eb7c x\u00f3a b\u1ecf b\u1ea5t k\u1ef3 th\u00f4ng tin c\u00e1 nh\u00e2n n\u00e0o m\u00e0 ch\u00fang t\u00f4i \u0111ang l\u01b0u tr\u1eef.<\/li>\n<li><b>Y\u00eau c\u1ea7u ng\u1eebng s\u1eed d\u1ee5ng d\u1eef li\u1ec7u c\u00e1 nh\u00e2n:<\/b> Trong m\u1ed9t s\u1ed1 tr\u01b0\u1eddng h\u1ee3p, qu\u00fd kh\u00e1ch c\u00f3 quy\u1ec1n y\u00eau c\u1ea7u ch\u00fang t\u00f4i ng\u1eebng s\u1eed d\u1ee5ng d\u1eef li\u1ec7u c\u00e1 nh\u00e2n c\u1ee7a m\u00ecnh cho c\u00e1c m\u1ee5c \u0111\u00edch nh\u1ea5t \u0111\u1ecbnh.<\/li>\n<\/ul>\n<h2><strong>Cam k\u1ebft v\u1ec1 an to\u00e0n th\u00f4ng tin<\/strong><\/h2>\n<p>Ch\u00fang t\u00f4i hi\u1ec3u r\u1eb1ng an to\u00e0n th\u00f4ng tin c\u00e1 nh\u00e2n c\u1ee7a qu\u00fd kh\u00e1ch l\u00e0 v\u00f4 c\u00f9ng quan tr\u1ecdng. V\u00ec v\u1eady, ch\u00fang t\u00f4i cam k\u1ebft th\u1ef1c hi\u1ec7n c\u00e1c bi\u1ec7n ph\u00e1p b\u1ea3o m\u1eadt nghi\u00eam ng\u1eb7t \u0111\u1ec3 b\u1ea3o v\u1ec7 d\u1eef li\u1ec7u c\u1ee7a qu\u00fd kh\u00e1ch kh\u1ecfi m\u1ecdi r\u1ee7i ro.<\/p>\n<ul>\n<li><b>M\u00e3 h\u00f3a d\u1eef li\u1ec7u:<\/b> T\u1ea5t c\u1ea3 d\u1eef li\u1ec7u c\u00e1 nh\u00e2n c\u1ee7a qu\u00fd kh\u00e1ch \u0111\u1ec1u \u0111\u01b0\u1ee3c m\u00e3 h\u00f3a b\u1eb1ng c\u00e1c c\u00f4ng ngh\u1ec7 b\u1ea3o m\u1eadt hi\u1ec7n \u0111\u1ea1i nh\u1ea5t \u0111\u1ec3 ng\u0103n ch\u1eb7n vi\u1ec7c truy c\u1eadp tr\u00e1i ph\u00e9p.<\/li>\n<li><b>H\u1ec7 th\u1ed1ng t\u01b0\u1eddng l\u1eeda:<\/b> Ch\u00fang t\u00f4i s\u1eed d\u1ee5ng c\u00e1c h\u1ec7 th\u1ed1ng t\u01b0\u1eddng l\u1eeda m\u1ea1nh m\u1ebd \u0111\u1ec3 b\u1ea3o v\u1ec7 m\u1ea1ng l\u01b0\u1edbi c\u1ee7a m\u00ecnh kh\u1ecfi c\u00e1c cu\u1ed9c t\u1ea5n c\u00f4ng t\u1eeb b\u00ean ngo\u00e0i.<\/li>\n<li><b>Sao l\u01b0u d\u1eef li\u1ec7u c\u00e1 nh\u00e2n:<\/b> Ch\u00fang t\u00f4i th\u1ef1c hi\u1ec7n sao l\u01b0u d\u1eef li\u1ec7u th\u01b0\u1eddng xuy\u00ean \u0111\u1ec3 \u0111\u1ea3m b\u1ea3o r\u1eb1ng d\u1eef li\u1ec7u c\u1ee7a qu\u00fd kh\u00e1ch lu\u00f4n \u0111\u01b0\u1ee3c an to\u00e0n v\u00e0 c\u00f3 th\u1ec3 ph\u1ee5c h\u1ed3i trong tr\u01b0\u1eddng h\u1ee3p x\u1ea3y ra s\u1ef1 c\u1ed1.<\/li>\n<li><b>Quy tr\u00ecnh b\u1ea3o m\u1eadt th\u00f4ng tin nghi\u00eam ng\u1eb7t:<\/b> Ch\u00fang t\u00f4i \u0111\u00e3 x\u00e2y d\u1ef1ng v\u00e0 th\u1ef1c hi\u1ec7n m\u1ed9t quy tr\u00ecnh b\u1ea3o m\u1eadt nghi\u00eam ng\u1eb7t, y\u00eau c\u1ea7u t\u1ea5t c\u1ea3 nh\u00e2n vi\u00ean ph\u1ea3i tu\u00e2n th\u1ee7 c\u00e1c quy \u0111\u1ecbnh v\u1ec1 b\u1ea3o m\u1eadt th\u00f4ng tin.<\/li>\n<\/ul>\n<figure id=\"attachment_16489\" aria-describedby=\"caption-attachment-16489\" style=\"width: 800px\" class=\"wp-caption aligncenter\"><img loading=\"lazy\" decoding=\"async\" class=\"wp-image-16489 size-full\" src=\"https:\/\/phanimmigration.com\/wp-content\/uploads\/2025\/01\/chinh-sach-bao-mat-02-1.jpg\" alt=\"Phan Immigration cam k\u1ebft b\u1ea3o m\u1eadt th\u00f4ng tin kh\u00e1ch h\u00e0ng\" width=\"800\" height=\"532\" srcset=\"https:\/\/phanimmigration.com\/wp-content\/uploads\/2025\/01\/chinh-sach-bao-mat-02-1.jpg 800w, https:\/\/phanimmigration.com\/wp-content\/uploads\/2025\/01\/chinh-sach-bao-mat-02-1-300x200.jpg 300w, https:\/\/phanimmigration.com\/wp-content\/uploads\/2025\/01\/chinh-sach-bao-mat-02-1-768x511.jpg 768w\" sizes=\"(max-width: 800px) 100vw, 800px\" \/><figcaption id=\"caption-attachment-16489\" class=\"wp-caption-text\">Phan Immigration cam k\u1ebft b\u1ea3o m\u1eadt th\u00f4ng tin kh\u00e1ch h\u00e0ng<\/figcaption><\/figure>\n<p><b>Trong tr\u01b0\u1eddng h\u1ee3p x\u1ea3y ra r\u1ee7i ro v\u1ec1 th\u00f4ng tin, Phan Immigration x\u1eed l\u00fd nh\u01b0 sau:<\/b><\/p>\n<ul>\n<li><b>Th\u00f4ng b\u00e1o k\u1ecbp th\u1eddi:<\/b> Ch\u00fang t\u00f4i s\u1ebd th\u00f4ng b\u00e1o ngay cho qu\u00fd kh\u00e1ch n\u1ebfu ph\u00e1t hi\u1ec7n b\u1ea5t k\u1ef3 r\u1ee7i ro n\u00e0o li\u00ean quan \u0111\u1ebfn th\u00f4ng tin c\u00e1 nh\u00e2n c\u1ee7a qu\u00fd kh\u00e1ch.<\/li>\n<li><b>H\u1ed7 tr\u1ee3 kh\u1eafc ph\u1ee5c:<\/b> Phan Immigration h\u1ee3p t\u00e1c v\u1edbi qu\u00fd kh\u00e1ch kh\u1eafc ph\u1ee5c h\u1eadu qu\u1ea3 v\u00e0 gi\u1ea3m thi\u1ec3u thi\u1ec7t h\u1ea1i c\u00f3 th\u1ec3 x\u1ea3y ra.<\/li>\n<li><b>C\u1ea3i thi\u1ec7n h\u1ec7 th\u1ed1ng b\u1ea3o m\u1eadt:<\/b> Ch\u00fang t\u00f4i s\u1ebd ti\u1ebfn h\u00e0nh r\u00e0 so\u00e1t v\u00e0 c\u1ea3i thi\u1ec7n h\u1ec7 th\u1ed1ng b\u1ea3o m\u1eadt c\u1ee7a m\u00ecnh \u0111\u1ec3 ng\u0103n ch\u1eb7n c\u00e1c s\u1ef1 c\u1ed1 t\u01b0\u01a1ng t\u1ef1 x\u1ea3y ra trong t\u01b0\u01a1ng lai.<\/li>\n<\/ul>\n<p>Phan Immigration hi\u1ec3u r\u1eb1ng vi\u1ec7c chia s\u1ebb th\u00f4ng tin c\u00e1 nh\u00e2n l\u00e0 \u0111i\u1ec1u r\u1ea5t quan tr\u1ecdng. Ch\u00ednh v\u00ec v\u1eady, ch\u00fang t\u00f4i lu\u00f4n n\u1ed7 l\u1ef1c x\u00e2y d\u1ef1ng m\u1ed9t m\u00f4i tr\u01b0\u1eddng an to\u00e0n v\u00e0 b\u1ea3o m\u1eadt \u0111\u1ec3 b\u1ea3o v\u1ec7 quy\u1ec1n l\u1ee3i c\u1ee7a qu\u00fd kh\u00e1ch. Khi l\u1ef1a ch\u1ecdn d\u1ecbch v\u1ee5 c\u1ee7a ch\u00fang t\u00f4i, qu\u00fd kh\u00e1ch ho\u00e0n to\u00e0n c\u00f3 th\u1ec3 y\u00ean t\u00e2m v\u1ec1 s\u1ef1 b\u1ea3o m\u1eadt th\u00f4ng tin c\u1ee7a m\u00ecnh. H\u00e3y li\u00ean h\u1ec7 v\u1edbi ch\u00fang t\u00f4i ngay h\u00f4m nay \u0111\u1ec3 \u0111\u01b0\u1ee3c t\u01b0 v\u1ea5n mi\u1ec5n ph\u00ed!<\/p>\n<p><b>Phan Immigration &amp; Consulting<\/b><\/p>\n<p><b>Canada:<\/b><\/p>\n<ul>\n<li><b>\u0110\u1ecba ch\u1ec9:<\/b> Unit 700, 333 Bering Ave, Toronto, Ontario, M8Z 3A8, Canada<\/li>\n<li><b>Hotline:<\/b> +1 647-390-0912<\/li>\n<\/ul>\n<p><b>Vi\u1ec7t Nam:<\/b><\/p>\n<ul>\n<li><b>\u0110\u1ecba ch\u1ec9:<\/b> L\u1ea7u 8 &#8211; 147 Hai B\u00e0 Tr\u01b0ng, Qu\u1eadn 3, HCM, Vi\u1ec7t Nam<\/li>\n<li><b>Hotline:<\/b> 078 208 4466<\/li>\n<\/ul>\n","protected":false},"excerpt":{"rendered":"<p>Ch\u00ednh s\u00e1ch b\u1ea3o m\u1eadt c\u1ee7a Phan Immigration th\u1ec3 hi\u1ec7n cam k\u1ebft m\u1ea1nh m\u1ebd c\u1ee7a ch\u00fang t\u00f4i trong vi\u1ec7c b\u1ea3o v\u1ec7 th\u00f4ng tin c\u00e1 nh\u00e2n c\u1ee7a kh\u00e1ch h\u00e0ng. Ch\u00fang t\u00f4i tin r\u1eb1ng s\u1ef1 b\u1ea3o m\u1eadt l\u00e0 y\u1ebfu t\u1ed1 c\u1ed1t l\u00f5i \u0111\u1ec3 x\u00e2y d\u1ef1ng m\u1ed1i quan h\u1ec7 l\u00e2u d\u00e0i v\u1edbi kh\u00e1ch h\u00e0ng. V\u1edbi c\u00e1c bi\u1ec7n ph\u00e1p b\u1ea3o [&hellip;]<\/p>\n","protected":false},"author":6,"featured_media":16479,"parent":0,"menu_order":0,"comment_status":"closed","ping_status":"closed","template":"","meta":{"_acf_changed":false,"content-type":"","om_disable_all_campaigns":false,"_monsterinsights_skip_tracking":false,"_monsterinsights_sitenote_active":false,"_monsterinsights_sitenote_note":"","_monsterinsights_sitenote_category":0,"site-sidebar-layout":"default","site-content-layout":"","ast-site-content-layout":"default","site-content-style":"default","site-sidebar-style":"default","ast-global-header-display":"","ast-banner-title-visibility":"","ast-main-header-display":"","ast-hfb-above-header-display":"","ast-hfb-below-header-display":"","ast-hfb-mobile-header-display":"","site-post-title":"","ast-breadcrumbs-content":"","ast-featured-img":"","footer-sml-layout":"","ast-disable-related-posts":"","theme-transparent-header-meta":"default","adv-header-id-meta":"","stick-header-meta":"default","header-above-stick-meta":"","header-main-stick-meta":"","header-below-stick-meta":"","astra-migrate-meta-layouts":"set","ast-page-background-enabled":"default","ast-page-background-meta":{"desktop":{"background-color":"","background-image":"","background-repeat":"repeat","background-position":"center center","background-size":"auto","background-attachment":"scroll","background-type":"","background-media":"","overlay-type":"","overlay-color":"","overlay-opacity":"","overlay-gradient":""},"tablet":{"background-color":"","background-image":"","background-repeat":"repeat","background-position":"center center","background-size":"auto","background-attachment":"scroll","background-type":"","background-media":"","overlay-type":"","overlay-color":"","overlay-opacity":"","overlay-gradient":""},"mobile":{"background-color":"","background-image":"","background-repeat":"repeat","background-position":"center center","background-size":"auto","background-attachment":"scroll","background-type":"","background-media":"","overlay-type":"","overlay-color":"","overlay-opacity":"","overlay-gradient":""}},"ast-content-background-meta":{"desktop":{"background-color":"var(--ast-global-color-5)","background-image":"","background-repeat":"repeat","background-position":"center center","background-size":"auto","background-attachment":"scroll","background-type":"","background-media":"","overlay-type":"","overlay-color":"","overlay-opacity":"","overlay-gradient":""},"tablet":{"background-color":"var(--ast-global-color-5)","background-image":"","background-repeat":"repeat","background-position":"center center","background-size":"auto","background-attachment":"scroll","background-type":"","background-media":"","overlay-type":"","overlay-color":"","overlay-opacity":"","overlay-gradient":""},"mobile":{"background-color":"var(--ast-global-color-5)","background-image":"","background-repeat":"repeat","background-position":"center center","background-size":"auto","background-attachment":"scroll","background-type":"","background-media":"","overlay-type":"","overlay-color":"","overlay-opacity":"","overlay-gradient":""}},"footnotes":""},"class_list":["post-16474","page","type-page","status-publish","has-post-thumbnail","hentry"],"acf":[],"_links":{"self":[{"href":"https:\/\/phanimmigration.com\/vi\/wp-json\/wp\/v2\/pages\/16474","targetHints":{"allow":["GET"]}}],"collection":[{"href":"https:\/\/phanimmigration.com\/vi\/wp-json\/wp\/v2\/pages"}],"about":[{"href":"https:\/\/phanimmigration.com\/vi\/wp-json\/wp\/v2\/types\/page"}],"author":[{"embeddable":true,"href":"https:\/\/phanimmigration.com\/vi\/wp-json\/wp\/v2\/users\/6"}],"replies":[{"embeddable":true,"href":"https:\/\/phanimmigration.com\/vi\/wp-json\/wp\/v2\/comments?post=16474"}],"version-history":[{"count":1,"href":"https:\/\/phanimmigration.com\/vi\/wp-json\/wp\/v2\/pages\/16474\/revisions"}],"predecessor-version":[{"id":16497,"href":"https:\/\/phanimmigration.com\/vi\/wp-json\/wp\/v2\/pages\/16474\/revisions\/16497"}],"wp:featuredmedia":[{"embeddable":true,"href":"https:\/\/phanimmigration.com\/vi\/wp-json\/wp\/v2\/media\/16479"}],"wp:attachment":[{"href":"https:\/\/phanimmigration.com\/vi\/wp-json\/wp\/v2\/media?parent=16474"}],"curies":[{"name":"wp","href":"https:\/\/api.w.org\/{rel}","templated":true}]}}